{"id":97787,"date":"2016-01-10T12:33:45","date_gmt":"2016-01-10T12:33:45","guid":{"rendered":"http:\/\/edicionsdelpirata.cat\/?page_id=4198"},"modified":"2024-10-17T14:16:12","modified_gmt":"2024-10-17T14:16:12","slug":"comissari-llampec","status":"publish","type":"page","link":"https:\/\/www.editorialelpirata.com\/ca\/comissari-llampec\/","title":{"rendered":"Comissari Llampec"},"content":{"rendered":"<div class=\"wpb-content-wrapper\"><p>[vc_row][vc_column][vc_column_text uncode_shortcode_id=&#8221;151607&#8243;]Podr\u00e0s resoldre els casos que es troben als llibres de detectius en qu\u00e8 es trobi implicat el nostre amic, <strong>el<\/strong> <strong>Comissari Llampec<\/strong>?<\/p>\n<blockquote><p>Cada episodi \u00e9s un cas diferent que ell ha de solucionar i, al final de cadascun, hi ha una pregunta per veure si tu tamb\u00e9 ets capa\u00e7 de fer-ho. La resposta \u00e9s dins d\u2019una lupa per\u00f2 amb les lletres al rev\u00e9s.<\/p>\n<p><strong>Com ho podr\u00e0s llegir?<\/strong> Podr\u00e0s anar davant d&#8217;un mirall, llegir-ho a contrallum o, si ets molt h\u00e0bil, fins i tot ho podr\u00e0s llegir directament.<\/p><\/blockquote>\n<p>A la s\u00e8rie <strong>Comissari Llampec<\/strong> hi ha llibres per a <a href=\"https:\/\/www.editorialelpirata.com\/ca\/comissari-llampec-per-a-8-anys\/\" target=\"_blank\" rel=\"noopener\">8 anys<\/a> i per a partir de <a href=\"https:\/\/www.editorialelpirata.com\/ca\/comissari-llampec-a-partir-de-10-anys\/\" target=\"_blank\" rel=\"noopener\">10 anys<\/a>, segons el nivell de dificultat dels casos a resoldre.<\/p>\n<h4>El detectiu m\u00e9s enginy\u00f3s! L&#8217;ajudar\u00e0s a solucionar els casos?<\/h4>\n<p>https:\/\/youtu.be\/qk41u0bMvo4[\/vc_column_text][vc_column_text uncode_shortcode_id=&#8221;783472&#8243;]<strong><a href=\"https:\/\/www.editorialelpirata.com\/ca\/comissari-llampec-per-a-8-anys\/\" target=\"_blank\" rel=\"noopener\">Llibres a partir de 8 anys<\/a><\/strong>:<\/p>\n<p>[\/vc_column_text][uncode_index el_id=&#8221;index-799335&#8243; index_type=&#8221;carousel&#8221; loop=&#8221;size:4|order_by:rand|post_type:product|tax_query:2161|taxonomy_count:10&#8243; carousel_lg=&#8221;3&#8243; carousel_md=&#8221;3&#8243; carousel_sm=&#8221;1&#8243; gutter_size=&#8221;3&#8243; carousel_interval=&#8221;3000&#8243; carousel_navspeed=&#8221;400&#8243; stage_padding=&#8221;0&#8243; single_overlay_opacity=&#8221;50&#8243; single_padding=&#8221;2&#8243; uncode_shortcode_id=&#8221;134226&#8243;][vc_column_text uncode_shortcode_id=&#8221;121016&#8243;]<strong><a href=\"https:\/\/www.editorialelpirata.com\/ca\/comissari-llampec-a-partir-de-10-anys\/\" target=\"_blank\" rel=\"noopener\">Llibres a partir de 10 anys<\/a><\/strong>:<\/p>\n<p>&nbsp;<\/p>\n<p>[\/vc_column_text][uncode_index el_id=&#8221;index-7993359&#8243; index_type=&#8221;carousel&#8221; loop=&#8221;size:4|order_by:rand|post_type:product|tax_query:2169|taxonomy_count:10&#8243; carousel_lg=&#8221;3&#8243; carousel_md=&#8221;3&#8243; carousel_sm=&#8221;1&#8243; gutter_size=&#8221;3&#8243; carousel_interval=&#8221;3000&#8243; carousel_navspeed=&#8221;400&#8243; stage_padding=&#8221;0&#8243; single_overlay_opacity=&#8221;50&#8243; single_padding=&#8221;2&#8243; uncode_shortcode_id=&#8221;165639&#8243;][\/vc_column][\/vc_row]<\/p>\n<\/div>","protected":false},"excerpt":{"rendered":"<p>[vc_row][vc_column][vc_column_text uncode_shortcode_id=&#8221;151607&#8243;]Podr\u00e0s resoldre els casos que es troben als llibres de detectius en qu\u00e8 es trobi implicat el nostre amic, [&hellip;]<\/p>\n","protected":false},"author":26,"featured_media":100312,"parent":0,"menu_order":0,"comment_status":"closed","ping_status":"closed","template":"","meta":{"footnotes":""},"class_list":["post-97787","page","type-page","status-publish","has-post-thumbnail","hentry"],"_links":{"self":[{"href":"https:\/\/www.editorialelpirata.com\/ca\/wp-json\/wp\/v2\/pages\/97787","targetHints":{"allow":["GET"]}}],"collection":[{"href":"https:\/\/www.editorialelpirata.com\/ca\/wp-json\/wp\/v2\/pages"}],"about":[{"href":"https:\/\/www.editorialelpirata.com\/ca\/wp-json\/wp\/v2\/types\/page"}],"author":[{"embeddable":true,"href":"https:\/\/www.editorialelpirata.com\/ca\/wp-json\/wp\/v2\/users\/26"}],"replies":[{"embeddable":true,"href":"https:\/\/www.editorialelpirata.com\/ca\/wp-json\/wp\/v2\/comments?post=97787"}],"version-history":[{"count":4,"href":"https:\/\/www.editorialelpirata.com\/ca\/wp-json\/wp\/v2\/pages\/97787\/revisions"}],"predecessor-version":[{"id":100612,"href":"https:\/\/www.editorialelpirata.com\/ca\/wp-json\/wp\/v2\/pages\/97787\/revisions\/100612"}],"wp:featuredmedia":[{"embeddable":true,"href":"https:\/\/www.editorialelpirata.com\/ca\/wp-json\/wp\/v2\/media\/100312"}],"wp:attachment":[{"href":"https:\/\/www.editorialelpirata.com\/ca\/wp-json\/wp\/v2\/media?parent=97787"}],"curies":[{"name":"wp","href":"https:\/\/api.w.org\/{rel}","templated":true}]}}