{"id":97784,"date":"2016-01-07T18:40:51","date_gmt":"2016-01-07T18:40:51","guid":{"rendered":"http:\/\/edicionsdelpirata.cat\/?page_id=4080"},"modified":"2025-04-29T08:18:01","modified_gmt":"2025-04-29T08:18:01","slug":"llibres-6-anys-lletra-lligada","status":"publish","type":"page","link":"https:\/\/www.editorialelpirata.com\/ca\/llibres-6-anys-lletra-lligada\/","title":{"rendered":"Llibres en lletra lligada i lletra de pal"},"content":{"rendered":"<div class=\"wpb-content-wrapper\"><p>[vc_row][vc_column column_width_percent=&#8221;100&#8243; gutter_size=&#8221;3&#8243; overlay_alpha=&#8221;50&#8243; shift_x=&#8221;0&#8243; shift_y=&#8221;0&#8243; shift_y_down=&#8221;0&#8243; z_index=&#8221;0&#8243; medium_width=&#8221;0&#8243; mobile_width=&#8221;0&#8243;][vc_custom_heading heading_semantic=&#8221;h1&#8243; text_size=&#8221;h1&#8243; uncode_shortcode_id=&#8221;735549&#8243;]<\/p>\n<h1>Llibres en lletra lligada i lletra de pal per aprendre a llegir<\/h1>\n<p>[\/vc_custom_heading][vc_column_text uncode_shortcode_id=&#8221;160993&#8243;]<\/p>\n<h2>Contes per aprendre a llegir! Una col\u00b7lecci\u00f3 amb <strong>\u00a09 contes en lletra lligada i lletra de pal<\/strong> a la mateixa p\u00e0gina, per a facilitar l\u2019aprenentatge dels dos tipus de lletra.<\/h2>\n<blockquote><p><strong>\u00c9s una col\u00b7lecci\u00f3 ideal per comen\u00e7ar a llegir, que acompanya als nens en tot el proc\u00e9s. \u00c9s perfecta per escoles i biblioteques.<\/strong><\/p><\/blockquote>\n<p>[\/vc_column_text][uncode_index el_id=&#8221;index-114871&#8243; loop=&#8221;size:All|order_by:rand|post_type:product|tax_query:2118,2880,3043|taxonomy_count:10&#8243; screen_lg=&#8221;1000&#8243; screen_md=&#8221;600&#8243; screen_sm=&#8221;480&#8243; gutter_size=&#8221;3&#8243; product_items=&#8221;title,media|featured|onpost|original|hide-sale|inherit-atc|inherit-w-atc|show-atc,price|default&#8221; single_width=&#8221;3&#8243; single_overlay_opacity=&#8221;50&#8243; single_h_align=&#8221;center&#8221; single_padding=&#8221;2&#8243; uncode_shortcode_id=&#8221;211375&#8243;][vc_raw_html]JTNDaWZyYW1lJTIwd2lkdGglM0QlMjI0MDAlMjIlMjBoZWlnaHQlM0QlMjI2MDAlMjIlMjBzcmMlM0QlMjJodHRwcyUzQSUyRiUyRnd3dy55b3V0dWJlLmNvbSUyRmVtYmVkJTJGNDkwaWZ3dDlkcWslM0ZzaSUzRDd5d19ZZWRlWkpsVmFneGglMjIlMjB0aXRsZSUzRCUyMllvdVR1YmUlMjB2aWRlbyUyMHBsYXllciUyMiUyMGZyYW1lYm9yZGVyJTNEJTIyMCUyMiUyMGFsbG93JTNEJTIyYWNjZWxlcm9tZXRlciUzQiUyMGF1dG9wbGF5JTNCJTIwY2xpcGJvYXJkLXdyaXRlJTNCJTIwZW5jcnlwdGVkLW1lZGlhJTNCJTIwZ3lyb3Njb3BlJTNCJTIwcGljdHVyZS1pbi1waWN0dXJlJTNCJTIwd2ViLXNoYXJlJTIyJTIwcmVmZXJyZXJwb2xpY3klM0QlMjJzdHJpY3Qtb3JpZ2luLXdoZW4tY3Jvc3Mtb3JpZ2luJTIyJTIwYWxsb3dmdWxsc2NyZWVuJTNFJTNDJTJGaWZyYW1lJTNF[\/vc_raw_html][vc_column_text uncode_shortcode_id=&#8221;207215&#8243;]<\/p>\n<h4 style=\"text-align: center;\"><span style=\"color: #0000ff;\">CADA T\u00cdTOL INCREMENTA EL NIVELL LECTOR: EL PRIMER DE LA COL\u00b7LECCI\u00d3 \u00c9S EL M\u00c9S F\u00c0CIL I EL NIVELL VA EN INCREMENT FINS A ARRIBAR AL NOV\u00c8! N&#8217;APRENDR\u00c0S PROU PER A LLEGIR-TE FINS A L&#8217;\u00daLTIM CONTE?<\/span><\/h4>\n<p>&nbsp;<\/p>\n<p>L&#8217;ordre d&#8217;<strong>intensitat i complexitat en la lectura <\/strong>en la col\u00b7lecci\u00f3\u00a0\u00e9s el seg\u00fcent:<\/p>\n<ol>\n<li><a href=\"https:\/\/www.editorialelpirata.com\/ca\/producto\/en-bernat-bomber-aprendre-a-llegir\/\" target=\"_blank\" rel=\"noopener\">En Bernat bomber<\/a><\/li>\n<li><a href=\"https:\/\/www.editorialelpirata.com\/ca\/producto\/valent-aprendre-a-llegir\/\" target=\"_blank\" rel=\"noopener\">Valent<\/a><\/li>\n<li><a href=\"https:\/\/www.editorialelpirata.com\/ca\/producto\/petit-un-gra-de-sorra-eixerit\/\" target=\"_blank\" rel=\"noopener\">Petit, un gra de sorra eixerit<\/a><\/li>\n<li><a href=\"https:\/\/www.editorialelpirata.com\/ca\/producto\/el-drac-que-no-tenia-foc\/\" target=\"_blank\" rel=\"noopener\">El drac que no tenia foc<\/a><\/li>\n<li><a href=\"https:\/\/www.editorialelpirata.com\/ca\/producto\/simba-el-lleo\/\" target=\"_blank\" rel=\"noopener\">Simba, el lle\u00f3<\/a><\/li>\n<li><a href=\"https:\/\/www.editorialelpirata.com\/ca\/producto\/el-tresor-del-pirata\/\" target=\"_blank\" rel=\"noopener\">El tresor del pirata<\/a><\/li>\n<li><a href=\"https:\/\/www.editorialelpirata.com\/ca\/producto\/home-que-tenia-tres-cabells\/\" target=\"_blank\" rel=\"noopener\">L&#8217;home que tenia tres cabells<\/a><\/li>\n<li><a href=\"https:\/\/www.editorialelpirata.com\/ca\/producto\/el-cotxe-groc\/\" target=\"_blank\" rel=\"noopener\">El cotxe groc<\/a><\/li>\n<li><a href=\"https:\/\/www.editorialelpirata.com\/ca\/producto\/trompa-llarga\/\" target=\"_blank\" rel=\"noopener\">Trompa llarga<\/a><\/li>\n<\/ol>\n<p>&nbsp;<\/p>\n<blockquote>\n<h3>\u201cLa lletra manuscrita activa ambd\u00f3s hemisferis del cervell, a part d&#8217;un desenvolupament de l&#8217;os del carpi de la m\u00e0, un os lent d&#8217;activar. La lletra manuscrita i la mecanografia necessiten un major desenvolupament de l&#8217;os del carpi que \u00e9s necessari per escriure en lletra lligada\u201d.<\/h3>\n<p><strong>Neurofisi\u00f2loga Carla Hannaford<\/strong><\/p><\/blockquote>\n<p>&nbsp;<\/p>\n<p>Hi ha il\u00b7lustracions a tot color en tots i cadascun dels llibres. Estan dissenyats per als primers moments de lectura.<\/p>\n<p>Se&#8217;n diu&#8230;<\/p>\n<blockquote>\n<h4>\u201cCada p\u00e0gina t\u00e9 el text en maj\u00fascules i lletra lligada, cosa que ajuda a que els nens aprenguin a llegir\u201d.\u00a0 Antonio<\/h4>\n<h4>\u201cPerfectes per a nens que comencen a llegir\u201d. Leyre<\/h4>\n<\/blockquote>\n<p>[\/vc_column_text][vc_column_text uncode_shortcode_id=&#8221;259172&#8243;]<\/p>\n<h3 style=\"text-align: center;\">Els nou t\u00edtols amb la<a href=\"https:\/\/www.editorialelpirata.com\/ca\/producto\/aprendre-a-llegir-lletra-pal-lligada\/\" target=\"_blank\" rel=\"noopener\"> motxilla de regal<\/a> i a un preu especial si els compres de cop!<\/h3>\n<p>Podeu adquirir els nou contes de cop, amb descompte, i amb una motxilla de regal per a portar els contes. Gaudiu-los![\/vc_column_text][vc_raw_html]JTNDaWZyYW1lJTIwd2lkdGglM0QlMjI0MDAlMjIlMjBoZWlnaHQlM0QlMjI2MDAlMjIlMjBzcmMlM0QlMjJodHRwcyUzQSUyRiUyRnd3dy55b3V0dWJlLmNvbSUyRmVtYmVkJTJGLUdDTUEtbkFsOVUlM0ZzaSUzRGlFSGJfQ1BjVzdRQXB5MWYlMjIlMjB0aXRsZSUzRCUyMllvdVR1YmUlMjB2aWRlbyUyMHBsYXllciUyMiUyMGZyYW1lYm9yZGVyJTNEJTIyMCUyMiUyMGFsbG93JTNEJTIyYWNjZWxlcm9tZXRlciUzQiUyMGF1dG9wbGF5JTNCJTIwY2xpcGJvYXJkLXdyaXRlJTNCJTIwZW5jcnlwdGVkLW1lZGlhJTNCJTIwZ3lyb3Njb3BlJTNCJTIwcGljdHVyZS1pbi1waWN0dXJlJTNCJTIwd2ViLXNoYXJlJTIyJTIwcmVmZXJyZXJwb2xpY3klM0QlMjJzdHJpY3Qtb3JpZ2luLXdoZW4tY3Jvc3Mtb3JpZ2luJTIyJTIwYWxsb3dmdWxsc2NyZWVuJTNFJTNDJTJGaWZyYW1lJTNF[\/vc_raw_html][\/vc_column][\/vc_row][vc_row row_height_percent=&#8221;0&#8243; back_color=&#8221;color-gyho&#8221; overlay_alpha=&#8221;50&#8243; gutter_size=&#8221;3&#8243; column_width_percent=&#8221;100&#8243; shift_y=&#8221;0&#8243; z_index=&#8221;0&#8243;][vc_column width=&#8221;1\/1&#8243;][vc_column_text uncode_shortcode_id=&#8221;236081&#8243;]DESCOBREIX TAMB\u00c9:<\/p>\n<p>&nbsp;<\/p>\n<p>[\/vc_column_text][vc_row_inner][vc_column_inner width=&#8221;1\/2&#8243;][vc_button border_width=&#8221;0&#8243; link=&#8221;url:https%3A%2F%2Fwww.editorialelpirata.com%2Fca%2Flletra-lligada-per-pintar%2F|title:Contes%20en%20lletra%20lligada%20i%20d%E2%80%99impremta%20per%20pintar|target:_blank&#8221; uncode_shortcode_id=&#8221;186271&#8243;]Llibres en lletra d&#8217;impremta i lligada per pintar[\/vc_button][\/vc_column_inner][vc_column_inner width=&#8221;1\/2&#8243;][vc_button border_width=&#8221;0&#8243; link=&#8221;url:https%3A%2F%2Fwww.editorialelpirata.com%2Fca%2Fcol%25c2%25b7leccio-el-drac-pasqual-descobreix-el-mon%2F|title:Col%C2%B7lecci%C3%B3%20El%20drac%20Pasqual%20descobreix%20el%20m%C3%B3n|target:_blank&#8221; uncode_shortcode_id=&#8221;167809&#8243;]Llibres en lletra lligada per descobrir el m\u00f3n[\/vc_button][\/vc_column_inner][\/vc_row_inner][\/vc_column][\/vc_row]<\/p>\n<\/div>","protected":false},"excerpt":{"rendered":"<p>[vc_row][vc_column column_width_percent=&#8221;100&#8243; gutter_size=&#8221;3&#8243; overlay_alpha=&#8221;50&#8243; shift_x=&#8221;0&#8243; shift_y=&#8221;0&#8243; shift_y_down=&#8221;0&#8243; z_index=&#8221;0&#8243; medium_width=&#8221;0&#8243; mobile_width=&#8221;0&#8243;][vc_custom_heading heading_semantic=&#8221;h1&#8243; text_size=&#8221;h1&#8243; uncode_shortcode_id=&#8221;735549&#8243;] Llibres en lletra lligada i lletra de [&hellip;]<\/p>\n","protected":false},"author":26,"featured_media":0,"parent":0,"menu_order":0,"comment_status":"closed","ping_status":"closed","template":"","meta":{"footnotes":""},"class_list":["post-97784","page","type-page","status-publish","hentry"],"_links":{"self":[{"href":"https:\/\/www.editorialelpirata.com\/ca\/wp-json\/wp\/v2\/pages\/97784","targetHints":{"allow":["GET"]}}],"collection":[{"href":"https:\/\/www.editorialelpirata.com\/ca\/wp-json\/wp\/v2\/pages"}],"about":[{"href":"https:\/\/www.editorialelpirata.com\/ca\/wp-json\/wp\/v2\/types\/page"}],"author":[{"embeddable":true,"href":"https:\/\/www.editorialelpirata.com\/ca\/wp-json\/wp\/v2\/users\/26"}],"replies":[{"embeddable":true,"href":"https:\/\/www.editorialelpirata.com\/ca\/wp-json\/wp\/v2\/comments?post=97784"}],"version-history":[{"count":8,"href":"https:\/\/www.editorialelpirata.com\/ca\/wp-json\/wp\/v2\/pages\/97784\/revisions"}],"predecessor-version":[{"id":103326,"href":"https:\/\/www.editorialelpirata.com\/ca\/wp-json\/wp\/v2\/pages\/97784\/revisions\/103326"}],"wp:attachment":[{"href":"https:\/\/www.editorialelpirata.com\/ca\/wp-json\/wp\/v2\/media?parent=97784"}],"curies":[{"name":"wp","href":"https:\/\/api.w.org\/{rel}","templated":true}]}}