{"id":97783,"date":"2016-01-07T18:06:35","date_gmt":"2016-01-07T18:06:35","guid":{"rendered":"http:\/\/edicionsdelpirata.cat\/?page_id=4062"},"modified":"2026-01-15T12:53:05","modified_gmt":"2026-01-15T12:53:05","slug":"comissari-llampec-a-partir-de-10-anys","status":"publish","type":"page","link":"https:\/\/www.editorialelpirata.com\/ca\/comissari-llampec-a-partir-de-10-anys\/","title":{"rendered":"Comissari Llampec per a 10 anys"},"content":{"rendered":"<div class=\"wpb-content-wrapper\"><p>[vc_row][vc_column][vc_custom_heading uncode_shortcode_id=&#8221;120088&#8243;]<\/p>\n<h1 style=\"text-align: center;\">Llibres a partir dels 10 anys<\/h1>\n<h2>Comissari Llampec &#8211; Llibres de detectius<\/h2>\n<p>[\/vc_custom_heading][vc_column_text]Descobreix els llibres de detectius del Comissari Llampec. Podr\u00e0s resoldre els casos en que es trobi implicat el nostre amic <strong>Comissari Llampec<\/strong>? Podr\u00e0s esbrinar qui \u00e9s el bergant?<\/p>\n<p>[\/vc_column_text][uncode_index el_id=&#8221;index-218480&#8243; loop=&#8221;size:All|order_by:rand|order:ASC|post_type:product|tax_query:2169|taxonomy_count:10&#8243; screen_lg=&#8221;1000&#8243; screen_md=&#8221;600&#8243; screen_sm=&#8221;480&#8243; gutter_size=&#8221;3&#8243; product_items=&#8221;title,media|featured|onpost|original|hide-sale|inherit-atc|inherit-w-atc|atc-typo-default|show-atc,link|default|default_size|scale_mobile|M\u00e9s informaci\u00f3&#8221; single_width=&#8221;3&#8243; single_overlay_opacity=&#8221;50&#8243; single_h_align=&#8221;center&#8221; single_padding=&#8221;2&#8243; uncode_shortcode_id=&#8221;143810&#8243;][vc_empty_space][\/vc_column][\/vc_row][vc_row][vc_column width=&#8221;2\/3&#8243;][vc_empty_space][vc_column_text uncode_shortcode_id=&#8221;123077&#8243;]<\/p>\n<blockquote><p>Al final del cas es planteja una pregunta per a resoldre el cas.<br \/>\nLa soluci\u00f3 la trobarem dins\u00a0d&#8217;una\u00a0<strong>lupa<\/strong>\u00a0<strong>amb les lletres al rev\u00e9s<\/strong>!<br \/>\nHo podr\u00e0s llegir directament o haur\u00e0s d&#8217;anar davant d&#8217;un mirall?<\/p><\/blockquote>\n<p>[\/vc_column_text][\/vc_column][vc_column width=&#8221;1\/3&#8243;][vc_single_image media=&#8221;100361&#8243; media_width_percent=&#8221;100&#8243; uncode_shortcode_id=&#8221;669036&#8243;][\/vc_column][\/vc_row][vc_row][vc_column width=&#8221;1\/1&#8243;][vc_empty_space][vc_column_text uncode_shortcode_id=&#8221;170500&#8243;]La s\u00e8rie tamb\u00e9 t\u00e9 llibres per <b><a href=\"https:\/\/www.editorialelpirata.com\/ca\/comissari-llampec-8-anys\/\" target=\"_blank\" rel=\"noopener\">a partir de 8\u00a0anys<\/a>, <\/b>amb<b> casos,\u00a0<\/b>una mica m\u00e9s senzills,<b> per a resoldre.<\/b><\/p>\n<h4>El comissari i detectiu m\u00e9s enginy\u00f3s! L&#8217;ajudar\u00e0s a resoldre els casos?<\/h4>\n<p><strong>Llibres a partir de 8 anys<\/strong>, hi ha els seg\u00fcents t\u00edtols:[\/vc_column_text][uncode_index el_id=&#8221;index-21847980&#8243; index_type=&#8221;carousel&#8221; loop=&#8221;size:All|order_by:rand|order:ASC|post_type:product|tax_query:2161|taxonomy_count:10&#8243; carousel_lg=&#8221;4&#8243; carousel_md=&#8221;4&#8243; carousel_sm=&#8221;1&#8243; gutter_size=&#8221;3&#8243; product_items=&#8221;title,media|featured|onpost|original|hide-sale|inherit-atc|inherit-w-atc|atc-typo-default|show-atc,link|default|default_size|scale_mobile|M\u00e9s informaci\u00f3&#8221; carousel_interval=&#8221;10000&#8243; carousel_navspeed=&#8221;1000&#8243; carousel_nav=&#8221;yes&#8221; carousel_nav_mobile=&#8221;yes&#8221; carousel_dots=&#8221;yes&#8221; carousel_dots_mobile=&#8221;yes&#8221; stage_padding=&#8221;0&#8243; single_overlay_opacity=&#8221;50&#8243; single_h_align=&#8221;center&#8221; single_padding=&#8221;2&#8243; uncode_shortcode_id=&#8221;159683&#8243;][\/vc_column][\/vc_row]<\/p>\n<\/div>","protected":false},"excerpt":{"rendered":"<p>[vc_row][vc_column][vc_custom_heading uncode_shortcode_id=&#8221;120088&#8243;] Llibres a partir dels 10 anys Comissari Llampec &#8211; Llibres de detectius [\/vc_custom_heading][vc_column_text]Descobreix els llibres de detectius del [&hellip;]<\/p>\n","protected":false},"author":26,"featured_media":0,"parent":0,"menu_order":0,"comment_status":"closed","ping_status":"closed","template":"","meta":{"footnotes":""},"class_list":["post-97783","page","type-page","status-publish","hentry"],"_links":{"self":[{"href":"https:\/\/www.editorialelpirata.com\/ca\/wp-json\/wp\/v2\/pages\/97783","targetHints":{"allow":["GET"]}}],"collection":[{"href":"https:\/\/www.editorialelpirata.com\/ca\/wp-json\/wp\/v2\/pages"}],"about":[{"href":"https:\/\/www.editorialelpirata.com\/ca\/wp-json\/wp\/v2\/types\/page"}],"author":[{"embeddable":true,"href":"https:\/\/www.editorialelpirata.com\/ca\/wp-json\/wp\/v2\/users\/26"}],"replies":[{"embeddable":true,"href":"https:\/\/www.editorialelpirata.com\/ca\/wp-json\/wp\/v2\/comments?post=97783"}],"version-history":[{"count":5,"href":"https:\/\/www.editorialelpirata.com\/ca\/wp-json\/wp\/v2\/pages\/97783\/revisions"}],"predecessor-version":[{"id":105695,"href":"https:\/\/www.editorialelpirata.com\/ca\/wp-json\/wp\/v2\/pages\/97783\/revisions\/105695"}],"wp:attachment":[{"href":"https:\/\/www.editorialelpirata.com\/ca\/wp-json\/wp\/v2\/media?parent=97783"}],"curies":[{"name":"wp","href":"https:\/\/api.w.org\/{rel}","templated":true}]}}