{"id":97781,"date":"2016-01-02T17:14:29","date_gmt":"2016-01-02T17:14:29","guid":{"rendered":"http:\/\/edicionsdelpirata.cat\/?page_id=3786"},"modified":"2025-04-29T11:30:42","modified_gmt":"2025-04-29T11:30:42","slug":"contacte-editorial-infantil-juvenil","status":"publish","type":"page","link":"https:\/\/www.editorialelpirata.com\/ca\/contacte-editorial-infantil-juvenil\/","title":{"rendered":"Contacte editorial infantil i juvenil en catal\u00e0"},"content":{"rendered":"<div class=\"wpb-content-wrapper\"><p>[vc_row][vc_column column_width_percent=&#8221;100&#8243; align_horizontal=&#8221;align_center&#8221; gutter_size=&#8221;3&#8243; overlay_alpha=&#8221;50&#8243; shift_x=&#8221;0&#8243; shift_y=&#8221;0&#8243; shift_y_down=&#8221;0&#8243; z_index=&#8221;0&#8243; medium_width=&#8221;0&#8243; mobile_width=&#8221;0&#8243; width=&#8221;1\/1&#8243;][vc_column_text uncode_shortcode_id=&#8221;917266&#8243;]<\/p>\n<h1>Contacte amb nosaltres:<\/h1>\n<h2>Per contactar directament amb l\u2019editorial, ho pots fer a trav\u00e9s del:<\/h2>\n<h3><strong><a href=\"tel:+34930940641\">Tel. 93 094 06 41<\/a><\/strong><\/h3>\n<h3><a href=\"mailto:info@editorialelpirata.com\" target=\"_blank\" rel=\"noopener\">info@editorialelpirata.com<\/a><\/h3>\n<p>[\/vc_column_text][uncode_socials size=&#8221;lead&#8221;][vc_separator sep_color=&#8221;,Default&#8221;][\/vc_column][\/vc_row][vc_row][vc_column][vc_column_text uncode_shortcode_id=&#8221;167769&#8243;]<\/p>\n<h3><strong>Compra de llibres en l\u00ednia:<\/strong><\/h3>\n<p>Per a comprar els llibres heu de pitjar el bot\u00f3\u00a0<b data-stringify-type=\"bold\">afegir a la cistella<\/b>\u00a0per al llibre que us interessi. Si el producte t\u00e9 m\u00e9s d\u2019una opci\u00f3 o b\u00e9 de format o d\u2019idioma, haureu d\u2019escollir pr\u00e8viament quina \u00e9s la que desitgeu.<br \/>\nAutom\u00e0ticament s\u2019afegir\u00e0 a la cistella de compra. Per finalitzar la compra, simplement heu d\u2019anar a\u00a0<b data-stringify-type=\"bold\">veure la cistella\u00a0<\/b>i seguir la resta de passos del proc\u00e9s de compra. L\u2019enviament \u00e9s gratu\u00eft a partir de 12,95\u202f\u20ac i amb un cost de 6\u202f\u20ac per quantitats inferiors. El temps de l\u2019enviament de les comandes va de 3-4 dies h\u00e0bils, sempre depenent de la companyia d\u2019enviaments externs, en \u00e8poques de Nadal i estiu pot ser m\u00e9s llarg. Per veure la pol\u00edtica de devolucions i de compres seguiu aquest <a class=\"c-link\" href=\"https:\/\/www.editorialelpirata.com\/ca\/politica-de-devolucions\/\" target=\"_blank\" rel=\"noopener\" data-stringify-link=\"https:\/\/edicionsdelpirata.cat\/politica-de-devolucions\/\" data-sk=\"tooltip_parent\">enlla\u00e7<\/a>.<br \/>\nLes dades personals aportades en el proc\u00e9s de compra mitjan\u00e7ant els formularis, s\u00f3n exclusius pel proc\u00e9s de compra i no s\u2019utilitzen per cap altre fi.<br \/>\nEl pagament sempre \u00e9s extern al domini <a href=\"https:\/\/www.editorialelpirata.com\/\">www.editorialelpirata.com<\/a>\u00a0i hi ha una derivaci\u00f3 cap a la p\u00e0gina de l\u2019entitat banc\u00e0ria o plataforma de pagament.<br \/>\nEl domini <a href=\"https:\/\/www.editorialelpirata.com\/\" target=\"_blank\" rel=\"noopener\">www.editorialelpirata.com<\/a> est\u00e0 protegit amb un\u00a0<b data-stringify-type=\"bold\">certificat de seguretat SSL<\/b>\u00a0actualitzat, que garanteix una protecci\u00f3 de la web i de totes les dades aportades pels usuaris.<\/p>\n<hr \/>\n<h3><strong>Comandes d&#8217;escoles:\u00a0<\/strong><\/h3>\n<p>Podeu contactar directament amb l&#8217;editorial a trav\u00e9s del formulari d&#8217;aquesta p\u00e0gina o a trav\u00e9s de:<\/p>\n<p><a href=\"mailto:escoles@editorialelpirata.com\" target=\"_blank\" rel=\"noopener\">escoles@editorialelpirata.com<\/a><\/p>\n<hr \/>\n<h3><strong>Manuscrits:\u00a0<\/strong><\/h3>\n<p>Actualment, no tenim els mitjans per atendre nous manuscrits. Disculpeu les mol\u00e8sties.[\/vc_column_text][vc_separator sep_color=&#8221;,Default&#8221;][\/vc_column][\/vc_row][vc_row][vc_column width=&#8221;1\/2&#8243;][vc_separator sep_color=&#8221;,Default&#8221;][vc_column_text uncode_shortcode_id=&#8221;189735&#8243;]<\/p>\n<h2><strong>Distribuci\u00f3:<\/strong><\/h2>\n<h4>Espa\u00f1a:<\/h4>\n<p>Les Punxes Distribu\u00efdora, S.L.<br \/>\nc\/ Sardenya, 75-81<br \/>\n08018 BARCELONA<br \/>\nTel. 93 485 63 10<br \/>\nE-mail: <a href=\"mailto:punxes@punxes.es\"><u>punxes@punxes.es<\/u><\/a><\/p>\n<p>&nbsp;<\/p>\n<h4>Argentina:<\/h4>\n<p><a href=\"https:\/\/dnxlibros.com\/\" target=\"_blank\" rel=\"noopener\"><strong>Editorial del Nuevo Extremo<\/strong><\/a><\/p>\n<p>CALLE CNEL, Charlone 1351, C1427 BYA, Buenos Aires<\/p>\n<p><a href=\"mailto:info@dnxlibros.com\">info@dnxlibros.com<\/a><\/p>\n<h4>Tel. +54 11 55841008<\/h4>\n<p>&nbsp;<\/p>\n<h4>Colombia:<\/h4>\n<p><strong>Ediciones dial\u00e9ctica MyM<\/strong><br \/>\n<a href=\"mailto:t4lmarthapulido@gmail.com\">t4lmarthapulido@gmail.com<\/a><\/p>\n<p>&nbsp;<\/p>\n<h4>Chile:<\/h4>\n<p><strong><a href=\"https:\/\/catalonia.cl\/\" target=\"_blank\" rel=\"noopener\">Editorial Catalonia<\/a><br \/>\n<\/strong>Santa Isabel 1235, Providencia. Santiago de Chile.<strong><br \/>\n<\/strong><strong><a href=\"mailto:contacto@catalonia.cl\">contacto@catalonia.cl<\/a><\/strong><\/p>\n<h4><strong>Tel. (56-2) 22099407<\/strong><\/h4>\n<p>&nbsp;<\/p>\n<h4>Ecuador:<\/h4>\n<p><a href=\"https:\/\/www.oceano.com.ec\/\" target=\"_blank\" rel=\"noopener\"><strong>Editorial Oc\u00e9ano Ecuatoriana S.A.<\/strong><\/a><br \/>\n84 y R\u00edo Coca<br \/>\nEmail:<a href=\"mailto:info@oceano.com.ec\" target=\"_blank\" rel=\"noopener\">info@oceano.com.ec<\/a><br \/>\nPRENSA Denise :<a href=\"mailto:denise_h@oceano.com.ec\" target=\"_blank\" rel=\"noopener\">\u00a0denise_h@oceano.com.ec<\/a><\/p>\n<h4>Tel. (02) 224-5800<\/h4>\n<p>&nbsp;<\/p>\n<h4>M\u00e9xico:<\/h4>\n<p><strong>Distribuidora Mar\u00edn<\/strong><br \/>\n<a href=\"mailto:ventas@distribuidoramarin.com\">ventas@distribuidoramarin.com<\/a><\/p>\n<p>&nbsp;<\/p>\n<h4>Nicaragua:<\/h4>\n<p><strong><a href=\"https:\/\/www.oceano.com\/\" target=\"_blank\" rel=\"noopener\">Grupo Oceano<\/a><\/strong><br \/>\n<a href=\"mailto:jperez@oceano.com\">jperez@oceano.com<\/a><\/p>\n<h4><\/h4>\n<p>[\/vc_column_text][\/vc_column][vc_column width=&#8221;1\/2&#8243;][vc_separator sep_color=&#8221;,Default&#8221;][vc_column_text uncode_shortcode_id=&#8221;124529&#8243;]<\/p>\n<h4>Panam\u00e0:<\/h4>\n<p><a href=\"http:\/\/www.oceanopanama.com\" target=\"_blank\" rel=\"noopener\"><strong>Editorial Oceano\u00a0<\/strong><\/a><br \/>\nDirecci\u00f3n\u00a0 Panam\u00e1 Viejo Business Center Galera G14A<br \/>\nContacto:\u00a0Ingrid D\u00edaz<\/p>\n<p>Email: oceanopanama@oceanopanama.com<\/p>\n<h4>Tel.\u00a0\u00a02616808<\/h4>\n<p>&nbsp;<\/p>\n<h4>Puerto Rico:<\/h4>\n<p><a href=\"http:\/\/www.msbookspr.com\" target=\"_blank\" rel=\"noopener\"><strong>MS Books<\/strong><\/a><br \/>\nAve. Winston Churchill 139<br \/>\nSan Juan, PR 00926<br \/>\n<a href=\"mailto:maritzabooks@gmail.com\">maritzabooks@gmail.com\u00a0<\/a><br \/>\nRRSS: @msbookspr<\/p>\n<h4>Tel: (787) 344-2964<\/h4>\n<h4><\/h4>\n<h4>Per\u00fa:<\/h4>\n<h3><strong>HIPATIA LIBROS SAC<\/strong><\/h3>\n<p>Direcci\u00f3n:\u00a0Calle 77- Mz LL Lote 13- Ciudad de los constructores- SJL<\/p>\n<p>Email: administracion@hipatialibros.com<\/p>\n<p><i class=\"fa fa-mobile\"><\/i>Tel. (+51) 745-5013<\/p>\n<p>&nbsp;<\/p>\n<h4>Rep\u00fablica Dominicana:<\/h4>\n<h3><b data-stringify-type=\"bold\">Editorial Cosme Pe\u00f1a, SRL.<\/b><\/h3>\n<p>Cosme A. Pe\u00f1a<br \/>\nCalle Francisco Henr\u00edquez y Carvajal 327<br \/>\nSanto Domingo, D.N.<\/p>\n<p><a class=\"c-link\" href=\"mailto:cosme@3cprint.com\" target=\"_blank\" rel=\"noopener noreferrer\" data-stringify-link=\"mailto:cosme@3cprint.com\" data-sk=\"tooltip_parent\" aria-haspopup=\"menu\" aria-expanded=\"false\">cosme@3cprint.com<\/a><\/p>\n<h4>Tel.\u00a0809 538 4648\u00a0\/ 829<\/h4>\n<p>&nbsp;<\/p>\n<h4>Uruguay:<\/h4>\n<h3><a href=\"http:\/\/www.libreriaamericalatina.com\" target=\"_blank\" rel=\"noopener\">Librer\u00eda Am\u00e9rica Latina<\/a><\/h3>\n<p>CP 11200<br \/>\nMontevideo \u2013 Uruguay<br \/>\n<a href=\"mailto:libreria@libreriaamericalatina.com\" target=\"_blank\" rel=\"noopener\">libreria@libreriaamericalatina.com<\/a><\/p>\n<h4>Tel. (5982) 2401 5127 \/ 2409 5536<br \/>\nCel. Contadur\u00eda (598) 94274674<\/h4>\n<p>&nbsp;<\/p>\n<h4>USA\/Canada\/UK:<\/h4>\n<h3><a href=\"https:\/\/www.ipgbook.com\/\" target=\"_blank\" rel=\"noopener\"><strong>Independent Publishers Group<\/strong><\/a><\/h3>\n<p>814 N. Franklin St.<br \/>\nChicago, IL<br \/>\n60610<\/p>\n<h4>Tel. (800) 888-4741<br \/>\nFax\u00a0 (312) 337-5985<\/h4>\n<h3><\/h3>\n<h3>Resto de pa\u00edses:<\/h3>\n<h3><a href=\"https:\/\/lapanoplia.com\/\" target=\"_blank\" rel=\"noopener\"><strong>La Panoplia Export<\/strong><\/a><\/h3>\n<p>C\/Ulises, 65<br \/>\n28043 MADRID<br \/>\n<a href=\"mailto:secretaria@lapanoplia.com\">secretaria@lapanoplia.com<\/a><\/p>\n<h4>Tel. 91 3004390<\/h4>\n<p>[\/vc_column_text][\/vc_column][\/vc_row]<\/p>\n<\/div>","protected":false},"excerpt":{"rendered":"<p>[vc_row][vc_column column_width_percent=&#8221;100&#8243; align_horizontal=&#8221;align_center&#8221; gutter_size=&#8221;3&#8243; overlay_alpha=&#8221;50&#8243; shift_x=&#8221;0&#8243; shift_y=&#8221;0&#8243; shift_y_down=&#8221;0&#8243; z_index=&#8221;0&#8243; medium_width=&#8221;0&#8243; mobile_width=&#8221;0&#8243; width=&#8221;1\/1&#8243;][vc_column_text uncode_shortcode_id=&#8221;917266&#8243;] Contacte amb nosaltres: Per contactar directament amb [&hellip;]<\/p>\n","protected":false},"author":26,"featured_media":87339,"parent":0,"menu_order":0,"comment_status":"closed","ping_status":"closed","template":"","meta":{"footnotes":""},"class_list":["post-97781","page","type-page","status-publish","has-post-thumbnail","hentry"],"_links":{"self":[{"href":"https:\/\/www.editorialelpirata.com\/ca\/wp-json\/wp\/v2\/pages\/97781","targetHints":{"allow":["GET"]}}],"collection":[{"href":"https:\/\/www.editorialelpirata.com\/ca\/wp-json\/wp\/v2\/pages"}],"about":[{"href":"https:\/\/www.editorialelpirata.com\/ca\/wp-json\/wp\/v2\/types\/page"}],"author":[{"embeddable":true,"href":"https:\/\/www.editorialelpirata.com\/ca\/wp-json\/wp\/v2\/users\/26"}],"replies":[{"embeddable":true,"href":"https:\/\/www.editorialelpirata.com\/ca\/wp-json\/wp\/v2\/comments?post=97781"}],"version-history":[{"count":11,"href":"https:\/\/www.editorialelpirata.com\/ca\/wp-json\/wp\/v2\/pages\/97781\/revisions"}],"predecessor-version":[{"id":100551,"href":"https:\/\/www.editorialelpirata.com\/ca\/wp-json\/wp\/v2\/pages\/97781\/revisions\/100551"}],"wp:featuredmedia":[{"embeddable":true,"href":"https:\/\/www.editorialelpirata.com\/ca\/wp-json\/"}],"wp:attachment":[{"href":"https:\/\/www.editorialelpirata.com\/ca\/wp-json\/wp\/v2\/media?parent=97781"}],"curies":[{"name":"wp","href":"https:\/\/api.w.org\/{rel}","templated":true}]}}