{"id":91807,"date":"2023-06-27T14:37:46","date_gmt":"2023-06-27T14:37:46","guid":{"rendered":"https:\/\/www.edicionsdelpirata.cat\/?page_id=91807"},"modified":"2025-01-05T22:29:22","modified_gmt":"2025-01-05T22:29:22","slug":"test-legions-roma","status":"publish","type":"page","link":"https:\/\/www.editorialelpirata.com\/ca\/test-legions-roma\/","title":{"rendered":"Test Les legions de Roma"},"content":{"rendered":"<div class=\"wpb-content-wrapper\"><p>[vc_row][vc_column width=&#8221;1\/1&#8243;][vc_column_text uncode_shortcode_id=&#8221;653428&#8243;]<\/p>\n<h3>I tu, vols ser un Explorador del Temps?<\/h3>\n<p>Una vegada acabat el llibre, supera el\u00a0<strong>test dels exploradors<\/strong>\u00a0i podr\u00e0s aconseguir l\u2019objecte que s\u2019ha recuperat en cada llibre de la saga. Enganxa\u2019l al\u00a0<strong>p\u00f2ster de la col\u00b7lecci\u00f3!\u00a0<\/strong>Podr\u00e0s aconseguir tots els objectes perduts en el temps?<\/p>\n<p>Si superes el test, tamb\u00e9 et podr\u00e0s descarregar un fragment digital d\u2019un dels llibres de la\u00a0<strong>col\u00b7lecci\u00f3\u00a0<\/strong>\u00ab<a href=\"https:\/\/www.editorialelpirata.com\/ca\/historia-per-a-nens\/\" target=\"_blank\" rel=\"noopener\">historia ilustrada, historia per a nens, historia per a joves<\/a>\u00bb. Apr\u00e8n m\u00e9s sobre cada civilitzaci\u00f3 i converteix-te en un crack de la hist\u00f2ria![\/vc_column_text][\/vc_column][\/vc_row][vc_row][vc_column width=&#8221;1\/1&#8243;][vc_raw_html]JTNDZGl2JTIwY2xhc3MlM0QlMjJmeXJlYm94X3F1aXolMjIlMjBkYXRhLWdpZCUzRCUyMjJEbzZCMEtEZyUyMiUyMGRhdGEtb2lkJTNEJTIyT2dBUERwM21SJTIyJTIwJTJGJTNFJTNDJTJGZGl2JTNFJTNDc2NyaXB0JTIwc3JjJTNEJTIyaHR0cHMlM0ElMkYlMkZ3d3cuZnlyZWJveC5jb20lMkZqYXZhc2NyaXB0cyUyRmZ5cmVib3gubWluLmpzJTNGMiUyMiUyMGRlZmVyJTNEJTIyZGVmZXIlMjIlMjBhc3luYyUzRSUzQyUyRnNjcmlwdCUzRQ==[\/vc_raw_html][\/vc_column][\/vc_row]<\/p>\n<\/div>","protected":false},"excerpt":{"rendered":"<p>[vc_row][vc_column width=&#8221;1\/1&#8243;][vc_column_text uncode_shortcode_id=&#8221;653428&#8243;] I tu, vols ser un Explorador del Temps? Una vegada acabat el llibre, supera el\u00a0test dels exploradors\u00a0i [&hellip;]<\/p>\n","protected":false},"author":28,"featured_media":0,"parent":0,"menu_order":0,"comment_status":"closed","ping_status":"closed","template":"","meta":{"footnotes":""},"class_list":["post-91807","page","type-page","status-publish","hentry"],"_links":{"self":[{"href":"https:\/\/www.editorialelpirata.com\/ca\/wp-json\/wp\/v2\/pages\/91807","targetHints":{"allow":["GET"]}}],"collection":[{"href":"https:\/\/www.editorialelpirata.com\/ca\/wp-json\/wp\/v2\/pages"}],"about":[{"href":"https:\/\/www.editorialelpirata.com\/ca\/wp-json\/wp\/v2\/types\/page"}],"author":[{"embeddable":true,"href":"https:\/\/www.editorialelpirata.com\/ca\/wp-json\/wp\/v2\/users\/28"}],"replies":[{"embeddable":true,"href":"https:\/\/www.editorialelpirata.com\/ca\/wp-json\/wp\/v2\/comments?post=91807"}],"version-history":[{"count":3,"href":"https:\/\/www.editorialelpirata.com\/ca\/wp-json\/wp\/v2\/pages\/91807\/revisions"}],"predecessor-version":[{"id":102205,"href":"https:\/\/www.editorialelpirata.com\/ca\/wp-json\/wp\/v2\/pages\/91807\/revisions\/102205"}],"wp:attachment":[{"href":"https:\/\/www.editorialelpirata.com\/ca\/wp-json\/wp\/v2\/media?parent=91807"}],"curies":[{"name":"wp","href":"https:\/\/api.w.org\/{rel}","templated":true}]}}