{"id":91483,"date":"2022-12-04T15:19:04","date_gmt":"2022-12-04T15:19:04","guid":{"rendered":"https:\/\/www.edicionsdelpirata.cat\/?page_id=91483"},"modified":"2025-01-05T22:28:17","modified_gmt":"2025-01-05T22:28:17","slug":"solucionari-llibre-aventurers","status":"publish","type":"page","link":"https:\/\/www.editorialelpirata.com\/ca\/solucionari-llibre-aventurers\/","title":{"rendered":"SOLUCIONARI &#8220;EL GRAN LLIBRE JOC DELS AVENTURERS&#8221;"},"content":{"rendered":"<div class=\"wpb-content-wrapper\"><p>[vc_row][vc_column width=&#8221;1\/1&#8243;][vc_custom_heading uncode_shortcode_id=&#8221;990931&#8243;]<\/p>\n<h1 class=\"post-title\">SOLUCIONARI \u201cEL GRAN LLIBRE JOC DELS AVENTURERS\u201d<\/h1>\n<p>[\/vc_custom_heading][\/vc_column][\/vc_row][vc_row][vc_column width=&#8221;1\/1&#8243;][vc_column_text uncode_shortcode_id=&#8221;574698&#8243;]T&#8217;ha agradat <a href=\"https:\/\/www.editorialelpirata.com\/ca\/producte\/el-gran-llibre-joc-dels-aventurers\/\" target=\"_blank\" rel=\"noopener\"><em><strong>El gran llibre joc dels aventurers<\/strong><\/em><\/a>? Doncs aqu\u00ed trobar\u00e0s totes les <strong>solucions<\/strong> per veure si has encertat!<\/p>\n<p>I a m\u00e9s, tamb\u00e9 hi trobar\u00e0s una s\u00e8rie de <strong>curiositats sobre els personatges i indrets<\/strong> que apareixen a les il\u00b7lustracions!<\/p>\n<h3 style=\"text-align: center;\"><a href=\"https:\/\/drive.google.com\/file\/d\/1WQ0KOP3MbOidEdQGGfvFiHLVmbRlGgl3\/view?usp=share_link\" target=\"_blank\" rel=\"noopener\">Descarrega el PDF per veure les solucions i les curiositats<\/a><\/h3>\n<p>[\/vc_column_text][\/vc_column][\/vc_row][vc_row][vc_column width=&#8221;1\/4&#8243;][vc_single_image media=&#8221;99297&#8243; media_width_percent=&#8221;100&#8243; uncode_shortcode_id=&#8221;627461&#8243; media_link=&#8221;url:https%3A%2F%2Fwww.editorialelpirata.com%2Fca%2Fproducte%2Fel-gran-llibre-joc-dels-aventurers%2F|title:EL%20GRAN%20LLIBRE%20JOC%20DELS%20AVENTURERS|target:_blank&#8221;][\/vc_column][vc_column width=&#8221;3\/4&#8243;][vc_single_image media=&#8221;100713&#8243; media_width_percent=&#8221;100&#8243; uncode_shortcode_id=&#8221;203330&#8243;][\/vc_column][\/vc_row][vc_row][vc_column width=&#8221;1\/1&#8243;][vc_column_text uncode_shortcode_id=&#8221;150333&#8243;]<\/p>\n<h4>Has trobat <strong>m\u00e9s elements que els que apareixen en aquest solucionari<\/strong>? No pateixis, aix\u00f2 vol dir que ho has fet molt b\u00e9!<\/h4>\n<p>[\/vc_column_text][\/vc_column][\/vc_row][vc_row][vc_column width=&#8221;1\/4&#8243;][\/vc_column][vc_column width=&#8221;1\/2&#8243;][vc_button button_color=&#8221;color-210407&#8243; size=&#8221;btn-xl&#8221; border_width=&#8221;0&#8243; link=&#8221;url:https%3A%2F%2Fdrive.google.com%2Ffile%2Fd%2F1WQ0KOP3MbOidEdQGGfvFiHLVmbRlGgl3%2Fview%3Fusp%3Dshare_link|target:_blank&#8221; button_color_type=&#8221;uncode-palette&#8221; uncode_shortcode_id=&#8221;140903&#8243;]DESCARREGA EL SOLUCIONARI[\/vc_button][\/vc_column][vc_column width=&#8221;1\/4&#8243;][\/vc_column][\/vc_row]<\/p>\n<\/div>","protected":false},"excerpt":{"rendered":"<p>[vc_row][vc_column width=&#8221;1\/1&#8243;][vc_custom_heading uncode_shortcode_id=&#8221;990931&#8243;] SOLUCIONARI \u201cEL GRAN LLIBRE JOC DELS AVENTURERS\u201d [\/vc_custom_heading][\/vc_column][\/vc_row][vc_row][vc_column width=&#8221;1\/1&#8243;][vc_column_text uncode_shortcode_id=&#8221;574698&#8243;]T&#8217;ha agradat El gran llibre joc dels aventurers? [&hellip;]<\/p>\n","protected":false},"author":524,"featured_media":91522,"parent":0,"menu_order":0,"comment_status":"closed","ping_status":"closed","template":"","meta":{"footnotes":""},"class_list":["post-91483","page","type-page","status-publish","has-post-thumbnail","hentry"],"_links":{"self":[{"href":"https:\/\/www.editorialelpirata.com\/ca\/wp-json\/wp\/v2\/pages\/91483","targetHints":{"allow":["GET"]}}],"collection":[{"href":"https:\/\/www.editorialelpirata.com\/ca\/wp-json\/wp\/v2\/pages"}],"about":[{"href":"https:\/\/www.editorialelpirata.com\/ca\/wp-json\/wp\/v2\/types\/page"}],"author":[{"embeddable":true,"href":"https:\/\/www.editorialelpirata.com\/ca\/wp-json\/wp\/v2\/users\/524"}],"replies":[{"embeddable":true,"href":"https:\/\/www.editorialelpirata.com\/ca\/wp-json\/wp\/v2\/comments?post=91483"}],"version-history":[{"count":4,"href":"https:\/\/www.editorialelpirata.com\/ca\/wp-json\/wp\/v2\/pages\/91483\/revisions"}],"predecessor-version":[{"id":102197,"href":"https:\/\/www.editorialelpirata.com\/ca\/wp-json\/wp\/v2\/pages\/91483\/revisions\/102197"}],"wp:featuredmedia":[{"embeddable":true,"href":"https:\/\/www.editorialelpirata.com\/ca\/wp-json\/"}],"wp:attachment":[{"href":"https:\/\/www.editorialelpirata.com\/ca\/wp-json\/wp\/v2\/media?parent=91483"}],"curies":[{"name":"wp","href":"https:\/\/api.w.org\/{rel}","templated":true}]}}