{"id":89413,"date":"2021-08-31T15:26:29","date_gmt":"2021-08-31T15:26:29","guid":{"rendered":"https:\/\/www.edicionsdelpirata.cat\/?page_id=89413"},"modified":"2024-12-20T15:44:58","modified_gmt":"2024-12-20T15:44:58","slug":"conte-bebe","status":"publish","type":"page","link":"https:\/\/www.editorialelpirata.com\/ca\/conte-bebe\/","title":{"rendered":"Contes per a nadons"},"content":{"rendered":"<div class=\"wpb-content-wrapper\"><p>[vc_row row_height_percent=&#8221;0&#8243; back_image=&#8221;100196&#8243; back_position=&#8221;center center&#8221; parallax=&#8221;yes&#8221; overlay_color=&#8221;color-xsdn&#8221; overlay_alpha=&#8221;23&#8243; gutter_size=&#8221;3&#8243; column_width_percent=&#8221;100&#8243; shift_y=&#8221;0&#8243; z_index=&#8221;0&#8243; content_parallax=&#8221;0&#8243; uncode_shortcode_id=&#8221;457208&#8243; overlay_color_type=&#8221;uncode-palette&#8221;][vc_column column_width_percent=&#8221;100&#8243; align_horizontal=&#8221;align_center&#8221; gutter_size=&#8221;3&#8243; overlay_alpha=&#8221;50&#8243; shift_x=&#8221;0&#8243; shift_y=&#8221;0&#8243; shift_y_down=&#8221;0&#8243; z_index=&#8221;0&#8243; medium_width=&#8221;0&#8243; mobile_width=&#8221;0&#8243; width=&#8221;1\/1&#8243; uncode_shortcode_id=&#8221;410785&#8243; link_to=&#8221;url:https%3A%2F%2Fwww.editorialelpirata.com%2Fca%2Fproducto%2Flot-de-contes-nadons%2F&#8221;][vc_empty_space empty_h=&#8221;2&#8243;][vc_custom_heading uncode_shortcode_id=&#8221;135079&#8243;]<\/p>\n<h1 style=\"text-align: center;\">CONTES PER A NADONS<\/h1>\n<h3 style=\"text-align: center;\">Interactius i amb una nansa<\/h3>\n<p>[\/vc_custom_heading][vc_empty_space empty_h=&#8221;2&#8243;][vc_row_inner][vc_column_inner width=&#8221;1\/3&#8243;][\/vc_column_inner][vc_column_inner column_width_percent=&#8221;100&#8243; align_horizontal=&#8221;align_center&#8221; gutter_size=&#8221;3&#8243; overlay_alpha=&#8221;50&#8243; shift_x=&#8221;0&#8243; shift_y=&#8221;0&#8243; shift_y_down=&#8221;0&#8243; z_index=&#8221;0&#8243; medium_width=&#8221;0&#8243; mobile_width=&#8221;0&#8243; width=&#8221;1\/3&#8243; uncode_shortcode_id=&#8221;937529&#8243;][vc_button button_color=&#8221;accent&#8221; border_width=&#8221;0&#8243; link=&#8221;url:https%3A%2F%2Fwww.editorialelpirata.com%2Fca%2Fproducto%2Flot-de-contes-nadons%2F|title:Regal%20bebe&#8221; uncode_shortcode_id=&#8221;953357&#8243; button_color_type=&#8221;uncode-palette&#8221;]LOT DELS 9 CONTES[\/vc_button][\/vc_column_inner][vc_column_inner width=&#8221;1\/3&#8243;][\/vc_column_inner][\/vc_row_inner][vc_empty_space empty_h=&#8221;2&#8243;][\/vc_column][\/vc_row][vc_row][vc_column column_width_percent=&#8221;100&#8243; align_horizontal=&#8221;align_center&#8221; gutter_size=&#8221;3&#8243; overlay_alpha=&#8221;50&#8243; shift_x=&#8221;0&#8243; shift_y=&#8221;0&#8243; shift_y_down=&#8221;0&#8243; z_index=&#8221;0&#8243; medium_width=&#8221;0&#8243; mobile_width=&#8221;0&#8243; width=&#8221;1\/1&#8243; uncode_shortcode_id=&#8221;202350&#8243;][uncode_index el_id=&#8221;index-120452&#8243; loop=&#8221;size:10|order_by:rand|post_type:product|tax_query:2420,3163|taxonomy_count:10&#8243; screen_lg=&#8221;1000&#8243; screen_md=&#8221;600&#8243; screen_sm=&#8221;480&#8243; gutter_size=&#8221;3&#8243; post_items=&#8221;media|featured|onpost|original,title,link|default|default_size|COMPRAR&#8221; product_items=&#8221;title,media|featured|onpost|original|hide-sale|inherit-atc|inherit-w-atc|atc-typo-default|hide-atc,link|default|default_size|scale_mobile|Seleccionar&#8221; single_overlay_opacity=&#8221;50&#8243; single_h_align=&#8221;center&#8221; single_padding=&#8221;2&#8243; uncode_shortcode_id=&#8221;678353&#8243;][\/vc_column][\/vc_row][vc_row row_height_percent=&#8221;0&#8243; back_image=&#8221;100199&#8243; overlay_alpha=&#8221;50&#8243; gutter_size=&#8221;3&#8243; column_width_percent=&#8221;100&#8243; shift_y=&#8221;0&#8243; z_index=&#8221;0&#8243; content_parallax=&#8221;0&#8243; uncode_shortcode_id=&#8221;361256&#8243;][vc_column column_width_percent=&#8221;100&#8243; align_horizontal=&#8221;align_center&#8221; gutter_size=&#8221;3&#8243; overlay_alpha=&#8221;50&#8243; shift_x=&#8221;0&#8243; shift_y=&#8221;0&#8243; shift_y_down=&#8221;0&#8243; z_index=&#8221;0&#8243; medium_width=&#8221;0&#8243; mobile_width=&#8221;0&#8243; width=&#8221;1\/1&#8243; uncode_shortcode_id=&#8221;810566&#8243;][vc_empty_space empty_h=&#8221;2&#8243;][vc_column_text uncode_shortcode_id=&#8221;543683&#8243;]<\/p>\n<h2 style=\"text-align: center;\"><span style=\"color: #000000;\">Els seus primers grans reptes<\/span><\/h2>\n<p style=\"text-align: center;\"><span style=\"color: #000000;\">Els contes s\u00f3n interactius: els nens hauran de jugar-hi i ajudar els diferents animalets protagonistes.<\/span><\/p>\n<p style=\"text-align: center;\"><span style=\"color: #000000;\">Els llibres s\u00f3n de cartr\u00f3 i tenen una forma de nansa, per tal que els nens els puguin agafar i dur d\u2019un lloc a un altre m\u00e9s f\u00e0cilment.<\/span><\/p>\n<p style=\"text-align: center;\"><span style=\"color: #000000;\">Les il\u00b7lustracions s\u00f3n divertides i cridaneres, i destaquen sobre el color dels fons.<\/span><\/p>\n<p style=\"text-align: center;\"><span style=\"color: #000000;\">L\u2019\u00faltima p\u00e0gina t\u00e9 una solapa per obrir, en la que els nens poden veure l\u2019abans i el despr\u00e9s d\u2019aprendre cada repte.<\/span><\/p>\n<p style=\"text-align: center;\"><span style=\"color: #000000;\">L\u2019animalet protagonista de cada conte anima a un amic a que tamb\u00e9 aprengui.<\/span><\/p>\n<p style=\"text-align: center;\"><span style=\"color: #000000;\">S\u00f3n contes curtets, pensats segons la capacitat d\u2019atenci\u00f3 dels m\u00e9s petits.<\/span><\/p>\n<p style=\"text-align: center;\"><span style=\"color: #000000;\">La col\u00b7lecci\u00f3 \u00e9s una eina divertida per animar els m\u00e9s petits a que ells mateixos realitzin l\u2019acci\u00f3, com els protagonistes dels contes.<\/span><\/p>\n<p style=\"text-align: center;\"><span style=\"color: #000000;\">La lletra del text est\u00e0 en MAJ\u00daSCULES, la primera que aprenen els nens.<\/span><\/p>\n<p>[\/vc_column_text][vc_custom_heading uncode_shortcode_id=&#8221;162339&#8243;]<\/p>\n<h2 style=\"text-align: center;\"><span style=\"color: #000000;\"><strong>Ha estat supervisada per educadores infantils!<\/strong><\/span><\/h2>\n<p>[\/vc_custom_heading][vc_empty_space empty_h=&#8221;2&#8243;][\/vc_column][\/vc_row][vc_row][vc_column width=&#8221;1\/1&#8243;][vc_custom_heading uncode_shortcode_id=&#8221;214580&#8243;]<\/p>\n<blockquote>\n<h2>M&#8217;agrada perqu\u00e8 s\u00f3n interactius i divertits. Les il\u00b7lustracions s\u00f3n molt boniques, plenes de tendresa i color.<\/h2>\n<p><strong>@entrenubesespeciales<\/strong><\/p><\/blockquote>\n<p>[\/vc_custom_heading][vc_column_text uncode_shortcode_id=&#8221;907014&#8243;]<\/p>\n<h3 style=\"text-align: center;\">Disponibles en catal\u00e0, <a href=\"https:\/\/www.editorialelpirata.com\/libro-bebe\/\" target=\"_blank\" rel=\"noopener\">castell\u00e0<\/a> i <a href=\"https:\/\/www.editorialelpirata.com\/en\/books-babies-handle\/\" target=\"_blank\" rel=\"noopener\">angl\u00e8s<\/a>.<\/h3>\n<p>[\/vc_column_text][\/vc_column][\/vc_row]<\/p>\n<\/div>","protected":false},"excerpt":{"rendered":"<p>[vc_row row_height_percent=&#8221;0&#8243; back_image=&#8221;100196&#8243; back_position=&#8221;center center&#8221; parallax=&#8221;yes&#8221; overlay_color=&#8221;color-xsdn&#8221; overlay_alpha=&#8221;23&#8243; gutter_size=&#8221;3&#8243; column_width_percent=&#8221;100&#8243; shift_y=&#8221;0&#8243; z_index=&#8221;0&#8243; content_parallax=&#8221;0&#8243; uncode_shortcode_id=&#8221;457208&#8243; overlay_color_type=&#8221;uncode-palette&#8221;][vc_column column_width_percent=&#8221;100&#8243; align_horizontal=&#8221;align_center&#8221; gutter_size=&#8221;3&#8243; overlay_alpha=&#8221;50&#8243; shift_x=&#8221;0&#8243; [&hellip;]<\/p>\n","protected":false},"author":524,"featured_media":89420,"parent":0,"menu_order":0,"comment_status":"closed","ping_status":"closed","template":"","meta":{"footnotes":""},"class_list":["post-89413","page","type-page","status-publish","has-post-thumbnail","hentry"],"_links":{"self":[{"href":"https:\/\/www.editorialelpirata.com\/ca\/wp-json\/wp\/v2\/pages\/89413","targetHints":{"allow":["GET"]}}],"collection":[{"href":"https:\/\/www.editorialelpirata.com\/ca\/wp-json\/wp\/v2\/pages"}],"about":[{"href":"https:\/\/www.editorialelpirata.com\/ca\/wp-json\/wp\/v2\/types\/page"}],"author":[{"embeddable":true,"href":"https:\/\/www.editorialelpirata.com\/ca\/wp-json\/wp\/v2\/users\/524"}],"replies":[{"embeddable":true,"href":"https:\/\/www.editorialelpirata.com\/ca\/wp-json\/wp\/v2\/comments?post=89413"}],"version-history":[{"count":8,"href":"https:\/\/www.editorialelpirata.com\/ca\/wp-json\/wp\/v2\/pages\/89413\/revisions"}],"predecessor-version":[{"id":101529,"href":"https:\/\/www.editorialelpirata.com\/ca\/wp-json\/wp\/v2\/pages\/89413\/revisions\/101529"}],"wp:featuredmedia":[{"embeddable":true,"href":"https:\/\/www.editorialelpirata.com\/ca\/wp-json\/"}],"wp:attachment":[{"href":"https:\/\/www.editorialelpirata.com\/ca\/wp-json\/wp\/v2\/media?parent=89413"}],"curies":[{"name":"wp","href":"https:\/\/api.w.org\/{rel}","templated":true}]}}