{"id":89288,"date":"2021-05-31T12:09:07","date_gmt":"2021-05-31T12:09:07","guid":{"rendered":"https:\/\/www.edicionsdelpirata.cat\/llibres-estiu-2\/"},"modified":"2025-05-21T11:34:13","modified_gmt":"2025-05-21T11:34:13","slug":"quadern-vacances","status":"publish","type":"page","link":"https:\/\/www.editorialelpirata.com\/ca\/quadern-vacances\/","title":{"rendered":"Quadern vacances de 4 a 11 anys"},"content":{"rendered":"<div class=\"wpb-content-wrapper\"><p>[vc_row unlock_row_content=&#8221;yes&#8221; row_height_percent=&#8221;50&#8243; back_image=&#8221;99393&#8243; overlay_alpha=&#8221;50&#8243; gutter_size=&#8221;3&#8243; column_width_percent=&#8221;100&#8243; shift_y=&#8221;0&#8243; z_index=&#8221;0&#8243; content_parallax=&#8221;0&#8243; uncode_shortcode_id=&#8221;111714&#8243;][vc_column width=&#8221;1\/6&#8243;][\/vc_column][vc_column column_width_percent=&#8221;100&#8243; position_vertical=&#8221;middle&#8221; align_horizontal=&#8221;align_center&#8221; gutter_size=&#8221;3&#8243; overlay_alpha=&#8221;88&#8243; shift_x=&#8221;0&#8243; shift_y=&#8221;0&#8243; shift_y_down=&#8221;0&#8243; z_index=&#8221;0&#8243; medium_width=&#8221;0&#8243; mobile_width=&#8221;0&#8243; width=&#8221;2\/3&#8243;][vc_empty_space empty_h=&#8221;1&#8243;][vc_empty_space empty_h=&#8221;1&#8243;][vc_empty_space empty_h=&#8221;2&#8243;][\/vc_column][vc_column width=&#8221;1\/6&#8243;][\/vc_column][\/vc_row][vc_row][vc_column width=&#8221;1\/1&#8243;][vc_column_text uncode_shortcode_id=&#8221;320425&#8243;]<\/p>\n<h1><strong data-start=\"85\" data-end=\"142\">Quadern de vacances per a nenes i nens de 4 a 11 anys\u00a0 \u00a0<\/strong><\/h1>\n<p>Cont\u00e9 activitats i passatemps per passar-s\u2019ho b\u00e9 i <strong data-start=\"196\" data-end=\"221\">no pas per fer deures<\/strong>. Els quaderns d\u2019activitats i passatemps de <strong data-start=\"267\" data-end=\"288\">Mem\u00f2ria d\u2019Elefant<\/strong> han estat creats per <strong data-start=\"310\" data-end=\"322\">Picanyol<\/strong> i et sorprendran.<\/p>\n<p>Hi ha set llibrets per diferents edats per gaudir dels passatemps del creador de<strong> l\u2019Ot el Bruixot, en Picanyol.<\/strong><\/p>\n<p class=\"p1\"><strong>Quaderns d\u2019entreteniment en catal\u00e0 amb activitats\u00a0<\/strong>pensades pel desenvolupament de la curiositat, la millora de l\u2019intel\u00b7lecte, la comprensi\u00f3 lectora i la concentraci\u00f3 dels infants.<\/p>\n<p>[\/vc_column_text][vc_column_text uncode_shortcode_id=&#8221;159082&#8243;]<\/p>\n<h3 class=\"\" data-start=\"537\" data-end=\"597\">Quin quadern necessita el teu fill o filla aquest estiu?<\/h3>\n<p class=\"\" data-start=\"599\" data-end=\"867\">Cada un dels nostres quaderns de vacances est\u00e0 dissenyat com un <strong data-start=\"663\" data-end=\"696\">resum del curs escolar actual<\/strong> i, alhora, com una <strong data-start=\"716\" data-end=\"761\">excel\u00b7lent preparaci\u00f3 per al curs seg\u00fcent<\/strong>. Aix\u00ed, els nens i nenes repassen all\u00f2 apr\u00e8s durant l\u2019any i arriben al nou curs amb confian\u00e7a i motivaci\u00f3.<\/p>\n<p class=\"\" data-start=\"869\" data-end=\"973\">A continuaci\u00f3, t\u2019ajudem a triar el quadern m\u00e9s adequat segons el curs al qual passa el teu fill o filla:<\/p>\n<ul data-start=\"975\" data-end=\"1459\">\n<li class=\"\" data-start=\"975\" data-end=\"1051\">\n<p class=\"\" data-start=\"977\" data-end=\"1051\"><a href=\"https:\/\/www.editorialelpirata.com\/ca\/Producte\/quadern-activitats-infantil\/\" target=\"_blank\" rel=\"noopener\"><strong data-start=\"980\" data-end=\"1010\">Mem\u00f2ria d\u2019elefant infantil<\/strong><\/a> \u2192 <em data-start=\"1013\" data-end=\"1049\">Preparats per a primer de prim\u00e0ria<\/em><\/p>\n<\/li>\n<li class=\"\" data-start=\"1052\" data-end=\"1120\">\n<p class=\"\" data-start=\"1054\" data-end=\"1120\"><a href=\"https:\/\/www.editorialelpirata.com\/ca\/Producte\/memoria-delefant-1\/\" target=\"_blank\" rel=\"noopener\"><strong data-start=\"1057\" data-end=\"1080\">Mem\u00f2ria d\u2019elefant 1<\/strong><\/a> \u2192 <em data-start=\"1083\" data-end=\"1118\">Preparats per a segon de prim\u00e0ria<\/em><\/p>\n<\/li>\n<li class=\"\" data-start=\"1052\" data-end=\"1120\">\n<p class=\"\" data-start=\"1054\" data-end=\"1120\"><a href=\"https:\/\/www.editorialelpirata.com\/ca\/Producte\/memoria-elefant-2-quadern-entreteniment\/\" target=\"_blank\" rel=\"noopener\"><strong data-start=\"1126\" data-end=\"1149\">Mem\u00f2ria d\u2019elefant 2<\/strong><\/a> \u2192 <em data-start=\"1152\" data-end=\"1188\">Preparats per a tercer de prim\u00e0ria<\/em><\/p>\n<\/li>\n<li class=\"\" data-start=\"1191\" data-end=\"1259\">\n<p class=\"\" data-start=\"1193\" data-end=\"1259\"><a href=\"https:\/\/www.editorialelpirata.com\/ca\/Producte\/memoria-elefant-3-quaderns-exercicis\/\" target=\"_blank\" rel=\"noopener\"><strong data-start=\"1196\" data-end=\"1219\">Mem\u00f2ria d\u2019elefant 3<\/strong><\/a> \u2192 <em data-start=\"1222\" data-end=\"1257\">Preparats per a quart de prim\u00e0ria<\/em><\/p>\n<\/li>\n<li class=\"\" data-start=\"1260\" data-end=\"1329\">\n<p class=\"\" data-start=\"1262\" data-end=\"1329\"><a href=\"https:\/\/www.editorialelpirata.com\/ca\/Producte\/memoria-elefant-4-quaderns-activitats\/\" target=\"_blank\" rel=\"noopener\"><strong data-start=\"1265\" data-end=\"1288\">Mem\u00f2ria d\u2019elefant 4<\/strong><\/a> \u2192 <em data-start=\"1291\" data-end=\"1327\">Preparats per a cinqu\u00e8 de prim\u00e0ria<\/em><\/p>\n<\/li>\n<li class=\"\" data-start=\"1330\" data-end=\"1397\">\n<p class=\"\" data-start=\"1332\" data-end=\"1397\"><a href=\"https:\/\/www.editorialelpirata.com\/ca\/Producte\/memoria-elefant-5-exercicis-10-anys\/\" target=\"_blank\" rel=\"noopener\"><strong data-start=\"1335\" data-end=\"1358\">Mem\u00f2ria d\u2019elefant 5<\/strong><\/a> \u2192 <em data-start=\"1361\" data-end=\"1395\">Preparats per a sis\u00e8 de prim\u00e0ria<\/em><\/p>\n<\/li>\n<li class=\"\" data-start=\"1398\" data-end=\"1459\">\n<p class=\"\" data-start=\"1400\" data-end=\"1459\"><a href=\"https:\/\/www.editorialelpirata.com\/ca\/Producte\/exercicis-final-primaria\/\" target=\"_blank\" rel=\"noopener\"><strong data-start=\"1403\" data-end=\"1426\">Mem\u00f2ria d\u2019elefant 6<\/strong> <\/a>\u2192 <em data-start=\"1429\" data-end=\"1459\">Preparats per a primer d\u2019ESO<\/em><\/p>\n<\/li>\n<\/ul>\n<h3 data-start=\"1466\" data-end=\"1545\"><\/h3>\n<h3 class=\"\" data-start=\"1466\" data-end=\"1545\"><strong data-start=\"1473\" data-end=\"1545\">Novetat: Mem\u00f2ria d\u2019elefant infantil per a nens i nenes de 4 a 5 anys<\/strong><\/h3>\n<p class=\"\" data-start=\"1547\" data-end=\"1852\"><strong data-start=\"1547\" data-end=\"1577\">Mem\u00f2ria d\u2019elefant infantil<\/strong> \u00e9s un quadern per a nens i nenes de <strong data-start=\"1614\" data-end=\"1628\">4 a 5 anys<\/strong> (segona etapa d\u2019educaci\u00f3 infantil) que ofereix <strong data-start=\"1676\" data-end=\"1702\">entreteniment educatiu<\/strong>.<br data-start=\"1703\" data-end=\"1706\" \/>Aquest quadern, tot en color, est\u00e0 ple d\u2019activitats creatives, inclou <strong data-start=\"1776\" data-end=\"1790\">enganxines<\/strong> i propostes que fomenten la <strong data-start=\"1819\" data-end=\"1851\">curiositat i la concentraci\u00f3<\/strong>.<\/p>\n<p>[\/vc_column_text][\/vc_column][\/vc_row][vc_row][vc_column width=&#8221;1\/2&#8243;][vc_single_image media=&#8221;103461&#8243; media_width_percent=&#8221;100&#8243; uncode_shortcode_id=&#8221;163082&#8243; media_link=&#8221;url:https%3A%2F%2Fwww.editorialelpirata.com%2Fca%2FProducte%2Fquadern-activitats-infantil%2F|title:MEM%C3%92RIA%20D%E2%80%99ELEFANT%20INFANTIL|target:_blank&#8221;][\/vc_column][vc_column width=&#8221;1\/2&#8243;][vc_single_image media=&#8221;103707&#8243; media_width_percent=&#8221;100&#8243; uncode_shortcode_id=&#8221;116824&#8243; media_link=&#8221;url:https%3A%2F%2Fwww.editorialelpirata.com%2Fca%2FProducte%2Fquadern-activitats-infantil%2F|title:MEM%C3%92RIA%20D%E2%80%99ELEFANT%20INFANTIL|target:_blank&#8221;][\/vc_column][\/vc_row][vc_row row_height_percent=&#8221;0&#8243; overlay_alpha=&#8221;50&#8243; gutter_size=&#8221;3&#8243; column_width_percent=&#8221;100&#8243; shift_y=&#8221;0&#8243; z_index=&#8221;0&#8243; medium_visibility=&#8221;yes&#8221; mobile_visibility=&#8221;yes&#8221; content_parallax=&#8221;0&#8243; uncode_shortcode_id=&#8221;189470&#8243;][vc_column column_width_percent=&#8221;100&#8243; align_horizontal=&#8221;align_center&#8221; gutter_size=&#8221;3&#8243; overlay_alpha=&#8221;50&#8243; shift_x=&#8221;0&#8243; shift_y=&#8221;0&#8243; shift_y_down=&#8221;0&#8243; z_index=&#8221;0&#8243; medium_width=&#8221;0&#8243; mobile_width=&#8221;0&#8243; width=&#8221;1\/1&#8243;][vc_button size=&#8221;btn-lg&#8221; border_width=&#8221;0&#8243; link=&#8221;url:https%3A%2F%2Fwww.editorialelpirata.com%2Fca%2Fproducto%2Fquaderns-exercicis%2F|title:SIS%20QUADERNS%20D%E2%80%99ESTIU%20(Picanyol)|target:_blank&#8221; uncode_shortcode_id=&#8221;144677&#8243;]Compra&#8217;ls tots set[\/vc_button][\/vc_column][\/vc_row][vc_row row_height_percent=&#8221;0&#8243; overlay_alpha=&#8221;50&#8243; gutter_size=&#8221;3&#8243; column_width_percent=&#8221;100&#8243; shift_y=&#8221;0&#8243; z_index=&#8221;0&#8243; medium_visibility=&#8221;yes&#8221; mobile_visibility=&#8221;yes&#8221; content_parallax=&#8221;0&#8243; uncode_shortcode_id=&#8221;189470&#8243;][vc_column column_width_percent=&#8221;100&#8243; align_horizontal=&#8221;align_center&#8221; gutter_size=&#8221;3&#8243; overlay_alpha=&#8221;50&#8243; shift_x=&#8221;0&#8243; shift_y=&#8221;0&#8243; shift_y_down=&#8221;0&#8243; z_index=&#8221;0&#8243; medium_width=&#8221;0&#8243; mobile_width=&#8221;0&#8243; width=&#8221;1\/1&#8243;][uncode_index el_id=&#8221;index-4092623&#8243; loop=&#8221;size:3|order_by:title|order:ASC|post_type:product|by_id:97098,100489,100486|taxonomy_count:10&#8243; screen_lg=&#8221;1000&#8243; screen_md=&#8221;600&#8243; screen_sm=&#8221;480&#8243; gutter_size=&#8221;3&#8243; product_items=&#8221;title,media|featured|onpost|original|hide-sale|inherit-atc|inherit-w-atc|atc-typo-default|show-atc,link|default|default_size|scale_mobile|Seleccionar&#8221; single_overlay_opacity=&#8221;50&#8243; single_h_align=&#8221;center&#8221; single_padding=&#8221;2&#8243; uncode_shortcode_id=&#8221;164520&#8243;][uncode_index el_id=&#8221;index-40926234&#8243; loop=&#8221;size:3|order_by:title|order:ASC|post_type:product|by_id:100495,100492,100498|taxonomy_count:10&#8243; screen_lg=&#8221;1000&#8243; screen_md=&#8221;600&#8243; screen_sm=&#8221;480&#8243; gutter_size=&#8221;3&#8243; product_items=&#8221;title,media|featured|onpost|original|hide-sale|inherit-atc|inherit-w-atc|atc-typo-default|show-atc,link|default|default_size|scale_mobile|Seleccionar&#8221; single_overlay_opacity=&#8221;50&#8243; single_h_align=&#8221;center&#8221; single_padding=&#8221;2&#8243; uncode_shortcode_id=&#8221;874821&#8243;][vc_empty_space empty_h=&#8221;2&#8243;][\/vc_column][\/vc_row][vc_row row_height_percent=&#8221;0&#8243; overlay_alpha=&#8221;50&#8243; gutter_size=&#8221;3&#8243; column_width_percent=&#8221;100&#8243; shift_y=&#8221;0&#8243; z_index=&#8221;0&#8243; medium_visibility=&#8221;yes&#8221; mobile_visibility=&#8221;yes&#8221; content_parallax=&#8221;0&#8243; uncode_shortcode_id=&#8221;643810&#8243;][vc_column column_width_percent=&#8221;100&#8243; align_horizontal=&#8221;align_center&#8221; gutter_size=&#8221;3&#8243; overlay_alpha=&#8221;50&#8243; shift_x=&#8221;0&#8243; shift_y=&#8221;0&#8243; shift_y_down=&#8221;0&#8243; z_index=&#8221;0&#8243; medium_width=&#8221;0&#8243; mobile_width=&#8221;0&#8243; width=&#8221;1\/1&#8243;][vc_column_text uncode_shortcode_id=&#8221;311030&#8243;]<\/p>\n<h3>Perqu\u00e8 l&#8217;estiu \u00e9s per passar-ho b\u00e9 i no per fer deures. Els <strong>quaderns d&#8217;activitats i passatemps<\/strong> per vacances &#8220;<a href=\"https:\/\/www.editorialelpirata.com\/ca\/producte\/quaderns-exercicis\/\" target=\"_blank\" rel=\"noopener\">Mem\u00f2ria d&#8217;Elefant&#8221;<\/a> et sorprendran.<\/h3>\n<p>[\/vc_column_text][vc_empty_space empty_h=&#8221;2&#8243;][\/vc_column][\/vc_row][vc_row row_height_percent=&#8221;0&#8243; overlay_alpha=&#8221;50&#8243; gutter_size=&#8221;3&#8243; column_width_percent=&#8221;100&#8243; shift_y=&#8221;0&#8243; z_index=&#8221;0&#8243; medium_visibility=&#8221;yes&#8221; mobile_visibility=&#8221;yes&#8221; content_parallax=&#8221;0&#8243; uncode_shortcode_id=&#8221;155437&#8243;][vc_column width=&#8221;1\/1&#8243;][vc_single_image media=&#8221;99165&#8243; media_width_percent=&#8221;100&#8243; media_link=&#8221;url:https%3A%2F%2Fwww.editorialelpirata.com%2Fca%2Fproducto%2Fquaderns-exercicis%2F|title:QUADERNS%20EXERCICIS%20(Picanyol)|target:_blank&#8221; uncode_shortcode_id=&#8221;301086&#8243;][\/vc_column][\/vc_row]<\/p>\n<\/div>","protected":false},"excerpt":{"rendered":"<p>[vc_row unlock_row_content=&#8221;yes&#8221; row_height_percent=&#8221;50&#8243; back_image=&#8221;99393&#8243; overlay_alpha=&#8221;50&#8243; gutter_size=&#8221;3&#8243; column_width_percent=&#8221;100&#8243; shift_y=&#8221;0&#8243; z_index=&#8221;0&#8243; content_parallax=&#8221;0&#8243; uncode_shortcode_id=&#8221;111714&#8243;][vc_column width=&#8221;1\/6&#8243;][\/vc_column][vc_column column_width_percent=&#8221;100&#8243; position_vertical=&#8221;middle&#8221; align_horizontal=&#8221;align_center&#8221; gutter_size=&#8221;3&#8243; overlay_alpha=&#8221;88&#8243; shift_x=&#8221;0&#8243; shift_y=&#8221;0&#8243; shift_y_down=&#8221;0&#8243; [&hellip;]<\/p>\n","protected":false},"author":524,"featured_media":89290,"parent":0,"menu_order":0,"comment_status":"closed","ping_status":"closed","template":"","meta":{"footnotes":""},"class_list":["post-89288","page","type-page","status-publish","has-post-thumbnail","hentry"],"_links":{"self":[{"href":"https:\/\/www.editorialelpirata.com\/ca\/wp-json\/wp\/v2\/pages\/89288","targetHints":{"allow":["GET"]}}],"collection":[{"href":"https:\/\/www.editorialelpirata.com\/ca\/wp-json\/wp\/v2\/pages"}],"about":[{"href":"https:\/\/www.editorialelpirata.com\/ca\/wp-json\/wp\/v2\/types\/page"}],"author":[{"embeddable":true,"href":"https:\/\/www.editorialelpirata.com\/ca\/wp-json\/wp\/v2\/users\/524"}],"replies":[{"embeddable":true,"href":"https:\/\/www.editorialelpirata.com\/ca\/wp-json\/wp\/v2\/comments?post=89288"}],"version-history":[{"count":15,"href":"https:\/\/www.editorialelpirata.com\/ca\/wp-json\/wp\/v2\/pages\/89288\/revisions"}],"predecessor-version":[{"id":103717,"href":"https:\/\/www.editorialelpirata.com\/ca\/wp-json\/wp\/v2\/pages\/89288\/revisions\/103717"}],"wp:featuredmedia":[{"embeddable":true,"href":"https:\/\/www.editorialelpirata.com\/ca\/wp-json\/"}],"wp:attachment":[{"href":"https:\/\/www.editorialelpirata.com\/ca\/wp-json\/wp\/v2\/media?parent=89288"}],"curies":[{"name":"wp","href":"https:\/\/api.w.org\/{rel}","templated":true}]}}