{"id":88301,"date":"2021-02-26T09:35:12","date_gmt":"2021-02-26T09:35:12","guid":{"rendered":"https:\/\/www.edicionsdelpirata.cat\/test\/?page_id=88301"},"modified":"2021-02-26T09:35:12","modified_gmt":"2021-02-26T09:35:12","slug":"francesc-rovira","status":"publish","type":"page","link":"https:\/\/www.editorialelpirata.com\/ca\/francesc-rovira\/","title":{"rendered":"Francesc Rovira"},"content":{"rendered":"<p>Il\u00b7lustrador professional, inicia la seva traject\u00f2ria l&#8217;any 1982. Actualment disposa de m\u00e9s de 400 llibres publicats i tradu\u00efts a diferents idiomes, a part de treballar per a ajuntaments, revistes, fundacions&#8230;<\/p>\n<p>&nbsp;<\/p>\n<div class=\"woocommerce columns-4 \"><\/div>\n","protected":false},"excerpt":{"rendered":"<p>Il\u00b7lustrador professional, inicia la seva traject\u00f2ria l&#8217;any 1982. Actualment disposa de m\u00e9s de 400 llibres publicats i tradu\u00efts a diferents [&hellip;]<\/p>\n","protected":false},"author":524,"featured_media":0,"parent":0,"menu_order":0,"comment_status":"closed","ping_status":"closed","template":"","meta":{"footnotes":""},"class_list":["post-88301","page","type-page","status-publish","hentry"],"_links":{"self":[{"href":"https:\/\/www.editorialelpirata.com\/ca\/wp-json\/wp\/v2\/pages\/88301","targetHints":{"allow":["GET"]}}],"collection":[{"href":"https:\/\/www.editorialelpirata.com\/ca\/wp-json\/wp\/v2\/pages"}],"about":[{"href":"https:\/\/www.editorialelpirata.com\/ca\/wp-json\/wp\/v2\/types\/page"}],"author":[{"embeddable":true,"href":"https:\/\/www.editorialelpirata.com\/ca\/wp-json\/wp\/v2\/users\/524"}],"replies":[{"embeddable":true,"href":"https:\/\/www.editorialelpirata.com\/ca\/wp-json\/wp\/v2\/comments?post=88301"}],"version-history":[{"count":0,"href":"https:\/\/www.editorialelpirata.com\/ca\/wp-json\/wp\/v2\/pages\/88301\/revisions"}],"wp:attachment":[{"href":"https:\/\/www.editorialelpirata.com\/ca\/wp-json\/wp\/v2\/media?parent=88301"}],"curies":[{"name":"wp","href":"https:\/\/api.w.org\/{rel}","templated":true}]}}