{"id":88299,"date":"2021-02-26T09:33:55","date_gmt":"2021-02-26T09:33:55","guid":{"rendered":"https:\/\/www.edicionsdelpirata.cat\/test\/?page_id=88299"},"modified":"2021-02-26T09:33:55","modified_gmt":"2021-02-26T09:33:55","slug":"elisa-ramon","status":"publish","type":"page","link":"https:\/\/www.editorialelpirata.com\/ca\/elisa-ramon\/","title":{"rendered":"Elisa Ramon"},"content":{"rendered":"<p>Va iniciar la seva traject\u00f2ria liter\u00e0ria el 1986. Ha publicat, entre d&#8217;altres, amb Espasa Calpe, Timun Mas, Cru\u00eflla, Edeb\u00e9, San Pablo, Edelvives, Casals, Kalandraka.<\/p>\n<p>Els seus contes han estat tradu\u00efts al japon\u00e8s, turc, core\u00e0, xin\u00e8s, dan\u00e8s, franc\u00e8s, itali\u00e0, portugu\u00e8s&#8230;<\/p>\n<p>&nbsp;<\/p>\n<div class=\"woocommerce columns-4 \"><\/div>\n","protected":false},"excerpt":{"rendered":"<p>Va iniciar la seva traject\u00f2ria liter\u00e0ria el 1986. Ha publicat, entre d&#8217;altres, amb Espasa Calpe, Timun Mas, Cru\u00eflla, Edeb\u00e9, San [&hellip;]<\/p>\n","protected":false},"author":524,"featured_media":0,"parent":0,"menu_order":0,"comment_status":"closed","ping_status":"closed","template":"","meta":{"footnotes":""},"class_list":["post-88299","page","type-page","status-publish","hentry"],"_links":{"self":[{"href":"https:\/\/www.editorialelpirata.com\/ca\/wp-json\/wp\/v2\/pages\/88299","targetHints":{"allow":["GET"]}}],"collection":[{"href":"https:\/\/www.editorialelpirata.com\/ca\/wp-json\/wp\/v2\/pages"}],"about":[{"href":"https:\/\/www.editorialelpirata.com\/ca\/wp-json\/wp\/v2\/types\/page"}],"author":[{"embeddable":true,"href":"https:\/\/www.editorialelpirata.com\/ca\/wp-json\/wp\/v2\/users\/524"}],"replies":[{"embeddable":true,"href":"https:\/\/www.editorialelpirata.com\/ca\/wp-json\/wp\/v2\/comments?post=88299"}],"version-history":[{"count":0,"href":"https:\/\/www.editorialelpirata.com\/ca\/wp-json\/wp\/v2\/pages\/88299\/revisions"}],"wp:attachment":[{"href":"https:\/\/www.editorialelpirata.com\/ca\/wp-json\/wp\/v2\/media?parent=88299"}],"curies":[{"name":"wp","href":"https:\/\/api.w.org\/{rel}","templated":true}]}}