{"id":88063,"date":"2021-02-25T15:30:33","date_gmt":"2021-02-25T15:30:33","guid":{"rendered":"https:\/\/www.edicionsdelpirata.cat\/test\/?page_id=88063"},"modified":"2021-02-25T15:30:33","modified_gmt":"2021-02-25T15:30:33","slug":"frederic-mayol","status":"publish","type":"page","link":"https:\/\/www.editorialelpirata.com\/ca\/frederic-mayol\/","title":{"rendered":"Frederic Mayol"},"content":{"rendered":"<p>Frederic Mayol Va n\u00e9ixer a Barcelona i viu a Salt. \u00c9s diplomat en Arqueologia Hisp\u00e0nica per la Universitat de Barcelona i llicenciat en Geografia i Hist\u00f2ria per la UNED. Actualment es dedica a escriure intensament i, a banda de \u201cL\u2019aniversari robat\u201d, ja t\u00e9 preparades dues novel\u00b7les m\u00e9s, una de juvenil i una altra de viatges, que esperen ser publicades en breu. Ha quedat dues vegades finalista de la XIII Edici\u00f3 del Premi de Cartes Rom\u00e0ntiques de Calafell i amb \u201cL\u2019aniversari Robat\u201d ha quedat finalista del I Premi El Set\u00e8 Cel de Salt.<\/p>\n<p>&nbsp;<\/p>\n<div class=\"woocommerce columns-4 \"><\/div>\n","protected":false},"excerpt":{"rendered":"<p>Frederic Mayol Va n\u00e9ixer a Barcelona i viu a Salt. \u00c9s diplomat en Arqueologia Hisp\u00e0nica per la Universitat de Barcelona [&hellip;]<\/p>\n","protected":false},"author":524,"featured_media":0,"parent":0,"menu_order":0,"comment_status":"closed","ping_status":"closed","template":"","meta":{"footnotes":""},"class_list":["post-88063","page","type-page","status-publish","hentry"],"_links":{"self":[{"href":"https:\/\/www.editorialelpirata.com\/ca\/wp-json\/wp\/v2\/pages\/88063","targetHints":{"allow":["GET"]}}],"collection":[{"href":"https:\/\/www.editorialelpirata.com\/ca\/wp-json\/wp\/v2\/pages"}],"about":[{"href":"https:\/\/www.editorialelpirata.com\/ca\/wp-json\/wp\/v2\/types\/page"}],"author":[{"embeddable":true,"href":"https:\/\/www.editorialelpirata.com\/ca\/wp-json\/wp\/v2\/users\/524"}],"replies":[{"embeddable":true,"href":"https:\/\/www.editorialelpirata.com\/ca\/wp-json\/wp\/v2\/comments?post=88063"}],"version-history":[{"count":0,"href":"https:\/\/www.editorialelpirata.com\/ca\/wp-json\/wp\/v2\/pages\/88063\/revisions"}],"wp:attachment":[{"href":"https:\/\/www.editorialelpirata.com\/ca\/wp-json\/wp\/v2\/media?parent=88063"}],"curies":[{"name":"wp","href":"https:\/\/api.w.org\/{rel}","templated":true}]}}