{"id":5989,"date":"2018-06-14T12:27:59","date_gmt":"2018-06-14T12:27:59","guid":{"rendered":"http:\/\/www.edicionsdelpirata.cat\/?page_id=5989"},"modified":"2025-01-05T22:24:37","modified_gmt":"2025-01-05T22:24:37","slug":"contes-bilingues-ot-el-bruixot","status":"publish","type":"page","link":"https:\/\/www.editorialelpirata.com\/ca\/contes-bilingues-ot-el-bruixot\/","title":{"rendered":"Ot el bruixot"},"content":{"rendered":"<div class=\"wpb-content-wrapper\"><p>[vc_row][vc_column][vc_column_text uncode_shortcode_id=&#8221;133915&#8243;]<strong>L&#8217;Ot el Bruixot<\/strong> \u00e9s un referent de la literatura infantil i del c\u00f2mic en catal\u00e0. L&#8217;humor del seu autor, Picanyol, era \u00fanic i intel\u00b7ligent, per aix\u00f2 tantes generacions el recorden, el podeu trobar cada quinze dies a la revista <strong>Cavall Fort<\/strong> en les seves tires c\u00f2miques. I des d&#8217;Edicions del Pirata, tamb\u00e9 t&#8217;oferim un recull i els contes biling\u00fces en catal\u00e0 i angl\u00e8s a on l&#8217;Ot viur\u00e0 diferents aventures i coneixer\u00e0s nous amics.<\/p>\n<p>&nbsp;<\/p>\n<h1>Els llibres de l&#8217;Ot el Bruixot<\/h1>\n<p>[\/vc_column_text][uncode_index el_id=&#8221;index-280727&#8243; loop=&#8221;size:All|order_by:date|post_type:product|tax_query:2367|taxonomy_count:10&#8243; screen_lg=&#8221;1000&#8243; screen_md=&#8221;600&#8243; screen_sm=&#8221;480&#8243; gutter_size=&#8221;3&#8243; product_items=&#8221;title,media|featured|onpost|original|hide-sale|inherit-atc|inherit-w-atc|show-atc,price|default&#8221; single_overlay_opacity=&#8221;50&#8243; single_h_align=&#8221;center&#8221; single_padding=&#8221;2&#8243; uncode_shortcode_id=&#8221;182806&#8243;][vc_column_text uncode_shortcode_id=&#8221;129715&#8243;]A la col\u00b7lecci\u00f3 dels <strong>Contes de l&#8217;Ot el bruixot<\/strong> en versi\u00f3 biling\u00fce el text de la hist\u00f2ria es pot llegir en catal\u00e0 i en angl\u00e8s, aix\u00f2 permet als petits endinsar-se en un idioma internacional i de gran import\u00e0ncia de cara al futur, en profunditat, comparant els dos texts i assimilant-ne millor la lectura.[\/vc_column_text][vc_column_text uncode_shortcode_id=&#8221;430715&#8243;]Els llibres tenen un tamany de 25 x 20cm, tenen 44 p\u00e0gines i son impressos en tapa dura i a tot color.<\/p>\n<p>&nbsp;<\/p>\n<blockquote>\n<h2><span style=\"color: #333333;\"><b>&#8220;<\/b>L\u2019hem llegit primer en catal\u00e0 i despr\u00e9s en angl\u00e8s??Als nens els hi ha encantat!! I jo contenta que coneguin un cl\u00e0ssic tan bonic i practiquin angl\u00e8s!!\u201d<\/span><\/h2>\n<p><strong><a href=\"https:\/\/www.instagram.com\/p\/BlWCrbnHNZm\/?hl=es&amp;taken-by=xtina_acedo\" target=\"_blank\" rel=\"noopener noreferrer\">Xtina_acedo<\/a><\/strong><\/p><\/blockquote>\n<p>&nbsp;<\/p>\n<p><a href=\"https:\/\/www.editorialelpirata.com\/ca\/producte\/lot-el-bruixot-i-el-drac-ot-the-wizard-and-the-dragon\/\"><img decoding=\"async\" class=\"aligncenter wp-image-6022\" src=\"https:\/\/web.archive.org\/web\/20220614210614\/https:\/\/www.edicionsdelpirata.cat\/wp-content\/uploads\/2018\/02\/ot-el-bruixot_bilingue_angles.jpg\" alt=\"conte biling\u00fce, catal\u00e0 - angl\u00e8s, llibre per a 5 anys, conte biling\u00fce, ot el bruixot\" width=\"800\" height=\"600\" title=\"\"><\/a><\/p>\n<p>&nbsp;<\/p>\n<p>&nbsp;<\/p>\n<p>&nbsp;<\/p>\n<hr \/>\n<h3>Altres t\u00edtols d&#8217;en Picanyol<\/h3>\n<p>[\/vc_column_text][\/vc_column][\/vc_row][vc_row][vc_column column_width_percent=&#8221;100&#8243; align_horizontal=&#8221;align_center&#8221; gutter_size=&#8221;3&#8243; overlay_alpha=&#8221;50&#8243; shift_x=&#8221;0&#8243; shift_y=&#8221;0&#8243; shift_y_down=&#8221;0&#8243; z_index=&#8221;0&#8243; medium_width=&#8221;0&#8243; mobile_width=&#8221;0&#8243; width=&#8221;1\/1&#8243; uncode_shortcode_id=&#8221;330216&#8243;][uncode_index el_id=&#8221;index-647829&#8243; loop=&#8221;size:4|order_by:date|post_type:product|tax_query:3098|taxonomy_count:10&#8243; screen_lg=&#8221;1000&#8243; screen_md=&#8221;600&#8243; screen_sm=&#8221;480&#8243; gutter_size=&#8221;3&#8243; post_items=&#8221;media|featured|onpost|original,title,link|default|default_size|Comprar&#8221; product_items=&#8221;media|featured|onpost|original|hide-sale|inherit-atc|inherit-w-atc|atc-typo-default|hide-atc,title,link|default|default_size|scale_mobile|default_width|default_outline|M\u00e9s&#8221; single_width=&#8221;3&#8243; single_overlay_opacity=&#8221;50&#8243; single_padding=&#8221;2&#8243; uncode_shortcode_id=&#8221;145587&#8243;][\/vc_column][\/vc_row]<\/p>\n<\/div>","protected":false},"excerpt":{"rendered":"<p>[vc_row][vc_column][vc_column_text uncode_shortcode_id=&#8221;133915&#8243;]L&#8217;Ot el Bruixot \u00e9s un referent de la literatura infantil i del c\u00f2mic en catal\u00e0. L&#8217;humor del seu autor, [&hellip;]<\/p>\n","protected":false},"author":26,"featured_media":0,"parent":0,"menu_order":0,"comment_status":"closed","ping_status":"closed","template":"","meta":{"footnotes":""},"class_list":["post-5989","page","type-page","status-publish","hentry"],"_links":{"self":[{"href":"https:\/\/www.editorialelpirata.com\/ca\/wp-json\/wp\/v2\/pages\/5989","targetHints":{"allow":["GET"]}}],"collection":[{"href":"https:\/\/www.editorialelpirata.com\/ca\/wp-json\/wp\/v2\/pages"}],"about":[{"href":"https:\/\/www.editorialelpirata.com\/ca\/wp-json\/wp\/v2\/types\/page"}],"author":[{"embeddable":true,"href":"https:\/\/www.editorialelpirata.com\/ca\/wp-json\/wp\/v2\/users\/26"}],"replies":[{"embeddable":true,"href":"https:\/\/www.editorialelpirata.com\/ca\/wp-json\/wp\/v2\/comments?post=5989"}],"version-history":[{"count":4,"href":"https:\/\/www.editorialelpirata.com\/ca\/wp-json\/wp\/v2\/pages\/5989\/revisions"}],"predecessor-version":[{"id":102190,"href":"https:\/\/www.editorialelpirata.com\/ca\/wp-json\/wp\/v2\/pages\/5989\/revisions\/102190"}],"wp:attachment":[{"href":"https:\/\/www.editorialelpirata.com\/ca\/wp-json\/wp\/v2\/media?parent=5989"}],"curies":[{"name":"wp","href":"https:\/\/api.w.org\/{rel}","templated":true}]}}