{"id":4163,"date":"2016-01-10T11:05:23","date_gmt":"2016-01-10T11:05:23","guid":{"rendered":"http:\/\/edicionsdelpirata.cat\/?page_id=4163"},"modified":"2025-04-29T09:14:25","modified_gmt":"2025-04-29T09:14:25","slug":"llibres-per-a-10-anys","status":"publish","type":"page","link":"https:\/\/www.editorialelpirata.com\/ca\/llibres-per-a-10-anys\/","title":{"rendered":"Llibres per a 10 anys"},"content":{"rendered":"<div class=\"wpb-content-wrapper\"><p>[vc_row][vc_column][vc_column_text uncode_shortcode_id=&#8221;200044&#8243;]<\/p>\n<h1><a href=\"https:\/\/www.editorialelpirata.com\/ca\/el-pirata-verd\/\">Llibres per a 10 anys<\/a><\/h1>\n<p>Llibres per a nens i nenes de 10 anys. Hi trobem una mica de tot.<br \/>\nEls casos m\u00e9s complicats del <a href=\"https:\/\/www.editorialelpirata.com\/ca\/comissari-llampec-a-partir-de-10-anys\/\">Comissari Llampec<\/a> -la franja de 10 anys-, reculls de contes, novel\u00b7les de fantasia, de detectius, m\u00e0giques, liter\u00e0ries i, fins i tot, aventures extraordin\u00e0ries a l&#8217;espai! Tots els llibres estan il\u00b7lustrats amb dibuixos en blanc i negre.[\/vc_column_text][vc_column_text uncode_shortcode_id=&#8221;789901&#8243;]<b><a href=\"https:\/\/www.editorialelpirata.com\/ca\/el-pirata-verd\/\" target=\"_blank\" rel=\"noopener\">Llibre 10 anys<\/a>:<\/b> Tots els llibres estan il\u00b7lustrats. Hi trobarem un munt de novel\u00b7les de tot tipus i tamb\u00e9 reculls de contes. Tamb\u00e9 hi trobarem les conegudes s\u00e8ries <strong>Els Brons<\/strong>,\u00a0<b>Talpirons i Ratolents\u00a0<\/b>i el\u00a0<b>Comissari Dietrich.<\/b><\/p>\n<ul>\n<li style=\"list-style-type: none;\">\n<ul>\n<li><strong>Els Brons:\u00a0<\/strong>La s\u00e8rie consta de 3 volums de les fant\u00e0stiques aventures dels brons, els simp\u00e0tics follets invisibles per als humans.<\/li>\n<li><b>Talpirons i Ratolents:\u00a0<\/b>La s\u00e8rie t\u00e9 4 llibres de les esbojarrades aventures dels Talpirons, Ratolents i altres \u00e9ssers estrafolaris i incre\u00efbles.<\/li>\n<li><b>Comissari Dietrich:\u00a0<\/b>S\u00e8rie de 2 t\u00edtols del Comissari Dietrich i el seu fill Lukas. Ser\u00e0 dif\u00edcil trobar una s\u00e8rie detectivesca tan ben tramada.<\/li>\n<\/ul>\n<\/li>\n<\/ul>\n<p>[\/vc_column_text][uncode_index el_id=&#8221;index-210578&#8243; loop=&#8221;size:All|order_by:date|post_type:product|tax_query:2247|taxonomy_count:10&#8243; screen_lg=&#8221;1000&#8243; screen_md=&#8221;600&#8243; screen_sm=&#8221;480&#8243; gutter_size=&#8221;3&#8243; product_items=&#8221;media|featured|onpost|original|hide-sale|inherit-atc|inherit-w-atc|atc-typo-default|hide-atc&#8221; single_width=&#8221;3&#8243; single_overlay_opacity=&#8221;50&#8243; single_h_align=&#8221;center&#8221; single_padding=&#8221;2&#8243; uncode_shortcode_id=&#8221;850925&#8243;][vc_column_text uncode_shortcode_id=&#8221;911285&#8243;]<b><a href=\"https:\/\/www.editorialelpirata.com\/ca\/comissari-llampec-a-partir-de-10-anys\/\">Comissari Llampec<\/a>:<\/b> Podr\u00e0s resoldre els casos en qu\u00e8 es trobi implicat el nostre amic Comissari Llampec? La soluci\u00f3 la trobar\u00e0s, al final de cada cas, dins d&#8217;una lupa i amb les lletres al rev\u00e9s! Haur\u00e0s d&#8217;anar davant del mirall per poder llegir la soluci\u00f3 o ser\u00e0s prou h\u00e0bil per a llegir-la directament? La s\u00e8rie Comissari Llampec tamb\u00e9 t\u00e9 t\u00edtols per <b><a href=\"https:\/\/www.editorialelpirata.com\/ca\/comissari-llampec-8-anys\/\">a partir de 8anys<\/a><\/b>.<\/p>\n<p>Recordeu que tenim <strong><a href=\"https:\/\/www.editorialelpirata.com\/ca\/propostes-didactiques\/\" target=\"_blank\" rel=\"noopener\">propostes did\u00e0ctiques<\/a><\/strong> dels llibres.[\/vc_column_text][uncode_index el_id=&#8221;index-210579&#8243; loop=&#8221;size:All|order_by:date|post_type:product|tax_query:2169|taxonomy_count:10&#8243; screen_lg=&#8221;1000&#8243; screen_md=&#8221;600&#8243; screen_sm=&#8221;480&#8243; gutter_size=&#8221;3&#8243; product_items=&#8221;media|featured|onpost|original|hide-sale|inherit-atc|inherit-w-atc|atc-typo-default|show-atc&#8221; single_width=&#8221;3&#8243; single_overlay_opacity=&#8221;50&#8243; single_h_align=&#8221;center&#8221; single_padding=&#8221;2&#8243; uncode_shortcode_id=&#8221;929172&#8243;][\/vc_column][\/vc_row]<\/p>\n<\/div>","protected":false},"excerpt":{"rendered":"<p>[vc_row][vc_column][vc_column_text uncode_shortcode_id=&#8221;200044&#8243;] Llibres per a 10 anys Llibres per a nens i nenes de 10 anys. Hi trobem una mica [&hellip;]<\/p>\n","protected":false},"author":26,"featured_media":87378,"parent":0,"menu_order":0,"comment_status":"closed","ping_status":"closed","template":"","meta":{"footnotes":""},"class_list":["post-4163","page","type-page","status-publish","has-post-thumbnail","hentry"],"_links":{"self":[{"href":"https:\/\/www.editorialelpirata.com\/ca\/wp-json\/wp\/v2\/pages\/4163","targetHints":{"allow":["GET"]}}],"collection":[{"href":"https:\/\/www.editorialelpirata.com\/ca\/wp-json\/wp\/v2\/pages"}],"about":[{"href":"https:\/\/www.editorialelpirata.com\/ca\/wp-json\/wp\/v2\/types\/page"}],"author":[{"embeddable":true,"href":"https:\/\/www.editorialelpirata.com\/ca\/wp-json\/wp\/v2\/users\/26"}],"replies":[{"embeddable":true,"href":"https:\/\/www.editorialelpirata.com\/ca\/wp-json\/wp\/v2\/comments?post=4163"}],"version-history":[{"count":5,"href":"https:\/\/www.editorialelpirata.com\/ca\/wp-json\/wp\/v2\/pages\/4163\/revisions"}],"predecessor-version":[{"id":103340,"href":"https:\/\/www.editorialelpirata.com\/ca\/wp-json\/wp\/v2\/pages\/4163\/revisions\/103340"}],"wp:featuredmedia":[{"embeddable":true,"href":"https:\/\/www.editorialelpirata.com\/ca\/wp-json\/"}],"wp:attachment":[{"href":"https:\/\/www.editorialelpirata.com\/ca\/wp-json\/wp\/v2\/media?parent=4163"}],"curies":[{"name":"wp","href":"https:\/\/api.w.org\/{rel}","templated":true}]}}