{"id":4136,"date":"2016-01-09T18:26:39","date_gmt":"2016-01-09T18:26:39","guid":{"rendered":"http:\/\/edicionsdelpirata.cat\/?page_id=4136"},"modified":"2024-10-10T12:41:09","modified_gmt":"2024-10-10T12:41:09","slug":"llibres-per-a-8-anys","status":"publish","type":"page","link":"https:\/\/www.editorialelpirata.com\/ca\/llibres-per-a-8-anys\/","title":{"rendered":"Llibres per a 8 anys"},"content":{"rendered":"<div class=\"wpb-content-wrapper\"><p>[vc_row][vc_column][vc_column_text uncode_shortcode_id=&#8221;143354&#8243;]<\/p>\n<h1 style=\"text-align: center;\"><strong>Llibres per 8 anys<\/strong><\/h1>\n<p>Els nostres llibres infantils per a nens i nenes de 8 anys capten la seva atenci\u00f3 i busquen fomentar el seu inter\u00e8s per la lectura.<\/p>\n<p>Les il\u00b7lustracions acolorides i atractives juguen un paper crucial en mantenir el seu inter\u00e8s, ja que les imatges vibrants i detallades complementen la hist\u00f2ria i ajuden els petits lectors a visualitzar el que estan llegint.<\/p>\n<p>El llenguatge ha de ser senzill i clar, amb oracions curtes i un vocabulari adequat per al seu nivell de lectura, facilitant la comprensi\u00f3 i fent l\u2019experi\u00e8ncia m\u00e9s agradable. Les hist\u00f2ries han de ser curtes i din\u00e0miques, amb trames simples per\u00f2 interessants i un ritme r\u00e0pid que mantingui l\u2019atenci\u00f3 dels nens. Els personatges s\u00f3n identificables i simp\u00e0tics, amb edats similars a les dels lectors i enfrontant situacions i desafiaments que ells podrien entendre i trobar interessants. Els llibres tamb\u00e9 han de transmetre missatges i valors positius, com l\u2019amistat, el respecte, l\u2019honestedat i la valentia, ajudant en el desenvolupament emocional i social dels nens.<\/p>\n<p>L\u2019humor i la diversi\u00f3 s\u00f3n essencials, ja que l\u2019humor \u00e9s una excel\u00b7lent eina per enganxar els joves lectors, i les hist\u00f2ries amb tocs d\u2019humor solen ser ben rebudes. A m\u00e9s, els llibres han d\u2019explorar emocions i situacions quotidianes, ajudant els nens a entendre i gestionar els seus propis sentiments en abordar temes que poden experimentar en la seva vida di\u00e0ria, com l\u2019escola, la fam\u00edlia i les amistats. Aquestes caracter\u00edstiques fan que els llibres siguin atractius, accessibles i educatius, fomentant l\u2019amor per la lectura i l\u2019aprenentatge en els nens i nenes de 8 anys.[\/vc_column_text][uncode_index el_id=&#8221;index-136725&#8243; loop=&#8221;size:All|order_by:date|post_type:product|tax_query:925,598,154,441,600|taxonomy_count:10&#8243; screen_lg=&#8221;1000&#8243; screen_md=&#8221;600&#8243; screen_sm=&#8221;480&#8243; gutter_size=&#8221;3&#8243; product_items=&#8221;title,media|featured|onpost|original|hide-sale|inherit-atc|inherit-w-atc|atc-typo-default|show-atc,link|default|default_size|scale_mobile|M\u00e9s informaci\u00f3&#8221; single_overlay_opacity=&#8221;50&#8243; single_h_align=&#8221;center&#8221; single_padding=&#8221;2&#8243; uncode_shortcode_id=&#8221;218666&#8243;][vc_column_text uncode_shortcode_id=&#8221;159073&#8243;]<\/p>\n<h2 style=\"text-align: left;\">Altres llibres tamb\u00e9 v\u00e0lids per 8 anys<\/h2>\n<p>[\/vc_column_text][uncode_index el_id=&#8221;index-13672577&#8243; loop=&#8221;size:All|order_by:date|post_type:product|by_id:97612,97512,97505,97452,97451,97286,97285,97599,97600,97611|taxonomy_count:10&#8243; screen_lg=&#8221;1000&#8243; screen_md=&#8221;600&#8243; screen_sm=&#8221;480&#8243; gutter_size=&#8221;3&#8243; product_items=&#8221;title,media|featured|onpost|original|hide-sale|inherit-atc|inherit-w-atc|atc-typo-default|show-atc,link|default|default_size|scale_mobile|M\u00e9s informaci\u00f3&#8221; single_overlay_opacity=&#8221;50&#8243; single_h_align=&#8221;center&#8221; single_padding=&#8221;2&#8243; uncode_shortcode_id=&#8221;127168&#8243;][\/vc_column][\/vc_row]<\/p>\n<\/div>","protected":false},"excerpt":{"rendered":"<p>[vc_row][vc_column][vc_column_text uncode_shortcode_id=&#8221;143354&#8243;] Llibres per 8 anys Els nostres llibres infantils per a nens i nenes de 8 anys capten la [&hellip;]<\/p>\n","protected":false},"author":26,"featured_media":0,"parent":0,"menu_order":0,"comment_status":"closed","ping_status":"closed","template":"","meta":{"footnotes":""},"class_list":["post-4136","page","type-page","status-publish","hentry"],"_links":{"self":[{"href":"https:\/\/www.editorialelpirata.com\/ca\/wp-json\/wp\/v2\/pages\/4136","targetHints":{"allow":["GET"]}}],"collection":[{"href":"https:\/\/www.editorialelpirata.com\/ca\/wp-json\/wp\/v2\/pages"}],"about":[{"href":"https:\/\/www.editorialelpirata.com\/ca\/wp-json\/wp\/v2\/types\/page"}],"author":[{"embeddable":true,"href":"https:\/\/www.editorialelpirata.com\/ca\/wp-json\/wp\/v2\/users\/26"}],"replies":[{"embeddable":true,"href":"https:\/\/www.editorialelpirata.com\/ca\/wp-json\/wp\/v2\/comments?post=4136"}],"version-history":[{"count":4,"href":"https:\/\/www.editorialelpirata.com\/ca\/wp-json\/wp\/v2\/pages\/4136\/revisions"}],"predecessor-version":[{"id":100296,"href":"https:\/\/www.editorialelpirata.com\/ca\/wp-json\/wp\/v2\/pages\/4136\/revisions\/100296"}],"wp:attachment":[{"href":"https:\/\/www.editorialelpirata.com\/ca\/wp-json\/wp\/v2\/media?parent=4136"}],"curies":[{"name":"wp","href":"https:\/\/api.w.org\/{rel}","templated":true}]}}