{"id":4085,"date":"2016-01-07T18:45:49","date_gmt":"2016-01-07T18:45:49","guid":{"rendered":"http:\/\/edicionsdelpirata.cat\/?page_id=4085"},"modified":"2024-10-15T13:54:06","modified_gmt":"2024-10-15T13:54:06","slug":"llibres-per-a-6-anys-impremta","status":"publish","type":"page","link":"https:\/\/www.editorialelpirata.com\/ca\/llibres-per-a-6-anys-impremta\/","title":{"rendered":"Contes per a 6 anys en lletra d&#8217;impremta"},"content":{"rendered":"<div class=\"wpb-content-wrapper\"><p>[vc_row][vc_column][vc_column_text uncode_shortcode_id=&#8221;188138&#8243;]<\/p>\n<h1 style=\"text-align: center;\">Contes per a 6 anys en lletra d&#8217;impremta<\/h1>\n<h2><strong>COL\u00b7LECCI\u00d3 EL TRESOR DEL PIRATA:<\/strong><\/h2>\n<p>Els contes estan dissenyats per a les <strong>primeres incursions<\/strong> en els<strong> contes amb nom\u00e9s lletra d\u2019impremta<\/strong>.\u00a0Tenen moltes <strong>il\u00b7lustracions a color<\/strong> intercalades amb el text per aconseguir que el text no acapari als lectors. \u00c9s una col\u00b7lecci\u00f3 ideada per endinsar-se dins de la lectura en lletra d&#8217;impremta d&#8217;una manera agradable i gradual.[\/vc_column_text][uncode_index el_id=&#8221;index-877133&#8243; loop=&#8221;size:All|order_by:date|post_type:product|tax_query:2142|taxonomy_count:10&#8243; screen_lg=&#8221;1000&#8243; screen_md=&#8221;600&#8243; screen_sm=&#8221;480&#8243; gutter_size=&#8221;3&#8243; product_items=&#8221;media|featured|onpost|original|hide-sale|inherit-atc|inherit-w-atc|atc-typo-default|show-atc&#8221; single_overlay_opacity=&#8221;50&#8243; single_h_align=&#8221;center&#8221; single_padding=&#8221;2&#8243; uncode_shortcode_id=&#8221;338102&#8243;][vc_column_text]<strong>COL\u00b7LECCI\u00d3 BILING\u00dcE OT EL BRUIXOT EN CATAL\u00c0 I ANGL\u00c8S:<\/strong><\/p>\n<p>Es poden utilitzar per aprendre la lletra d&#8217;impremta i tamb\u00e9 per aprendre l&#8217;angl\u00e8s! No us la perdeu![\/vc_column_text][uncode_index el_id=&#8221;index-877134&#8243; loop=&#8221;size:All|order_by:date|post_type:product|tax_query:2367|taxonomy_count:10&#8243; screen_lg=&#8221;1000&#8243; screen_md=&#8221;600&#8243; screen_sm=&#8221;480&#8243; gutter_size=&#8221;3&#8243; product_items=&#8221;title,media|featured|onpost|original|hide-sale|inherit-atc|inherit-w-atc|show-atc,price|default&#8221; single_overlay_opacity=&#8221;50&#8243; single_h_align=&#8221;center&#8221; single_padding=&#8221;2&#8243; uncode_shortcode_id=&#8221;139519&#8243;][vc_column_text uncode_shortcode_id=&#8221;141060&#8243;]Recordeu que tenim <strong><a href=\"https:\/\/www.editorialelpirata.com\/ca\/propostes-didactiques\/\" target=\"_blank\" rel=\"noopener\">propostes did\u00e0ctiques<\/a><\/strong> dels llibres.[\/vc_column_text][\/vc_column][\/vc_row]<\/p>\n<\/div>","protected":false},"excerpt":{"rendered":"<p>[vc_row][vc_column][vc_column_text uncode_shortcode_id=&#8221;188138&#8243;] Contes per a 6 anys en lletra d&#8217;impremta COL\u00b7LECCI\u00d3 EL TRESOR DEL PIRATA: Els contes estan dissenyats per [&hellip;]<\/p>\n","protected":false},"author":26,"featured_media":0,"parent":0,"menu_order":0,"comment_status":"closed","ping_status":"closed","template":"","meta":{"footnotes":""},"class_list":["post-4085","page","type-page","status-publish","hentry"],"_links":{"self":[{"href":"https:\/\/www.editorialelpirata.com\/ca\/wp-json\/wp\/v2\/pages\/4085","targetHints":{"allow":["GET"]}}],"collection":[{"href":"https:\/\/www.editorialelpirata.com\/ca\/wp-json\/wp\/v2\/pages"}],"about":[{"href":"https:\/\/www.editorialelpirata.com\/ca\/wp-json\/wp\/v2\/types\/page"}],"author":[{"embeddable":true,"href":"https:\/\/www.editorialelpirata.com\/ca\/wp-json\/wp\/v2\/users\/26"}],"replies":[{"embeddable":true,"href":"https:\/\/www.editorialelpirata.com\/ca\/wp-json\/wp\/v2\/comments?post=4085"}],"version-history":[{"count":2,"href":"https:\/\/www.editorialelpirata.com\/ca\/wp-json\/wp\/v2\/pages\/4085\/revisions"}],"predecessor-version":[{"id":100524,"href":"https:\/\/www.editorialelpirata.com\/ca\/wp-json\/wp\/v2\/pages\/4085\/revisions\/100524"}],"wp:attachment":[{"href":"https:\/\/www.editorialelpirata.com\/ca\/wp-json\/wp\/v2\/media?parent=4085"}],"curies":[{"name":"wp","href":"https:\/\/api.w.org\/{rel}","templated":true}]}}