{"id":104945,"date":"2025-10-15T09:00:59","date_gmt":"2025-10-15T09:00:59","guid":{"rendered":"https:\/\/www.editorialelpirata.com\/?page_id=104945"},"modified":"2025-11-06T10:46:17","modified_gmt":"2025-11-06T10:46:17","slug":"golassos","status":"publish","type":"page","link":"https:\/\/www.editorialelpirata.com\/ca\/golassos\/","title":{"rendered":"Golassos, un equip que ho peta"},"content":{"rendered":"<div class=\"wpb-content-wrapper\"><p>[vc_row row_height_percent=&#8221;0&#8243; back_image=&#8221;104890&#8243; overlay_color=&#8221;color-210407&#8243; overlay_alpha=&#8221;50&#8243; gutter_size=&#8221;3&#8243; column_width_percent=&#8221;100&#8243; shift_y=&#8221;0&#8243; z_index=&#8221;0&#8243; content_parallax=&#8221;0&#8243; uncode_shortcode_id=&#8221;122816&#8243; overlay_color_type=&#8221;uncode-palette&#8221;][vc_column width=&#8221;1\/1&#8243;][vc_single_image media=&#8221;104828&#8243; media_width_percent=&#8221;65&#8243; alignment=&#8221;center&#8221; uncode_shortcode_id=&#8221;108771&#8243;][vc_column_text uncode_shortcode_id=&#8221;536735&#8243;]<\/p>\n<h2 style=\"text-align: center;\"><span style=\"color: #ffffff;\">Futbol, rialles i un equip que ho peta!<\/span><\/h2>\n<p>[\/vc_column_text][vc_empty_space empty_h=&#8221;2&#8243;][\/vc_column][\/vc_row][vc_row row_height_percent=&#8221;0&#8243; overlay_alpha=&#8221;50&#8243; gutter_size=&#8221;3&#8243; column_width_percent=&#8221;100&#8243; shift_y=&#8221;0&#8243; z_index=&#8221;0&#8243; content_parallax=&#8221;0&#8243; uncode_shortcode_id=&#8221;696621&#8243;][vc_column width=&#8221;2\/3&#8243;][vc_column_text uncode_shortcode_id=&#8221;152680&#8243;]Qui s\u00f3n els<em><strong> Golassos?<\/strong><\/em><\/p>\n<p>Descobreix la col\u00b7lecci\u00f3 <em data-start=\"278\" data-end=\"287\">Golassos<\/em>, plena d\u2019humor, amistat i passi\u00f3 pel futbol. Una hist\u00f2ria que ens ensenya que, amb perseveran\u00e7a i ganes de lluitar, <strong data-start=\"404\" data-end=\"451\">sempre es pot marcar el gol de la vict\u00f2ria!<\/strong><\/p>\n<p>&nbsp;<\/p>\n<p>Per qu\u00e8 llegir <em><strong>Golassos?<\/strong><\/em><\/p>\n<ul>\n<li data-start=\"1666\" data-end=\"1719\">\n<p data-start=\"1668\" data-end=\"1719\">Totes les p\u00e0gines estan <strong data-start=\"1692\" data-end=\"1716\">il\u00b7lustrades a color<\/strong>.<\/p>\n<\/li>\n<li data-start=\"1720\" data-end=\"1771\">\n<p data-start=\"1722\" data-end=\"1771\">Els di\u00e0legs apareixen en <strong data-start=\"1747\" data-end=\"1768\">vinyetes de c\u00f2mic<\/strong>.<\/p>\n<\/li>\n<li data-start=\"1772\" data-end=\"1821\">\n<p data-start=\"1774\" data-end=\"1821\">Ritme de lectura <strong data-start=\"1791\" data-end=\"1818\">trepidant i ple d\u2019humor<\/strong>.<\/p>\n<\/li>\n<li data-start=\"1822\" data-end=\"1874\">\n<p data-start=\"1824\" data-end=\"1874\">Recomanat per a <strong data-start=\"1840\" data-end=\"1871\">nens i nenes de 8 a 11 anys<\/strong>.<\/p>\n<\/li>\n<\/ul>\n<p>[\/vc_column_text][vc_column_text uncode_shortcode_id=&#8221;685741&#8243;]Tots els t\u00edtols de la col\u00b7lecci\u00f3 estan disponibles en castell\u00e0, angl\u00e8s i catal\u00e0.[\/vc_column_text][\/vc_column][vc_column column_width_percent=&#8221;100&#8243; gutter_size=&#8221;3&#8243; overlay_alpha=&#8221;50&#8243; shift_x=&#8221;0&#8243; shift_y=&#8221;0&#8243; shift_y_down=&#8221;0&#8243; z_index=&#8221;0&#8243; medium_visibility=&#8221;yes&#8221; medium_width=&#8221;0&#8243; mobile_width=&#8221;0&#8243; width=&#8221;1\/3&#8243; uncode_shortcode_id=&#8221;593711&#8243;][vc_single_image media=&#8221;104776&#8243; media_width_percent=&#8221;100&#8243; uncode_shortcode_id=&#8221;203924&#8243;][\/vc_column][\/vc_row][vc_row row_height_percent=&#8221;0&#8243; overlay_alpha=&#8221;50&#8243; gutter_size=&#8221;3&#8243; column_width_percent=&#8221;100&#8243; shift_y=&#8221;0&#8243; z_index=&#8221;0&#8243; content_parallax=&#8221;0&#8243; uncode_shortcode_id=&#8221;696621&#8243;][vc_column width=&#8221;1\/1&#8243;][vc_column_text uncode_shortcode_id=&#8221;165491&#8243;]Emporta\u2019t els <strong><i>Golassos<\/i><\/strong>\u00a0a casa!<\/p>\n<p>No et perdis les aventures de l\u2019\u00c0lex i el seu equip. Diverteix-te mentre aprens sobre l\u2019amistat, l\u2019esfor\u00e7 i la passi\u00f3 pel futbol.[\/vc_column_text][\/vc_column][\/vc_row][vc_row row_height_percent=&#8221;0&#8243; overlay_alpha=&#8221;50&#8243; gutter_size=&#8221;3&#8243; column_width_percent=&#8221;100&#8243; shift_y=&#8221;0&#8243; z_index=&#8221;0&#8243; content_parallax=&#8221;0&#8243; uncode_shortcode_id=&#8221;696621&#8243;][vc_column column_width_percent=&#8221;100&#8243; align_horizontal=&#8221;align_center&#8221; gutter_size=&#8221;3&#8243; overlay_alpha=&#8221;50&#8243; shift_x=&#8221;0&#8243; shift_y=&#8221;0&#8243; shift_y_down=&#8221;0&#8243; z_index=&#8221;0&#8243; medium_width=&#8221;0&#8243; mobile_width=&#8221;0&#8243; width=&#8221;1\/2&#8243; uncode_shortcode_id=&#8221;602509&#8243;][vc_single_image media=&#8221;104234&#8243; media_width_percent=&#8221;100&#8243; uncode_shortcode_id=&#8221;429980&#8243;][vc_column_text uncode_shortcode_id=&#8221;182062&#8243;]<\/p>\n<h3 style=\"text-align: center;\">Vol. 1 Aquest partit el guanyarem<\/h3>\n<p>A <strong>Aquest partit el guanyarem<\/strong> coneixerem l\u2019\u00c0lex, una apassionada del futbol que somia a formar part dels <em>Golazos<\/em>. Per\u00f2 la nova entrenadora no li ho posar\u00e0 gens f\u00e0cil. Per qu\u00e8 li t\u00e9 tanta mania? Ser\u00e0 perqu\u00e8 no dorm? I, a tot aix\u00f2&#8230; qu\u00e8 hi fa el gripau de la seva \u00e0via al mig d\u2019aquesta hist\u00f2ria?[\/vc_column_text][vc_button button_color=&#8221;color-390865&#8243; border_width=&#8221;0&#8243; uncode_shortcode_id=&#8221;256642&#8243; button_color_type=&#8221;uncode-palette&#8221; link=&#8221;url:%20https%3A%2F%2Fwww.editorialelpirata.com%2Fca%2FProducte%2Ffutbol-golassos-llibre-infantil%2F|target:_blank&#8221;]El vull[\/vc_button][\/vc_column][vc_column column_width_percent=&#8221;100&#8243; align_horizontal=&#8221;align_center&#8221; gutter_size=&#8221;3&#8243; overlay_alpha=&#8221;50&#8243; shift_x=&#8221;0&#8243; shift_y=&#8221;0&#8243; shift_y_down=&#8221;0&#8243; z_index=&#8221;0&#8243; medium_width=&#8221;0&#8243; mobile_width=&#8221;0&#8243; width=&#8221;1\/2&#8243; uncode_shortcode_id=&#8221;793588&#8243;][vc_single_image media=&#8221;104367&#8243; media_width_percent=&#8221;100&#8243; uncode_shortcode_id=&#8221;140183&#8243;][vc_column_text uncode_shortcode_id=&#8221;154827&#8243;]<\/p>\n<h3 style=\"text-align: center;\"><strong>Vol. 2 El torneig m\u00e9s desitjat<\/strong><\/h3>\n<p style=\"text-align: left;\">A <em>El torneig m\u00e9s desitjat<\/em>, els <em><strong>Golassos<\/strong> <\/em>participen en un torneig que promet solucionar el gran problema de l\u2019\u00c0lex. Per\u00f2 ha aparegut un nou equip al barri i\u2026 est\u00e0 format pels millors jugadors de la ciutat! Seran capa\u00e7os de guanyar el torneig i ajudar l\u2019\u00c0lex?<\/p>\n<p>[\/vc_column_text][vc_button button_color=&#8221;color-390865&#8243; border_width=&#8221;0&#8243; uncode_shortcode_id=&#8221;767979&#8243; button_color_type=&#8221;uncode-palette&#8221; link=&#8221;url:https%3A%2F%2Fwww.editorialelpirata.com%2Fca%2FProducte%2Fgolassos-futbol-equip%2F|target:_blank&#8221;]El vull[\/vc_button][\/vc_column][\/vc_row][vc_row row_height_percent=&#8221;0&#8243; overlay_alpha=&#8221;50&#8243; gutter_size=&#8221;3&#8243; column_width_percent=&#8221;100&#8243; shift_y=&#8221;0&#8243; z_index=&#8221;0&#8243; content_parallax=&#8221;0&#8243; uncode_shortcode_id=&#8221;696621&#8243;][vc_column width=&#8221;2\/3&#8243;][uncode_index el_id=&#8221;index-238857&#8243; loop=&#8221;size:10|order_by:date|post_type:product|by_id:104320|taxonomy_count:10&#8243; gutter_size=&#8221;3&#8243; single_overlay_opacity=&#8221;50&#8243; single_padding=&#8221;2&#8243; uncode_shortcode_id=&#8221;420370&#8243;][\/vc_column][vc_column width=&#8221;1\/3&#8243;][vc_column_text uncode_shortcode_id=&#8221;331041&#8243;]<\/p>\n<h1>Especial Estoig<\/h1>\n<h3>Dos primers t\u00edtols + pilota de regal<\/h3>\n<p>[\/vc_column_text][\/vc_column][\/vc_row][vc_row row_height_percent=&#8221;0&#8243; overlay_alpha=&#8221;50&#8243; gutter_size=&#8221;3&#8243; column_width_percent=&#8221;100&#8243; shift_y=&#8221;0&#8243; z_index=&#8221;0&#8243; content_parallax=&#8221;0&#8243; uncode_shortcode_id=&#8221;696621&#8243;][vc_column width=&#8221;1\/1&#8243;][vc_column_text uncode_shortcode_id=&#8221;211130&#8243;]<\/p>\n<p data-start=\"0\" data-end=\"30\">Els t\u00edtols de la col\u00b7lecci\u00f3:<\/p>\n<ul>\n<li data-start=\"32\" data-end=\"92\"><a href=\"https:\/\/www.editorialelpirata.com\/ca\/Producte\/futbol-golassos-llibre-infantil\/\" target=\"_blank\" rel=\"noopener\"><strong data-start=\"32\" data-end=\"62\">Aquest partit el guanyarem <\/strong><\/a><\/li>\n<li data-start=\"32\" data-end=\"92\"><a href=\"https:\/\/www.editorialelpirata.com\/ca\/Producte\/golassos-futbol-equip\/\" target=\"_blank\" rel=\"noopener\"><strong data-start=\"65\" data-end=\"92\" data-is-last-node=\"\">El torneig m\u00e9s desitjat<\/strong><\/a><\/li>\n<\/ul>\n<p>[\/vc_column_text][vc_column_text uncode_shortcode_id=&#8221;166356&#8243;]Altres col\u00b7leccions d\u2019humor i aventures d\u2019Editorial El Pirata:<\/p>\n<ul>\n<li><a href=\"https:\/\/www.editorialelpirata.com\/ca\/els-basquet-prodigis\/\" target=\"_blank\" rel=\"noopener\"><strong>Els B\u00e0squet prodigis<\/strong><\/a><\/li>\n<li><a href=\"https:\/\/www.editorialelpirata.com\/ca\/llibres-per-a-9-anys\/\" target=\"_blank\" rel=\"noopener\"><strong>Els embolics de la Judith i en Johan<\/strong><\/a><\/li>\n<li><a href=\"https:\/\/www.editorialelpirata.com\/ca\/exploradors-temps-aventures\/\" target=\"_blank\" rel=\"noopener\"><strong>Els Exploradors del Temps<\/strong><\/a><\/li>\n<li><a href=\"https:\/\/www.editorialelpirata.com\/ca\/historia-nens\/\" target=\"_blank\" rel=\"noopener\"><strong>Hist\u00f2ria il\u00b7lustrada per a nens<\/strong><\/a><\/li>\n<\/ul>\n<p>[\/vc_column_text][vc_empty_space empty_h=&#8221;2&#8243;][\/vc_column][\/vc_row]<\/p>\n<\/div>","protected":false},"excerpt":{"rendered":"<p>[vc_row row_height_percent=&#8221;0&#8243; back_image=&#8221;104890&#8243; overlay_color=&#8221;color-210407&#8243; overlay_alpha=&#8221;50&#8243; gutter_size=&#8221;3&#8243; column_width_percent=&#8221;100&#8243; shift_y=&#8221;0&#8243; z_index=&#8221;0&#8243; content_parallax=&#8221;0&#8243; uncode_shortcode_id=&#8221;122816&#8243; overlay_color_type=&#8221;uncode-palette&#8221;][vc_column width=&#8221;1\/1&#8243;][vc_single_image media=&#8221;104828&#8243; media_width_percent=&#8221;65&#8243; alignment=&#8221;center&#8221; uncode_shortcode_id=&#8221;108771&#8243;][vc_column_text uncode_shortcode_id=&#8221;536735&#8243;] Futbol, rialles [&hellip;]<\/p>\n","protected":false},"author":26,"featured_media":104776,"parent":0,"menu_order":0,"comment_status":"closed","ping_status":"closed","template":"","meta":{"footnotes":""},"class_list":["post-104945","page","type-page","status-publish","has-post-thumbnail","hentry"],"_links":{"self":[{"href":"https:\/\/www.editorialelpirata.com\/ca\/wp-json\/wp\/v2\/pages\/104945","targetHints":{"allow":["GET"]}}],"collection":[{"href":"https:\/\/www.editorialelpirata.com\/ca\/wp-json\/wp\/v2\/pages"}],"about":[{"href":"https:\/\/www.editorialelpirata.com\/ca\/wp-json\/wp\/v2\/types\/page"}],"author":[{"embeddable":true,"href":"https:\/\/www.editorialelpirata.com\/ca\/wp-json\/wp\/v2\/users\/26"}],"replies":[{"embeddable":true,"href":"https:\/\/www.editorialelpirata.com\/ca\/wp-json\/wp\/v2\/comments?post=104945"}],"version-history":[{"count":21,"href":"https:\/\/www.editorialelpirata.com\/ca\/wp-json\/wp\/v2\/pages\/104945\/revisions"}],"predecessor-version":[{"id":105274,"href":"https:\/\/www.editorialelpirata.com\/ca\/wp-json\/wp\/v2\/pages\/104945\/revisions\/105274"}],"wp:featuredmedia":[{"embeddable":true,"href":"https:\/\/www.editorialelpirata.com\/ca\/wp-json\/wp\/v2\/media\/104776"}],"wp:attachment":[{"href":"https:\/\/www.editorialelpirata.com\/ca\/wp-json\/wp\/v2\/media?parent=104945"}],"curies":[{"name":"wp","href":"https:\/\/api.w.org\/{rel}","templated":true}]}}