{"id":104854,"date":"2025-09-30T12:01:54","date_gmt":"2025-09-30T12:01:54","guid":{"rendered":"https:\/\/www.editorialelpirata.com\/?page_id=104854"},"modified":"2025-09-30T12:02:23","modified_gmt":"2025-09-30T12:02:23","slug":"avis-legal","status":"publish","type":"page","link":"https:\/\/www.editorialelpirata.com\/ca\/avis-legal\/","title":{"rendered":"Av\u00eds legal"},"content":{"rendered":"<h1 data-start=\"111\" data-end=\"123\">Av\u00eds Legal<\/h1>\n<p data-start=\"125\" data-end=\"304\">En compliment del que disposa la Llei 34\/2002, d\u201911 de juliol, de serveis de la societat de la informaci\u00f3 i de comer\u00e7 electr\u00f2nic (LSSICE), s\u2019informa dels aspectes legals seg\u00fcents:<\/p>\n<h2 data-start=\"306\" data-end=\"340\">1. Titularitat de la p\u00e0gina web<\/h2>\n<ul data-start=\"341\" data-end=\"642\">\n<li data-start=\"341\" data-end=\"384\">\n<p data-start=\"343\" data-end=\"384\"><strong data-start=\"343\" data-end=\"354\">Titular<\/strong>: Editorial la Mar Salada SL<\/p>\n<\/li>\n<li data-start=\"385\" data-end=\"407\">\n<p data-start=\"387\" data-end=\"407\"><strong data-start=\"387\" data-end=\"394\">CIF<\/strong>: B67239111<\/p>\n<\/li>\n<li data-start=\"408\" data-end=\"486\">\n<p data-start=\"410\" data-end=\"486\"><strong data-start=\"410\" data-end=\"429\">Domicili social<\/strong>: C. Ribot i Serra, 162 Bis, 08208 Sabadell (Barcelona)<\/p>\n<\/li>\n<li data-start=\"487\" data-end=\"545\">\n<p data-start=\"489\" data-end=\"545\"><strong data-start=\"489\" data-end=\"510\">Correu electr\u00f2nic<\/strong>: <a class=\"decorated-link cursor-pointer\" rel=\"noopener\" data-start=\"512\" data-end=\"543\">editorial@editorialelpirata.com<\/a><\/p>\n<\/li>\n<li data-start=\"546\" data-end=\"596\">\n<p data-start=\"548\" data-end=\"596\"><strong data-start=\"548\" data-end=\"573\">Nom comercial \/ marca<\/strong>: Editorial el Pirata<\/p>\n<\/li>\n<li data-start=\"597\" data-end=\"642\">\n<p data-start=\"599\" data-end=\"642\"><strong data-start=\"599\" data-end=\"613\">Domini web<\/strong>: www.editorialelpirata.com<\/p>\n<\/li>\n<\/ul>\n<p data-start=\"658\" data-end=\"976\">El present Av\u00eds Legal regula l\u2019acc\u00e9s, la navegaci\u00f3 i l\u2019\u00fas del lloc web www.editorialelpirata.com (d\u2019ara endavant, el \u201cLloc Web\u201d).<br data-start=\"787\" data-end=\"790\" \/>L\u2019acc\u00e9s i la utilitzaci\u00f3 d\u2019aquest Lloc Web atribueixen la condici\u00f3 d\u2019Usuari, cosa que implica l\u2019acceptaci\u00f3 plena i sense reserves de totes les condicions incloses en aquest Av\u00eds Legal.<\/p>\n<h2 data-start=\"978\" data-end=\"999\">3. Condicions d\u2019\u00fas<\/h2>\n<p data-start=\"1000\" data-end=\"1338\">L\u2019Usuari es compromet a utilitzar el Lloc Web de conformitat amb la llei, el present Av\u00eds Legal, la moral, els bons costums i l\u2019ordre p\u00fablic. Queda prohibit qualsevol \u00fas amb finalitats il\u00b7l\u00edcites o que pugui perjudicar, impedir o malmetre el funcionament normal del Lloc Web o els b\u00e9ns i drets d\u2019Editorial la Mar Salada SL o de tercers.<\/p>\n<h2 data-start=\"1340\" data-end=\"1382\">4. Propietat intel\u00b7lectual i industrial<\/h2>\n<p data-start=\"1383\" data-end=\"1780\">Tots els continguts del Lloc Web (textos, imatges, logotips, gr\u00e0fics, programari, codi font, disseny, etc.) s\u00f3n titularitat d\u2019Editorial la Mar Salada SL o de tercers que n\u2019han autoritzat l\u2019\u00fas. Queda expressament prohibida la reproducci\u00f3, distribuci\u00f3, comunicaci\u00f3 p\u00fablica, transformaci\u00f3 o qualsevol altra forma d\u2019explotaci\u00f3 d\u2019aquests continguts sense l\u2019autoritzaci\u00f3 pr\u00e8via i expressa del titular.<\/p>\n<h2 data-start=\"1782\" data-end=\"1804\">5. Enlla\u00e7os externs<\/h2>\n<p data-start=\"1805\" data-end=\"2033\">El Lloc Web pot incloure enlla\u00e7os a llocs web de tercers. Editorial la Mar Salada SL no es responsabilitza del contingut, informaci\u00f3 o serveis que puguin apar\u00e8ixer en aquests llocs, que tenen exclusivament car\u00e0cter informatiu.<\/p>\n<h2 data-start=\"2035\" data-end=\"2056\">6. Responsabilitat<\/h2>\n<p data-start=\"2057\" data-end=\"2231\">Editorial la Mar Salada SL no es fa responsable dels danys i perjudicis de qualsevol naturalesa derivats del mal \u00fas del Lloc Web o de la manca de disponibilitat del mateix.<\/p>\n<h2 data-start=\"2233\" data-end=\"2273\">7. Legislaci\u00f3 aplicable i jurisdicci\u00f3<\/h2>\n<p data-start=\"2274\" data-end=\"2562\">El present Av\u00eds Legal es regeix per la legislaci\u00f3 espanyola. Per a la resoluci\u00f3 de qualsevol conflicte que pugui derivar-se de l\u2019acc\u00e9s o \u00fas del Lloc Web, l\u2019Usuari se sotmet als jutjats i tribunals de Sabadell (Barcelona), llevat que la normativa aplicable disposi una altra jurisdicci\u00f3.<\/p>\n","protected":false},"excerpt":{"rendered":"<p>Av\u00eds Legal En compliment del que disposa la Llei 34\/2002, d\u201911 de juliol, de serveis de la societat de la [&hellip;]<\/p>\n","protected":false},"author":26,"featured_media":0,"parent":0,"menu_order":0,"comment_status":"closed","ping_status":"closed","template":"","meta":{"footnotes":""},"class_list":["post-104854","page","type-page","status-publish","hentry"],"_links":{"self":[{"href":"https:\/\/www.editorialelpirata.com\/ca\/wp-json\/wp\/v2\/pages\/104854","targetHints":{"allow":["GET"]}}],"collection":[{"href":"https:\/\/www.editorialelpirata.com\/ca\/wp-json\/wp\/v2\/pages"}],"about":[{"href":"https:\/\/www.editorialelpirata.com\/ca\/wp-json\/wp\/v2\/types\/page"}],"author":[{"embeddable":true,"href":"https:\/\/www.editorialelpirata.com\/ca\/wp-json\/wp\/v2\/users\/26"}],"replies":[{"embeddable":true,"href":"https:\/\/www.editorialelpirata.com\/ca\/wp-json\/wp\/v2\/comments?post=104854"}],"version-history":[{"count":2,"href":"https:\/\/www.editorialelpirata.com\/ca\/wp-json\/wp\/v2\/pages\/104854\/revisions"}],"predecessor-version":[{"id":104856,"href":"https:\/\/www.editorialelpirata.com\/ca\/wp-json\/wp\/v2\/pages\/104854\/revisions\/104856"}],"wp:attachment":[{"href":"https:\/\/www.editorialelpirata.com\/ca\/wp-json\/wp\/v2\/media?parent=104854"}],"curies":[{"name":"wp","href":"https:\/\/api.w.org\/{rel}","templated":true}]}}