{"id":104843,"date":"2025-09-30T11:54:17","date_gmt":"2025-09-30T11:54:17","guid":{"rendered":"https:\/\/www.editorialelpirata.com\/?page_id=104843"},"modified":"2025-09-30T11:55:24","modified_gmt":"2025-09-30T11:55:24","slug":"politica-de-privacitat","status":"publish","type":"page","link":"https:\/\/www.editorialelpirata.com\/ca\/politica-de-privacitat\/","title":{"rendered":"Politica de privacitat"},"content":{"rendered":"<h1 data-start=\"181\" data-end=\"205\">Pol\u00edtica de Privacitat<\/h1>\n<p data-start=\"207\" data-end=\"817\">Editorial el Pirata \u00e9s una marca d\u2019Editorial la Mar Salada SL, com a responsable del lloc web, i de conformitat amb el que disposa el Reglament (UE) 2016\/679, de 27 d\u2019abril, relatiu a la protecci\u00f3 de les persones f\u00edsiques pel que fa al tractament de dades personals (conegut tamb\u00e9 com a \u00abRGPD\u00bb), i la Llei 34\/2002, d\u201911 de juliol, de serveis de la societat de la informaci\u00f3 i del comer\u00e7 electr\u00f2nic (LSSICE), informa que ha implantat les mesures de seguretat necess\u00e0ries, de car\u00e0cter t\u00e8cnic i organitzatiu, per garantir i protegir la confidencialitat, la integritat i la disponibilitat de les dades introdu\u00efdes.<\/p>\n<h3 data-start=\"819\" data-end=\"852\">1. RESPONSABLE DEL TRACTAMENT<\/h3>\n<ul data-start=\"853\" data-end=\"1037\">\n<li data-start=\"853\" data-end=\"896\">\n<p data-start=\"855\" data-end=\"896\"><strong data-start=\"855\" data-end=\"866\">Titular<\/strong>: Editorial la Mar Salada SL<\/p>\n<\/li>\n<li data-start=\"897\" data-end=\"919\">\n<p data-start=\"899\" data-end=\"919\"><strong data-start=\"899\" data-end=\"906\">CIF<\/strong>: B67239111<\/p>\n<\/li>\n<li data-start=\"920\" data-end=\"989\">\n<p data-start=\"922\" data-end=\"989\"><strong data-start=\"922\" data-end=\"932\">Adre\u00e7a<\/strong>: C. Ribot i Serra, 162 Bis, 08208 Sabadell (Barcelona)<\/p>\n<\/li>\n<li data-start=\"990\" data-end=\"1037\">\n<p data-start=\"992\" data-end=\"1037\"><strong data-start=\"992\" data-end=\"1002\">E-mail<\/strong>: <a class=\"decorated-link cursor-pointer\" rel=\"noopener\" data-start=\"1004\" data-end=\"1035\">editorial@editorialelpirata.com<\/a><\/p>\n<\/li>\n<\/ul>\n<h3 data-start=\"1039\" data-end=\"1070\">2. FINALITAT DEL TRACTAMENT<\/h3>\n<p data-start=\"1071\" data-end=\"1166\">A Editorial la Mar Salada SL tractem les dades que ens faciliteu amb les finalitats seg\u00fcents:<\/p>\n<ul data-start=\"1167\" data-end=\"1409\">\n<li data-start=\"1167\" data-end=\"1291\">\n<p data-start=\"1169\" data-end=\"1291\">Gestionar les dades facilitades pels nostres clients \/ usuaris de la p\u00e0gina web per tramitar l\u2019enviament de les compres.<\/p>\n<\/li>\n<li data-start=\"1292\" data-end=\"1409\">\n<p data-start=\"1294\" data-end=\"1409\">Enviar informaci\u00f3 pr\u00e8viament autoritzada relativa a descomptes, promocions i\/o informaci\u00f3 general de l\u2019editorial.<\/p>\n<\/li>\n<\/ul>\n<p data-start=\"1411\" data-end=\"1551\">No tractem les vostres dades personals amb cap altra finalitat que les descrites aqu\u00ed, excepte per obligaci\u00f3 legal o requeriment judicial.<\/p>\n<h3 data-start=\"1553\" data-end=\"1566\">3. DURADA<\/h3>\n<p data-start=\"1567\" data-end=\"1673\">Les dades personals proporcionades es conservaran mentre l\u2019interessat\/ada no en sol\u00b7liciti la supressi\u00f3.<\/p>\n<h3 data-start=\"1675\" data-end=\"1706\">4. LEGITIMACI\u00d3 I TRACTAMENT<\/h3>\n<p data-start=\"1707\" data-end=\"1793\">La base legal per al tractament de les dades \u00e9s el consentiment de l\u2019interessat\/ada.<\/p>\n<h3 data-start=\"1795\" data-end=\"1814\">5. DESTINATARIS<\/h3>\n<p data-start=\"1815\" data-end=\"1879\">No es cediran les dades a tercers excepte per obligaci\u00f3 legal.<\/p>\n<h3 data-start=\"1881\" data-end=\"1919\">6. LLOC ON ES GUARDA LA INFORMACI\u00d3<\/h3>\n<p data-start=\"1920\" data-end=\"2218\">La informaci\u00f3 proporcionada es guarda en les bases de dades propietat d\u2019Editorial la Mar Salada SL o en prove\u00efdors i empreses contractades per aquesta, encarregades del tractament de dades que tenen els servidors dins del territori de la Uni\u00f3 Europea o emparats pel marc <strong data-start=\"2191\" data-end=\"2215\">EU-US Privacy Shield<\/strong>.<\/p>\n<h3 data-start=\"2220\" data-end=\"2278\">7. DRETS DE LES PERSONES QUE FACILITEN LES SEVES DADES<\/h3>\n<ul data-start=\"2279\" data-end=\"3002\">\n<li data-start=\"2279\" data-end=\"2390\">\n<p data-start=\"2281\" data-end=\"2390\"><strong data-start=\"2281\" data-end=\"2297\">Dret d\u2019acc\u00e9s<\/strong>: con\u00e8ixer i obtenir informaci\u00f3 sobre les dades de car\u00e0cter personal sotmeses a tractament.<\/p>\n<\/li>\n<li data-start=\"2391\" data-end=\"2506\">\n<p data-start=\"2393\" data-end=\"2506\"><strong data-start=\"2393\" data-end=\"2429\">Dret de rectificaci\u00f3 o supressi\u00f3<\/strong>: corregir errors i modificar les dades que siguin inexactes o incompletes.<\/p>\n<\/li>\n<li data-start=\"2507\" data-end=\"2581\">\n<p data-start=\"2509\" data-end=\"2581\"><strong data-start=\"2509\" data-end=\"2533\">Dret de cancel\u00b7laci\u00f3<\/strong>: suprimir les dades inadequades o excessives.<\/p>\n<\/li>\n<li data-start=\"2582\" data-end=\"2664\">\n<p data-start=\"2584\" data-end=\"2664\"><strong data-start=\"2584\" data-end=\"2603\">Dret d\u2019oposici\u00f3<\/strong>: impedir el tractament de les dades personals o cessar-lo.<\/p>\n<\/li>\n<li data-start=\"2665\" data-end=\"2780\">\n<p data-start=\"2667\" data-end=\"2780\"><strong data-start=\"2667\" data-end=\"2695\">Limitaci\u00f3 del tractament<\/strong>: marcar les dades personals conservades per tal de limitar-ne el tractament futur.<\/p>\n<\/li>\n<li data-start=\"2781\" data-end=\"2942\">\n<p data-start=\"2783\" data-end=\"2942\"><strong data-start=\"2783\" data-end=\"2812\">Portabilitat de les dades<\/strong>: facilitar a l\u2019interessat les dades objecte de tractament perqu\u00e8 les pugui transmetre a un altre responsable sense impediments.<\/p>\n<\/li>\n<li data-start=\"2943\" data-end=\"3002\">\n<p data-start=\"2945\" data-end=\"3002\"><strong data-start=\"2945\" data-end=\"2979\">Dret a retirar el consentiment<\/strong> en qualsevol moment.<\/p>\n<\/li>\n<\/ul>\n<p data-start=\"3004\" data-end=\"3176\">L\u2019interessat tamb\u00e9 t\u00e9 dret a presentar una reclamaci\u00f3 davant l\u2019autoritat de control si considera que s\u2019han pogut vulnerar els seus drets en mat\u00e8ria de protecci\u00f3 de dades.<\/p>\n<p data-start=\"3178\" data-end=\"3315\">Podreu exercir aquests drets posant-vos en contacte amb Editorial la Mar Salada SL a trav\u00e9s del correu: <a class=\"decorated-link cursor-pointer\" rel=\"noopener\" data-start=\"3282\" data-end=\"3313\">editorial@editorialelpirata.com<\/a><\/p>\n<h3 data-start=\"3317\" data-end=\"3354\">8. ACC\u00c9S I SEGURETAT EN LA COMPRA<\/h3>\n<p data-start=\"3355\" data-end=\"3506\">La navegaci\u00f3 pel lloc web \u00e9s gratu\u00efta. Nom\u00e9s caldr\u00e0 acc\u00e9s registrat per controlar les compres realitzades pel\/la Usuari\/a mitjan\u00e7ant una contrasenya.<\/p>\n<p data-start=\"3508\" data-end=\"3637\">L\u2019\u00fas de la contrasenya \u00e9s personal i intransferible. L\u2019Usuari\/a es compromet a fer-ne un \u00fas diligent i a mantenir-ne el secret.<\/p>\n<p data-start=\"3639\" data-end=\"3795\">En cas de sospitar un \u00fas fraudulent, cal comunicar-ho a Editorial la Mar Salada SL tan aviat com sigui possible o b\u00e9 modificar-la dins del gestor d\u2019acc\u00e9s.<\/p>\n<p data-start=\"3797\" data-end=\"4008\">Tot el proc\u00e9s de compra est\u00e0 protegit pel sistema <strong data-start=\"3847\" data-end=\"3856\">HTTPS<\/strong>. El proc\u00e9s de pagament sempre es realitza externament a trav\u00e9s de l\u2019entitat banc\u00e0ria corresponent, que protegeix les dades m\u00e9s sensibles de pagament.<\/p>\n<h3 data-start=\"4010\" data-end=\"4023\">RECAPTCHA<\/h3>\n<p data-start=\"4024\" data-end=\"4275\">Aquest lloc web utilitza el servei reCAPTCHA de Google Inc. per protegir les dades dels usuaris enviades a trav\u00e9s de formularis. Aquest servei permet diferenciar l\u2019enviament autom\u00e0tic de dades per sistemes mec\u00e0nics del que fan les persones f\u00edsiques.<\/p>\n<p data-start=\"4277\" data-end=\"4433\">Per aix\u00f2, Google rep l\u2019adre\u00e7a IP de l\u2019usuari, que ser\u00e0 encriptada dins la UE o l\u2019EEE. Nom\u00e9s en casos excepcionals s\u2019enviar\u00e0 al servidor de Google als EUA.<\/p>\n<p data-start=\"4435\" data-end=\"4590\">L\u2019\u00fas de reCAPTCHA en aquest lloc web \u00e9s en mode <strong data-start=\"4483\" data-end=\"4496\">INVISIBLE<\/strong>, actualitzat a les novetats ofertes per Google Inc. per millorar l\u2019experi\u00e8ncia de l\u2019usuari.<\/p>\n<p data-start=\"4592\" data-end=\"4734\">En utilitzar aquest servei, l\u2019usuari \u00e9s conscient del tractament de dades que Google fa en la forma i els prop\u00f2sits establerts anteriorment.<\/p>\n","protected":false},"excerpt":{"rendered":"<p>Pol\u00edtica de Privacitat Editorial el Pirata \u00e9s una marca d\u2019Editorial la Mar Salada SL, com a responsable del lloc web, [&hellip;]<\/p>\n","protected":false},"author":26,"featured_media":0,"parent":0,"menu_order":0,"comment_status":"closed","ping_status":"closed","template":"","meta":{"footnotes":""},"class_list":["post-104843","page","type-page","status-publish","hentry"],"_links":{"self":[{"href":"https:\/\/www.editorialelpirata.com\/ca\/wp-json\/wp\/v2\/pages\/104843","targetHints":{"allow":["GET"]}}],"collection":[{"href":"https:\/\/www.editorialelpirata.com\/ca\/wp-json\/wp\/v2\/pages"}],"about":[{"href":"https:\/\/www.editorialelpirata.com\/ca\/wp-json\/wp\/v2\/types\/page"}],"author":[{"embeddable":true,"href":"https:\/\/www.editorialelpirata.com\/ca\/wp-json\/wp\/v2\/users\/26"}],"replies":[{"embeddable":true,"href":"https:\/\/www.editorialelpirata.com\/ca\/wp-json\/wp\/v2\/comments?post=104843"}],"version-history":[{"count":1,"href":"https:\/\/www.editorialelpirata.com\/ca\/wp-json\/wp\/v2\/pages\/104843\/revisions"}],"predecessor-version":[{"id":104846,"href":"https:\/\/www.editorialelpirata.com\/ca\/wp-json\/wp\/v2\/pages\/104843\/revisions\/104846"}],"wp:attachment":[{"href":"https:\/\/www.editorialelpirata.com\/ca\/wp-json\/wp\/v2\/media?parent=104843"}],"curies":[{"name":"wp","href":"https:\/\/api.w.org\/{rel}","templated":true}]}}