{"id":103391,"date":"2025-09-30T07:07:36","date_gmt":"2025-09-30T07:07:36","guid":{"rendered":"https:\/\/www.editorialelpirata.com\/?page_id=103391"},"modified":"2026-01-29T11:57:01","modified_gmt":"2026-01-29T11:57:01","slug":"solucionari-dinosaures","status":"publish","type":"page","link":"https:\/\/www.editorialelpirata.com\/ca\/solucionari-dinosaures\/","title":{"rendered":"Solucionari &#8221; EL GRAN LLIBRE JOC DELS DINOSAURES&#8221;"},"content":{"rendered":"<div class=\"wpb-content-wrapper\"><p>[vc_row][vc_column width=&#8221;1\/1&#8243;][vc_custom_heading uncode_shortcode_id=&#8221;203333&#8243;]<\/p>\n<h1 class=\"post-title\">SOLUCIONARI &#8220;EL GRAN LLIBRE JOC DELS DINOSAURES&#8221;<\/h1>\n<p>[\/vc_custom_heading][\/vc_column][\/vc_row][vc_row][vc_column width=&#8221;1\/1&#8243;][vc_column_text uncode_shortcode_id=&#8221;115316&#8243;]<\/p>\n<h3><strong>T\u2019ha agradat\u00a0<i>El gran llibre joc de la fantasia<\/i><\/strong>?\u00a0Perqu\u00e8 aqu\u00ed trobar\u00e0s un document gratu\u00eft amb totes les solucions per a veure si has encertat!<\/h3>\n<p>I no sols aix\u00f2! A m\u00e9s de les solucions, aprendr\u00e0s un munt de curiositats sobre el m\u00f3n de la fantasia que hem vist en les il\u00b7lustracions del llibre.<\/p>\n<p style=\"text-align: center;\"><a href=\"https:\/\/drive.google.com\/file\/d\/1-GLzTg8b9TP3Ga1sFNjhTHeoJw1odCJO\/view?usp=sharing\" target=\"_blank\" rel=\"noopener\">Descarrega el PDF per a veure les solucions i les curiositats<\/a>.<\/p>\n<p>[\/vc_column_text][\/vc_column][\/vc_row][vc_row][vc_column width=&#8221;1\/4&#8243;][vc_single_image media=&#8221;105286&#8243; media_width_percent=&#8221;100&#8243; uncode_shortcode_id=&#8221;189998&#8243; media_link=&#8221;url:https%3A%2F%2Fwww.editorialelpirata.com%2Fca%2FProducte%2Fllibre-joc-dinosaures%2F|title:EL%20GRAN%20LLIBRE%20JOC%20DELS%20DINOSAURES|target:_blank&#8221;][\/vc_column][vc_column width=&#8221;3\/4&#8243;][vc_single_image media=&#8221;104800&#8243; media_width_percent=&#8221;100&#8243; uncode_shortcode_id=&#8221;542848&#8243; media_link=&#8221;url:https%3A%2F%2Fwww.editorialelpirata.com%2Fca%2FProducte%2Fllibre-joc-dinosaures%2F|title:EL%20GRAN%20LLIBRE%20JOC%20DELS%20DINOSAURES|target:_blank&#8221;][\/vc_column][\/vc_row][vc_row][vc_column width=&#8221;1\/1&#8243;][vc_column_text uncode_shortcode_id=&#8221;929490&#8243;]<\/p>\n<h4>Has trobat m\u00e9s elements que els que apareixen en aquest solucionari? No et preocupis, aix\u00f2 significa que ho has fet molt b\u00e9!<\/h4>\n<p>[\/vc_column_text][\/vc_column][\/vc_row][vc_row][vc_column width=&#8221;1\/3&#8243;][\/vc_column][vc_column width=&#8221;1\/3&#8243;][vc_button border_width=&#8221;0&#8243; link=&#8221;url:https%3A%2F%2Fdrive.google.com%2Ffile%2Fd%2F1-GLzTg8b9TP3Ga1sFNjhTHeoJw1odCJO%2Fview%3Fusp%3Dsharing|target:_blank&#8221; uncode_shortcode_id=&#8221;111017&#8243;]Ves al solucionari[\/vc_button][\/vc_column][vc_column width=&#8221;1\/3&#8243;][\/vc_column][\/vc_row]<\/p>\n<\/div>","protected":false},"excerpt":{"rendered":"<p>[vc_row][vc_column width=&#8221;1\/1&#8243;][vc_custom_heading uncode_shortcode_id=&#8221;203333&#8243;] SOLUCIONARI &#8220;EL GRAN LLIBRE JOC DELS DINOSAURES&#8221; [\/vc_custom_heading][\/vc_column][\/vc_row][vc_row][vc_column width=&#8221;1\/1&#8243;][vc_column_text uncode_shortcode_id=&#8221;115316&#8243;] T\u2019ha agradat\u00a0El gran llibre joc de la [&hellip;]<\/p>\n","protected":false},"author":26,"featured_media":0,"parent":0,"menu_order":0,"comment_status":"closed","ping_status":"closed","template":"","meta":{"footnotes":""},"class_list":["post-103391","page","type-page","status-publish","hentry"],"_links":{"self":[{"href":"https:\/\/www.editorialelpirata.com\/ca\/wp-json\/wp\/v2\/pages\/103391","targetHints":{"allow":["GET"]}}],"collection":[{"href":"https:\/\/www.editorialelpirata.com\/ca\/wp-json\/wp\/v2\/pages"}],"about":[{"href":"https:\/\/www.editorialelpirata.com\/ca\/wp-json\/wp\/v2\/types\/page"}],"author":[{"embeddable":true,"href":"https:\/\/www.editorialelpirata.com\/ca\/wp-json\/wp\/v2\/users\/26"}],"replies":[{"embeddable":true,"href":"https:\/\/www.editorialelpirata.com\/ca\/wp-json\/wp\/v2\/comments?post=103391"}],"version-history":[{"count":24,"href":"https:\/\/www.editorialelpirata.com\/ca\/wp-json\/wp\/v2\/pages\/103391\/revisions"}],"predecessor-version":[{"id":105978,"href":"https:\/\/www.editorialelpirata.com\/ca\/wp-json\/wp\/v2\/pages\/103391\/revisions\/105978"}],"wp:attachment":[{"href":"https:\/\/www.editorialelpirata.com\/ca\/wp-json\/wp\/v2\/media?parent=103391"}],"curies":[{"name":"wp","href":"https:\/\/api.w.org\/{rel}","templated":true}]}}