{"id":103381,"date":"2026-01-29T09:43:29","date_gmt":"2026-01-29T09:43:29","guid":{"rendered":"https:\/\/www.editorialelpirata.com\/?page_id=103381"},"modified":"2026-04-07T08:03:07","modified_gmt":"2026-04-07T08:03:07","slug":"solucionari-fantasia","status":"publish","type":"page","link":"https:\/\/www.editorialelpirata.com\/ca\/solucionari-fantasia\/","title":{"rendered":"Solucionari &#8220;EL GRAN LLIBRE JOC DE FANTASIA&#8221;"},"content":{"rendered":"<div class=\"wpb-content-wrapper\"><p>[vc_row][vc_column][vc_row_inner][vc_column_inner width=&#8221;1\/1&#8243;][vc_custom_heading uncode_shortcode_id=&#8221;821698&#8243;]<\/p>\n<h1 class=\"post-title\">SOLUCIONARI &#8220;EL GRAN LLIBRE DE LA FANTASIA&#8221;<\/h1>\n<p>[\/vc_custom_heading][\/vc_column_inner][\/vc_row_inner][vc_row_inner][vc_column_inner width=&#8221;1\/1&#8243;][vc_column_text uncode_shortcode_id=&#8221;154172&#8243;]<\/p>\n<h3><strong>T&#8217;ha agradat <i>El gran llibre joc de la fantasia<\/i><\/strong>?\u00a0Perqu\u00e8 aqu\u00ed trobar\u00e0s un document gratu\u00eft amb totes les solucions per a veure si has encertat!<\/h3>\n<p>I no sols aix\u00f2! A m\u00e9s de les solucions, aprendr\u00e0s un munt de curiositats sobre el m\u00f3n de la fantasia que hem vist en les il\u00b7lustracions del llibre.<\/p>\n<p style=\"text-align: center;\"><a href=\"https:\/\/drive.google.com\/file\/d\/1bt_iNvyk6NOjquVH18vnv0LtV1J8IaSX\/view?usp=drive_link\" target=\"_blank\" rel=\"noopener\">Descarrega el PDF per a veure les solucions i les curiositats.<\/a><\/p>\n<p>[\/vc_column_text][\/vc_column_inner][\/vc_row_inner][vc_row_inner][vc_column_inner width=&#8221;1\/4&#8243;][vc_single_image media=&#8221;105698&#8243; media_width_percent=&#8221;100&#8243; media_link=&#8221;url:https%3A%2F%2Fwww.editorialelpirata.com%2Fca%2FProducte%2Fel-gran-llibre-joc-de-fantasia%2F|title:EL%20GRAN%20LLIBRE%20JOC%20DE%20LA%20FANTASIA|target:_blank&#8221; uncode_shortcode_id=&#8221;181742&#8243;][\/vc_column_inner][vc_column_inner width=&#8221;3\/4&#8243;][vc_single_image media=&#8221;105901&#8243; media_width_percent=&#8221;100&#8243; media_link=&#8221;url:https%3A%2F%2Fwww.editorialelpirata.com%2Fca%2FProducte%2Fel-gran-llibre-joc-de-fantasia%2F|title:EL%20GRAN%20LLIBRE%20JOC%20DE%20LA%20FANTASIA|target:_blank&#8221; uncode_shortcode_id=&#8221;565700&#8243;][\/vc_column_inner][\/vc_row_inner][vc_row_inner][vc_column_inner width=&#8221;1\/1&#8243;][vc_column_text uncode_shortcode_id=&#8221;141902&#8243;]<\/p>\n<h4>Has trobat m\u00e9s elements que els que apareixen en aquest solucionari? No et preocupis, aix\u00f2 significa que ho has fet molt b\u00e9!<\/h4>\n<p>[\/vc_column_text][\/vc_column_inner][\/vc_row_inner][vc_row_inner][vc_column_inner width=&#8221;1\/4&#8243;][\/vc_column_inner][vc_column_inner width=&#8221;1\/2&#8243;][vc_button button_color=&#8221;color-210407&#8243; size=&#8221;btn-xl&#8221; border_width=&#8221;0&#8243; link=&#8221;url:https%3A%2F%2Fdrive.google.com%2Ffile%2Fd%2F1bt_iNvyk6NOjquVH18vnv0LtV1J8IaSX%2Fview%3Fusp%3Dsharing|target:_blank&#8221; button_color_type=&#8221;uncode-palette&#8221; uncode_shortcode_id=&#8221;114310&#8243;]Ves al solucionari[\/vc_button][\/vc_column_inner][vc_column_inner width=&#8221;1\/4&#8243;][\/vc_column_inner][\/vc_row_inner][vc_row_inner][vc_column_inner width=&#8221;1\/4&#8243;][\/vc_column_inner][vc_column_inner width=&#8221;1\/2&#8243;][vc_single_image media=&#8221;105927&#8243; media_width_percent=&#8221;100&#8243; uncode_shortcode_id=&#8221;191616&#8243; media_link=&#8221;url:https%3A%2F%2Fwww.editorialelpirata.com%2Fca%2FProducte%2Fel-gran-llibre-joc-de-fantasia%2F|title:EL%20GRAN%20LLIBRE%20JOC%20DE%20LA%20FANTASIA|target:_blank&#8221;][\/vc_column_inner][vc_column_inner width=&#8221;1\/4&#8243;][\/vc_column_inner][\/vc_row_inner][\/vc_column][\/vc_row]<\/p>\n<\/div>","protected":false},"excerpt":{"rendered":"<p>[vc_row][vc_column][vc_row_inner][vc_column_inner width=&#8221;1\/1&#8243;][vc_custom_heading uncode_shortcode_id=&#8221;821698&#8243;] SOLUCIONARI &#8220;EL GRAN LLIBRE DE LA FANTASIA&#8221; [\/vc_custom_heading][\/vc_column_inner][\/vc_row_inner][vc_row_inner][vc_column_inner width=&#8221;1\/1&#8243;][vc_column_text uncode_shortcode_id=&#8221;154172&#8243;] T&#8217;ha agradat El gran llibre joc de [&hellip;]<\/p>\n","protected":false},"author":26,"featured_media":0,"parent":0,"menu_order":0,"comment_status":"closed","ping_status":"closed","template":"","meta":{"footnotes":""},"class_list":["post-103381","page","type-page","status-publish","hentry"],"_links":{"self":[{"href":"https:\/\/www.editorialelpirata.com\/ca\/wp-json\/wp\/v2\/pages\/103381","targetHints":{"allow":["GET"]}}],"collection":[{"href":"https:\/\/www.editorialelpirata.com\/ca\/wp-json\/wp\/v2\/pages"}],"about":[{"href":"https:\/\/www.editorialelpirata.com\/ca\/wp-json\/wp\/v2\/types\/page"}],"author":[{"embeddable":true,"href":"https:\/\/www.editorialelpirata.com\/ca\/wp-json\/wp\/v2\/users\/26"}],"replies":[{"embeddable":true,"href":"https:\/\/www.editorialelpirata.com\/ca\/wp-json\/wp\/v2\/comments?post=103381"}],"version-history":[{"count":14,"href":"https:\/\/www.editorialelpirata.com\/ca\/wp-json\/wp\/v2\/pages\/103381\/revisions"}],"predecessor-version":[{"id":106413,"href":"https:\/\/www.editorialelpirata.com\/ca\/wp-json\/wp\/v2\/pages\/103381\/revisions\/106413"}],"wp:attachment":[{"href":"https:\/\/www.editorialelpirata.com\/ca\/wp-json\/wp\/v2\/media?parent=103381"}],"curies":[{"name":"wp","href":"https:\/\/api.w.org\/{rel}","templated":true}]}}