{"id":102569,"date":"2025-01-10T09:56:37","date_gmt":"2025-01-10T09:56:37","guid":{"rendered":"https:\/\/www.editorialelpirata.com\/?page_id=102569"},"modified":"2025-01-10T09:58:34","modified_gmt":"2025-01-10T09:58:34","slug":"solucionari-llibre-espai","status":"publish","type":"page","link":"https:\/\/www.editorialelpirata.com\/ca\/solucionari-llibre-espai\/","title":{"rendered":"Solucionari &#8220;El gran llibre joc de l&#8217;espai&#8221;"},"content":{"rendered":"<div class=\"wpb-content-wrapper\"><p>[vc_row][vc_column][vc_row_inner][vc_column_inner width=&#8221;1\/1&#8243;][vc_custom_heading uncode_shortcode_id=&#8221;165682&#8243;]SOLUCIONARI &#8220;EL GRAN LLIBRE JOC DE L&#8217;ESPAI&#8221;[\/vc_custom_heading][\/vc_column_inner][\/vc_row_inner][vc_row_inner][vc_column_inner width=&#8221;1\/1&#8243;][vc_column_text uncode_shortcode_id=&#8221;170756&#8221;]T&#8217;ha agradat El gran lliuro joc de l&#8217;espai? Perqu\u00e8 aqu\u00ed trobar\u00e0s un document gratu\u00eft amb totes les solucions per a veure si has encertat!<\/p>\n<p>I no sols aix\u00f2! A m\u00e9s de les solucions, aprendr\u00e0s un munt de curiositats sobre l&#8217;espai que hem vist en les il\u00b7lustracions del llibre.<\/p>\n<p style=\"text-align: center;\"><strong>Desc\u00e0rrega el PDF per a veure les solucions i les curiositats.<\/strong><\/p>\n<p>[\/vc_column_text][\/vc_column_inner][\/vc_row_inner][vc_row_inner][vc_column_inner width=&#8221;1\/4&#8243;][vc_single_image media=&#8221;97658&#8243; media_width_percent=&#8221;100&#8243; media_link=&#8221;url:https%3A%2F%2Fwww.editorialelpirata.com%2Fca%2Fproducte%2Fel-gran-llibre-joc-de-lespai%2F|title:EL%20GRAN%20LLIBRE%20JOC%20DE%20L&#8217;ESPAI|target:_blank&#8221; uncode_shortcode_id=&#8221;166107&#8243;][\/vc_column_inner][vc_column_inner width=&#8221;3\/4&#8243;][vc_single_image media=&#8221;96233&#8243; media_width_percent=&#8221;100&#8243; media_link=&#8221;url:%20|title:EL%20GRAN%20LLIBRE%20JOC%20DEL%20ESPACIO|target:_blank&#8221; uncode_shortcode_id=&#8221;205671&#8243;][\/vc_column_inner][\/vc_row_inner][vc_row_inner][vc_column_inner width=&#8221;1\/1&#8243;][vc_column_text uncode_shortcode_id=&#8221;152123&#8243;]Has trobat m\u00e9s elements que els que apareixen en aquest solucionari? No et preocupis, aix\u00f2 significa que ho has fet molt b\u00e9![\/vc_column_text][\/vc_column_inner][\/vc_row_inner][vc_row_inner][vc_column_inner width=&#8221;1\/4&#8243;][\/vc_column_inner][vc_column_inner width=&#8221;1\/2&#8243;][vc_button button_color=&#8221;color-210407&#8243; size=&#8221;btn-xl&#8221; border_width=&#8221;0&#8243; link=&#8221;url:https%3A%2F%2Fdrive.google.com%2Ffile%2Fd%2F1QH7WEvoVfviJkNUVtq_tgf3_Xbn3X-67%2Fview%3Fusp%3Dsharing|title:Solucionari%20EL%20GRAN%20LLIBRE%20JOC%20DE%20L&#8217;ESPAI|target:_blank&#8221; button_color_type=&#8221;uncode-palette&#8221; uncode_shortcode_id=&#8221;261399&#8243;]VES AL SOLUCIONARI[\/vc_button][\/vc_column_inner][vc_column_inner width=&#8221;1\/4&#8243;][\/vc_column_inner][\/vc_row_inner][vc_row_inner][vc_column_inner width=&#8221;1\/4&#8243;][\/vc_column_inner][vc_column_inner width=&#8221;1\/2&#8243;][vc_single_image media=&#8221;96236&#8243; media_width_percent=&#8221;100&#8243; uncode_shortcode_id=&#8221;330068&#8243; media_link=&#8221;url:%20|target:_blank&#8221;][\/vc_column_inner][vc_column_inner width=&#8221;1\/4&#8243;][\/vc_column_inner][\/vc_row_inner][\/vc_column][\/vc_row]<\/p>\n<\/div>","protected":false},"excerpt":{"rendered":"<p>[vc_row][vc_column][vc_row_inner][vc_column_inner width=&#8221;1\/1&#8243;][vc_custom_heading uncode_shortcode_id=&#8221;165682&#8243;]SOLUCIONARI &#8220;EL GRAN LLIBRE JOC DE L&#8217;ESPAI&#8221;[\/vc_custom_heading][\/vc_column_inner][\/vc_row_inner][vc_row_inner][vc_column_inner width=&#8221;1\/1&#8243;][vc_column_text uncode_shortcode_id=&#8221;170756&#8221;]T&#8217;ha agradat El gran lliuro joc de l&#8217;espai? Perqu\u00e8 aqu\u00ed [&hellip;]<\/p>\n","protected":false},"author":26,"featured_media":102312,"parent":0,"menu_order":0,"comment_status":"closed","ping_status":"closed","template":"","meta":{"footnotes":""},"class_list":["post-102569","page","type-page","status-publish","has-post-thumbnail","hentry"],"_links":{"self":[{"href":"https:\/\/www.editorialelpirata.com\/ca\/wp-json\/wp\/v2\/pages\/102569","targetHints":{"allow":["GET"]}}],"collection":[{"href":"https:\/\/www.editorialelpirata.com\/ca\/wp-json\/wp\/v2\/pages"}],"about":[{"href":"https:\/\/www.editorialelpirata.com\/ca\/wp-json\/wp\/v2\/types\/page"}],"author":[{"embeddable":true,"href":"https:\/\/www.editorialelpirata.com\/ca\/wp-json\/wp\/v2\/users\/26"}],"replies":[{"embeddable":true,"href":"https:\/\/www.editorialelpirata.com\/ca\/wp-json\/wp\/v2\/comments?post=102569"}],"version-history":[{"count":3,"href":"https:\/\/www.editorialelpirata.com\/ca\/wp-json\/wp\/v2\/pages\/102569\/revisions"}],"predecessor-version":[{"id":102572,"href":"https:\/\/www.editorialelpirata.com\/ca\/wp-json\/wp\/v2\/pages\/102569\/revisions\/102572"}],"wp:featuredmedia":[{"embeddable":true,"href":"https:\/\/www.editorialelpirata.com\/ca\/wp-json\/wp\/v2\/media\/102312"}],"wp:attachment":[{"href":"https:\/\/www.editorialelpirata.com\/ca\/wp-json\/wp\/v2\/media?parent=102569"}],"curies":[{"name":"wp","href":"https:\/\/api.w.org\/{rel}","templated":true}]}}