{"id":102305,"date":"2025-01-10T09:32:35","date_gmt":"2025-01-10T09:32:35","guid":{"rendered":"https:\/\/www.editorialelpirata.com\/?page_id=102305"},"modified":"2025-04-30T06:55:25","modified_gmt":"2025-04-30T06:55:25","slug":"solucionari-llibre-nadal","status":"publish","type":"page","link":"https:\/\/www.editorialelpirata.com\/ca\/solucionari-llibre-nadal\/","title":{"rendered":"SOLUCIONARI DEL GRAN LLIBRE JOC DEL NADAL"},"content":{"rendered":"<div class=\"wpb-content-wrapper\"><p>[vc_row][vc_column][vc_row_inner][vc_column_inner width=&#8221;1\/1&#8243;][vc_custom_heading uncode_shortcode_id=&#8221;486547&#8243;]<\/p>\n<h1 class=\"post-title\">SOLUCIONARI &#8220;EL GRAN LLIBRE JOC DEL NADAL&#8221;<\/h1>\n<p>[\/vc_custom_heading][\/vc_column_inner][\/vc_row_inner][vc_row_inner][vc_column_inner width=&#8221;1\/1&#8243;][vc_column_text uncode_shortcode_id=&#8221;597996&#8243;]<\/p>\n<h3><strong>T&#8217;ha agradat <i>El gran llibre joc de Nadal<\/i><\/strong>?\u00a0Perqu\u00e8 aqu\u00ed trobar\u00e0s un document gratu\u00eft amb totes les solucions per a veure si has encertat!<\/h3>\n<p>I no sols aix\u00f2! A m\u00e9s de les solucions, aprendr\u00e0s un munt de curiositats sobre el nadal que hem vist en les il\u00b7lustracions del llibre.<\/p>\n<p style=\"text-align: center;\">Desc\u00e0rrega el PDF per a veure les solucions i les curiositats.<\/p>\n<p>[\/vc_column_text][\/vc_column_inner][\/vc_row_inner][vc_row_inner][vc_column_inner width=&#8221;1\/4&#8243;][vc_single_image media=&#8221;98652&#8243; media_width_percent=&#8221;100&#8243; media_link=&#8221;url:%20|title:EL%20GRAN%20LLIBRE%20JOC%20DE%20LA%20NAVIDAD|target:_blank&#8221; uncode_shortcode_id=&#8221;723888&#8243;][\/vc_column_inner][vc_column_inner width=&#8221;3\/4&#8243;][vc_single_image media=&#8221;100684&#8243; media_width_percent=&#8221;100&#8243; media_link=&#8221;title:EL%20GRAN%20LLIBRE%20JOC%20DE%20LA%20NAVIDAD|target:_blank&#8221; uncode_shortcode_id=&#8221;125407&#8243;][\/vc_column_inner][\/vc_row_inner][vc_row_inner][vc_column_inner width=&#8221;1\/1&#8243;][vc_column_text uncode_shortcode_id=&#8221;141902&#8243;]<\/p>\n<h4>Has trobat m\u00e9s elements que els que apareixen en aquest solucionari? No et preocupis, aix\u00f2 significa que ho has fet molt b\u00e9!<\/h4>\n<p>[\/vc_column_text][\/vc_column_inner][\/vc_row_inner][vc_row_inner][vc_column_inner width=&#8221;1\/4&#8243;][\/vc_column_inner][vc_column_inner width=&#8221;1\/2&#8243;][vc_button button_color=&#8221;color-210407&#8243; size=&#8221;btn-xl&#8221; border_width=&#8221;0&#8243; link=&#8221;url:https%3A%2F%2Fdrive.google.com%2Ffile%2Fd%2F1RIJGwS2CQ21HCGPBBctLG_v0pbL2TFMY%2Fview%3Fusp%3Dsharing|target:_blank&#8221; button_color_type=&#8221;uncode-palette&#8221; uncode_shortcode_id=&#8221;113351&#8243;]Ves al solucionari[\/vc_button][\/vc_column_inner][vc_column_inner width=&#8221;1\/4&#8243;][\/vc_column_inner][\/vc_row_inner][vc_row_inner][vc_column_inner width=&#8221;1\/4&#8243;][\/vc_column_inner][vc_column_inner width=&#8221;1\/2&#8243;][vc_single_image media=&#8221;96227&#8243; media_width_percent=&#8221;100&#8243; uncode_shortcode_id=&#8221;126964&#8243; media_link=&#8221;target:_blank&#8221;][\/vc_column_inner][vc_column_inner width=&#8221;1\/4&#8243;][\/vc_column_inner][\/vc_row_inner][\/vc_column][\/vc_row]<\/p>\n<\/div>","protected":false},"excerpt":{"rendered":"<p>[vc_row][vc_column][vc_row_inner][vc_column_inner width=&#8221;1\/1&#8243;][vc_custom_heading uncode_shortcode_id=&#8221;486547&#8243;] SOLUCIONARI &#8220;EL GRAN LLIBRE JOC DEL NADAL&#8221; [\/vc_custom_heading][\/vc_column_inner][\/vc_row_inner][vc_row_inner][vc_column_inner width=&#8221;1\/1&#8243;][vc_column_text uncode_shortcode_id=&#8221;597996&#8243;] T&#8217;ha agradat El gran llibre joc de [&hellip;]<\/p>\n","protected":false},"author":26,"featured_media":89507,"parent":0,"menu_order":0,"comment_status":"closed","ping_status":"closed","template":"","meta":{"footnotes":""},"class_list":["post-102305","page","type-page","status-publish","has-post-thumbnail","hentry"],"_links":{"self":[{"href":"https:\/\/www.editorialelpirata.com\/ca\/wp-json\/wp\/v2\/pages\/102305","targetHints":{"allow":["GET"]}}],"collection":[{"href":"https:\/\/www.editorialelpirata.com\/ca\/wp-json\/wp\/v2\/pages"}],"about":[{"href":"https:\/\/www.editorialelpirata.com\/ca\/wp-json\/wp\/v2\/types\/page"}],"author":[{"embeddable":true,"href":"https:\/\/www.editorialelpirata.com\/ca\/wp-json\/wp\/v2\/users\/26"}],"replies":[{"embeddable":true,"href":"https:\/\/www.editorialelpirata.com\/ca\/wp-json\/wp\/v2\/comments?post=102305"}],"version-history":[{"count":5,"href":"https:\/\/www.editorialelpirata.com\/ca\/wp-json\/wp\/v2\/pages\/102305\/revisions"}],"predecessor-version":[{"id":103390,"href":"https:\/\/www.editorialelpirata.com\/ca\/wp-json\/wp\/v2\/pages\/102305\/revisions\/103390"}],"wp:featuredmedia":[{"embeddable":true,"href":"https:\/\/www.editorialelpirata.com\/ca\/wp-json\/wp\/v2\/media\/89507"}],"wp:attachment":[{"href":"https:\/\/www.editorialelpirata.com\/ca\/wp-json\/wp\/v2\/media?parent=102305"}],"curies":[{"name":"wp","href":"https:\/\/api.w.org\/{rel}","templated":true}]}}