{"id":100918,"date":"2024-11-14T12:51:43","date_gmt":"2024-11-14T12:51:43","guid":{"rendered":"https:\/\/www.editorialelpirata.com\/?page_id=100918"},"modified":"2026-04-07T07:28:45","modified_gmt":"2026-04-07T07:28:45","slug":"coleccio-els-grans-llibre-joc","status":"publish","type":"page","link":"https:\/\/www.editorialelpirata.com\/ca\/coleccio-els-grans-llibre-joc\/","title":{"rendered":"COL\u00b7LECCI\u00d3 ELS GRANS LLIBRE JOC"},"content":{"rendered":"<div class=\"wpb-content-wrapper\"><p>[vc_row row_height_percent=&#8221;40&#8243; overlay_alpha=&#8221;50&#8243; gutter_size=&#8221;3&#8243; column_width_percent=&#8221;100&#8243; shift_y=&#8221;0&#8243; z_index=&#8221;0&#8243; content_parallax=&#8221;0&#8243; uncode_shortcode_id=&#8221;160318&#8243;][vc_column width=&#8221;1\/1&#8243;][vc_single_image media=&#8221;106022&#8243; media_width_percent=&#8221;100&#8243; uncode_shortcode_id=&#8221;130369&#8243;][\/vc_column][\/vc_row][vc_row][vc_column width=&#8221;1\/1&#8243;][vc_column_text uncode_shortcode_id=&#8221;177309&#8243;]<\/p>\n<h2 style=\"text-align: center;\">Els llibres jocs et permeten aprendre jugant<\/h2>\n<p>[\/vc_column_text][vc_column_text uncode_shortcode_id=&#8221;657124&#8243;]<\/p>\n<div>\u00c9s un llibre joc enorme i amb unes il\u00b7lustracions espectaculars i plenes de detalls que permeten jugar i aprendre sobre diferents tem\u00e0tiques.<\/div>\n<div><\/div>\n<div>Inclouen jocs per a diferents edats, aix\u00ed que es pot utilitzar durant diversos anys, a mesura que el nen va creixent, o perqu\u00e8 diversos nens d&#8217;edats diferents puguin jugar simult\u00e0niament alhora que comencen a con\u00e8ixer algunes de les diferents civilitzacions que han marcat la hist\u00f2ria de la humanitat.<\/div>\n<div>Els fulls de cart\u00f3 i les dimensions enormes dels llibres, 27*37 cm, permeten que els llibres es quedin dempeus i diversos nens, un al costat d&#8217;un altre, puguin jugar simult\u00e0niament.<\/div>\n<div><\/div>\n<div>En cada doble p\u00e0gina hi ha unes il\u00b7lustracions enormes i a tot color plens de detalls on es pot jugar de tres formes possibles:<\/div>\n<ul>\n<li>Per als m\u00e9s petits: Buscar objectes dins de les il\u00b7lustracions.<strong> A partir de 3-4 anys.<\/strong><\/li>\n<li>Per als mitjans: Jugar a trobar 10 objectes que comencin per la mateixa lletra. <strong>A partir de 5-6 anys.<\/strong><\/li>\n<li>Per als grans: Jugar a trobar 10 objectes que es trobin fos d&#8217;\u00e8poca. <strong>A partir de 7-8 anys.<\/strong><\/li>\n<\/ul>\n<p><strong>Tots els t\u00edtols de la col\u00b7lecci\u00f3 estan disponibles en castell\u00e0, angl\u00e8s i catal\u00e0.<\/strong>[\/vc_column_text][\/vc_column][\/vc_row][vc_row][vc_column width=&#8221;1\/3&#8243;][vc_single_image media=&#8221;99270&#8243; media_width_percent=&#8221;100&#8243; uncode_shortcode_id=&#8221;212123&#8243; media_link=&#8221;url:https%3A%2F%2Fwww.editorialelpirata.com%2Fca%2FProducte%2Fel-gran-llibre-joc-de-les-civilitzacions%2F|title:El%20gran%20llibre%20joc%20de%20les%20civilitzacions|target:_blank&#8221;][vc_column_text uncode_shortcode_id=&#8221;123294&#8243;]<\/p>\n<h3>Un gran llibre joc sobre antigues civilitzacions per buscar objectes i aprendre<\/h3>\n<p>Amb les genials il\u00b7lustracions d\u2019en Subi, els nens s\u2019ho passaran d\u2019all\u00f2 m\u00e9s b\u00e9 jugant mentre aprenen sobre les cultures de l\u2019antiguitat.[\/vc_column_text][\/vc_column][vc_column width=&#8221;1\/3&#8243;][vc_single_image media=&#8221;99762&#8243; media_width_percent=&#8221;100&#8243; uncode_shortcode_id=&#8221;790646&#8243; media_link=&#8221;url:https%3A%2F%2Fwww.editorialelpirata.com%2Fca%2Fproducte%2Fel-gran-llibre-joc-dels-aventurers%2F|title:El%20gran%20llibre%20joc%20dels%20aventurers|target:_blank&#8221;][vc_column_text uncode_shortcode_id=&#8221;139593&#8243;]<\/p>\n<h3>Un gran llibre joc per divertir-se i aprendre curiositats sobre els aventurers m\u00e9s famosos<\/h3>\n<p>Amb les genials il\u00b7lustracions d\u2019en Subi, els nens s\u2019ho passaran d\u2019all\u00f2 m\u00e9s b\u00e9 jugant mentre aprenen sobre valents aventurers que van fer hist\u00f2ria.[\/vc_column_text][\/vc_column][vc_column width=&#8221;1\/3&#8243;][vc_single_image media=&#8221;99234&#8243; media_width_percent=&#8221;100&#8243; uncode_shortcode_id=&#8221;203639&#8243; media_link=&#8221;url:https%3A%2F%2Fwww.editorialelpirata.com%2Fca%2Fproducte%2Fel-gran-llibre-joc-dels-monstres%2F|title:El%20gran%20llibre%20joc%20dels%20monstres|target:_blank&#8221;][vc_column_text uncode_shortcode_id=&#8221;108951&#8243;]<\/p>\n<h3>Un gran llibre joc sobre tota tipologia de monstres des dels contes fins al fons mar\u00ed.<\/h3>\n<p>Un llibre joc d&#8217;en Subi, on els nens buscaran un munt de coses terror\u00edfiques.[\/vc_column_text][\/vc_column][\/vc_row][vc_row][vc_column column_width_percent=&#8221;100&#8243; gutter_size=&#8221;3&#8243; overlay_alpha=&#8221;50&#8243; shift_x=&#8221;0&#8243; shift_y=&#8221;0&#8243; shift_y_down=&#8221;0&#8243; z_index=&#8221;0&#8243; medium_width=&#8221;0&#8243; mobile_width=&#8221;0&#8243; width=&#8221;1\/3&#8243; uncode_shortcode_id=&#8221;118062&#8243;][vc_single_image media=&#8221;97658&#8243; media_width_percent=&#8221;100&#8243; uncode_shortcode_id=&#8221;206017&#8243; media_link=&#8221;url:https%3A%2F%2Fwww.editorialelpirata.com%2Fca%2FProducte%2Fel-gran-llibre-joc-de-lespai%2F|title:El%20gran%20llibre%20joc%20de%20l&#8217;espai|target:_blank&#8221;][vc_column_text uncode_shortcode_id=&#8221;913012&#8243;]<\/p>\n<h3><strong>Un viatge d\u2019anada i tornada a l\u2019espai. Tres nivells diferents per buscar i trobar.<\/strong><\/h3>\n<p>Inclou jocs de buscar i trobar de diferents nivells.\u00a0Perfecte per compartir-lo i comen\u00e7ar a con\u00e8ixer alguns dels enginyers i cient\u00edfics que han fet grans contribucions a la ci\u00e8ncia.[\/vc_column_text][\/vc_column][vc_column width=&#8221;1\/3&#8243;][vc_single_image media=&#8221;98652&#8243; media_width_percent=&#8221;100&#8243; uncode_shortcode_id=&#8221;105260&#8243; media_link=&#8221;url:https%3A%2F%2Fwww.editorialelpirata.com%2Fca%2FProducte%2Fel-gran-llibre-joc-de-nadal%2F|title:El%20gran%20llibre%20joc%20de%20Nadal|target:_blank&#8221;][vc_column_text uncode_shortcode_id=&#8221;290054&#8243;]<\/p>\n<h3>Un llibre joc per a divertir-se i aprendre curiositats sobre Nadal.<\/h3>\n<p>Amb les magn\u00edfiques il\u00b7lustracions de Subi, els nens s\u2019ho passaran en gran jugant mentre aprenen sobre Nadal.[\/vc_column_text][\/vc_column][vc_column width=&#8221;1\/3&#8243;][vc_single_image media=&#8221;105286&#8243; media_width_percent=&#8221;100&#8243; uncode_shortcode_id=&#8221;162385&#8243; media_link=&#8221;url:https%3A%2F%2Fwww.editorialelpirata.com%2Fca%2FProducte%2Fllibre-joc-dinosaures%2F|title:EL%20GRAN%20LLIBRE%20JOC%20DELS%20DINOSAURES|target:_blank&#8221;][vc_column_text uncode_shortcode_id=&#8221;174682&#8243;]<\/p>\n<h3><strong>Un llibre joc enorme amb unes il\u00b7lustracions espectaculars i plenes de detalls.<\/strong><\/h3>\n<p>Els nens i nenes comencen a con\u00e8ixer alguns dels dinosaures i pterosaures m\u00e9s coneguts.[\/vc_column_text][\/vc_column][\/vc_row][vc_row][vc_column column_width_percent=&#8221;100&#8243; gutter_size=&#8221;3&#8243; overlay_alpha=&#8221;50&#8243; shift_x=&#8221;0&#8243; shift_y=&#8221;0&#8243; shift_y_down=&#8221;0&#8243; z_index=&#8221;0&#8243; medium_width=&#8221;0&#8243; mobile_width=&#8221;0&#8243; width=&#8221;1\/3&#8243; uncode_shortcode_id=&#8221;118062&#8243;][vc_single_image media=&#8221;105698&#8243; media_width_percent=&#8221;100&#8243; uncode_shortcode_id=&#8221;222029&#8243; media_link=&#8221;url:https%3A%2F%2Fwww.editorialelpirata.com%2Fca%2FProducte%2Fel-gran-llibre-joc-de-fantasia%2F|title:EL%20GRAN%20LLIBRE%20JOC%20DE%20LA%20FANTASIA|target:_blank&#8221;][vc_column_text uncode_shortcode_id=&#8221;430135&#8243;]<\/p>\n<h3>Descobreix tot un m\u00f3n de fantasia i criatures m\u00e0giques!<\/h3>\n<p>Dracs, bruixes i bruixots, criatures mitol\u00f2giques, fades i follets, unicorns i l\u2019Atl\u00e0ntida. Inclou jocs de buscar i trobar de diferents nivells.[\/vc_column_text][\/vc_column][vc_column width=&#8221;1\/3&#8243;][\/vc_column][vc_column width=&#8221;1\/3&#8243;][\/vc_column][\/vc_row][vc_row][vc_column width=&#8221;1\/1&#8243;][vc_column_text uncode_shortcode_id=&#8221;193473&#8243;]<\/p>\n<p style=\"text-align: left;\">El llibre inclou un codi QR que redirigir\u00e0 al web d\u2019Edicions del Pirata, on es podran trobar les\u00a0<strong>solucions dels jocs<\/strong>,\u00a0<strong>curiositats sobre <\/strong>que hi ha representats en les il\u00b7lustracions.<\/p>\n<p>[\/vc_column_text][vc_separator sep_color=&#8221;&#8221; uncode_shortcode_id=&#8221;210126&#8243;][vc_empty_space empty_h=&#8221;2&#8243;][\/vc_column][\/vc_row]<\/p>\n<\/div>","protected":false},"excerpt":{"rendered":"<p>[vc_row row_height_percent=&#8221;40&#8243; overlay_alpha=&#8221;50&#8243; gutter_size=&#8221;3&#8243; column_width_percent=&#8221;100&#8243; shift_y=&#8221;0&#8243; z_index=&#8221;0&#8243; content_parallax=&#8221;0&#8243; uncode_shortcode_id=&#8221;160318&#8243;][vc_column width=&#8221;1\/1&#8243;][vc_single_image media=&#8221;106022&#8243; media_width_percent=&#8221;100&#8243; uncode_shortcode_id=&#8221;130369&#8243;][\/vc_column][\/vc_row][vc_row][vc_column width=&#8221;1\/1&#8243;][vc_column_text uncode_shortcode_id=&#8221;177309&#8243;] Els llibres jocs et permeten [&hellip;]<\/p>\n","protected":false},"author":26,"featured_media":104800,"parent":0,"menu_order":0,"comment_status":"closed","ping_status":"closed","template":"","meta":{"footnotes":""},"class_list":["post-100918","page","type-page","status-publish","has-post-thumbnail","hentry"],"_links":{"self":[{"href":"https:\/\/www.editorialelpirata.com\/ca\/wp-json\/wp\/v2\/pages\/100918","targetHints":{"allow":["GET"]}}],"collection":[{"href":"https:\/\/www.editorialelpirata.com\/ca\/wp-json\/wp\/v2\/pages"}],"about":[{"href":"https:\/\/www.editorialelpirata.com\/ca\/wp-json\/wp\/v2\/types\/page"}],"author":[{"embeddable":true,"href":"https:\/\/www.editorialelpirata.com\/ca\/wp-json\/wp\/v2\/users\/26"}],"replies":[{"embeddable":true,"href":"https:\/\/www.editorialelpirata.com\/ca\/wp-json\/wp\/v2\/comments?post=100918"}],"version-history":[{"count":18,"href":"https:\/\/www.editorialelpirata.com\/ca\/wp-json\/wp\/v2\/pages\/100918\/revisions"}],"predecessor-version":[{"id":106407,"href":"https:\/\/www.editorialelpirata.com\/ca\/wp-json\/wp\/v2\/pages\/100918\/revisions\/106407"}],"wp:featuredmedia":[{"embeddable":true,"href":"https:\/\/www.editorialelpirata.com\/ca\/wp-json\/wp\/v2\/media\/104800"}],"wp:attachment":[{"href":"https:\/\/www.editorialelpirata.com\/ca\/wp-json\/wp\/v2\/media?parent=100918"}],"curies":[{"name":"wp","href":"https:\/\/api.w.org\/{rel}","templated":true}]}}