{"id":100534,"date":"2024-10-15T14:10:12","date_gmt":"2024-10-15T14:10:12","guid":{"rendered":"https:\/\/www.editorialelpirata.com\/?page_id=100534"},"modified":"2026-01-15T12:52:23","modified_gmt":"2026-01-15T12:52:23","slug":"comissari-llampec-per-a-8-anys","status":"publish","type":"page","link":"https:\/\/www.editorialelpirata.com\/ca\/comissari-llampec-per-a-8-anys\/","title":{"rendered":"Comissari Llampec per a 8 anys"},"content":{"rendered":"<div class=\"wpb-content-wrapper\"><p>[vc_row][vc_column][vc_column_text]<\/p>\n<h2><strong>Col\u00b7lecci\u00f3 Comissari Llampec<\/strong><\/h2>\n<p>Podr\u00e0s resoldre els casos en que es trobi implicat el nostre amic <strong>Comissari Llampec<\/strong>? Podr\u00e0s esbrinar qui \u00e9s el bergant?[\/vc_column_text][vc_row_inner][vc_column_inner width=&#8221;1\/6&#8243;][\/vc_column_inner][vc_column_inner width=&#8221;2\/3&#8243;][vc_raw_html]JTNDaWZyYW1lJTIwd2lkdGglM0QlMjIzMDAlMjIlMjBoZWlnaHQlM0QlMjI1MDAlMjIlMjBzcmMlM0QlMjJodHRwcyUzQSUyRiUyRnd3dy55b3V0dWJlLmNvbSUyRmVtYmVkJTJGcWs0MXUwYk12bzQlMjIlMjB0aXRsZSUzRCUyMkxsaWJyZXMlMjBkZSUyMG1pc3RlcmklMjBwZXIlMjBhJTIwbmVucyUzQSUyMENPTUlTU0FSSSUyMExMQU1QRUMlMjAtJTIwQ29tJTIwZnVuY2lvbmElM0YlMjIlMjBmcmFtZWJvcmRlciUzRCUyMjAlMjIlMjBhbGxvdyUzRCUyMmFjY2VsZXJvbWV0ZXIlM0IlMjBhdXRvcGxheSUzQiUyMGNsaXBib2FyZC13cml0ZSUzQiUyMGVuY3J5cHRlZC1tZWRpYSUzQiUyMGd5cm9zY29wZSUzQiUyMHBpY3R1cmUtaW4tcGljdHVyZSUzQiUyMHdlYi1zaGFyZSUyMiUyMHJlZmVycmVycG9saWN5JTNEJTIyc3RyaWN0LW9yaWdpbi13aGVuLWNyb3NzLW9yaWdpbiUyMiUyMGFsbG93ZnVsbHNjcmVlbiUzRSUzQyUyRmlmcmFtZSUzRQ==[\/vc_raw_html][\/vc_column_inner][vc_column_inner width=&#8221;1\/6&#8243;][\/vc_column_inner][\/vc_row_inner][vc_column_text uncode_shortcode_id=&#8221;134783&#8243;]<\/p>\n<h2><strong>Llibres recomanats a partir de 8 anys<\/strong><\/h2>\n<p>[\/vc_column_text][uncode_index el_id=&#8221;index-142952&#8243; loop=&#8221;size:All|order_by:rand|order:ASC|post_type:product|tax_query:2161|taxonomy_count:10&#8243; screen_lg=&#8221;1000&#8243; screen_md=&#8221;600&#8243; screen_sm=&#8221;480&#8243; gutter_size=&#8221;3&#8243; product_items=&#8221;title,media|featured|onpost|original|hide-sale|inherit-atc|inherit-w-atc|atc-typo-default|show-atc,link|default|default_size|scale_mobile|M\u00e9s informaci\u00f3&#8221; single_width=&#8221;3&#8243; single_overlay_opacity=&#8221;50&#8243; single_h_align=&#8221;center&#8221; single_padding=&#8221;2&#8243; uncode_shortcode_id=&#8221;638098&#8243;][vc_column_text uncode_shortcode_id=&#8221;190273&#8243;]<\/p>\n<blockquote><p>Al final del cas es planteja una pregunta per a resoldre el cas.<br \/>\nLa soluci\u00f3 la trobarem dins\u00a0d&#8217;una\u00a0<strong>lupa<\/strong>\u00a0<strong>amb les lletres al rev\u00e9s<\/strong>!<br \/>\nHo podr\u00e0s llegir\u00a0directament o haur\u00e0s d&#8217;anar davant d&#8217;un mirall?<\/p>\n<p>La <strong>s\u00e8rie\u00a0<\/strong>tamb\u00e9 t\u00e9 llibres\u00a0per <b><a href=\"https:\/\/www.editorialelpirata.com\/ca\/comissari-llampec-a-partir-de-10-anys\/\" target=\"_blank\" rel=\"noopener\">a partir de 10 anys<\/a><\/b>, amb <strong>casos<\/strong> m\u00e9s complicats <strong>per resoldre<\/strong>!<\/p>\n<h4>El comissari i detectiu m\u00e9s enginy\u00f3s! L&#8217;ajudar\u00e0s a resoldre els casos?<\/h4>\n<\/blockquote>\n<p>[\/vc_column_text][vc_empty_space empty_h=&#8221;2&#8243;][vc_column_text uncode_shortcode_id=&#8221;688417&#8243;]<\/p>\n<h2><strong>Llibres recomanats a partir de 10 anys<\/strong><\/h2>\n<p>[\/vc_column_text][uncode_index el_id=&#8221;index-142953&#8243; index_type=&#8221;carousel&#8221; loop=&#8221;size:All|order_by:rand|order:ASC|post_type:product|tax_query:2169|taxonomy_count:10&#8243; carousel_lg=&#8221;4&#8243; carousel_md=&#8221;4&#8243; carousel_sm=&#8221;1&#8243; gutter_size=&#8221;3&#8243; product_items=&#8221;title,media|featured|onpost|original|hide-sale|inherit-atc|inherit-w-atc|atc-typo-default|show-atc,link|default|default_size|scale_mobile|M\u00e9s informaci\u00f3&#8221; carousel_interval=&#8221;10000&#8243; carousel_navspeed=&#8221;1000&#8243; carousel_nav=&#8221;yes&#8221; carousel_nav_mobile=&#8221;yes&#8221; carousel_dots=&#8221;yes&#8221; carousel_dots_mobile=&#8221;yes&#8221; stage_padding=&#8221;0&#8243; single_overlay_opacity=&#8221;50&#8243; single_h_align=&#8221;center&#8221; single_padding=&#8221;2&#8243; uncode_shortcode_id=&#8221;146017&#8243;][\/vc_column][\/vc_row]<\/p>\n<\/div>","protected":false},"excerpt":{"rendered":"<p>[vc_row][vc_column][vc_column_text] Col\u00b7lecci\u00f3 Comissari Llampec Podr\u00e0s resoldre els casos en que es trobi implicat el nostre amic Comissari Llampec? Podr\u00e0s esbrinar [&hellip;]<\/p>\n","protected":false},"author":26,"featured_media":100312,"parent":0,"menu_order":0,"comment_status":"closed","ping_status":"closed","template":"","meta":{"footnotes":""},"class_list":["post-100534","page","type-page","status-publish","has-post-thumbnail","hentry"],"_links":{"self":[{"href":"https:\/\/www.editorialelpirata.com\/ca\/wp-json\/wp\/v2\/pages\/100534","targetHints":{"allow":["GET"]}}],"collection":[{"href":"https:\/\/www.editorialelpirata.com\/ca\/wp-json\/wp\/v2\/pages"}],"about":[{"href":"https:\/\/www.editorialelpirata.com\/ca\/wp-json\/wp\/v2\/types\/page"}],"author":[{"embeddable":true,"href":"https:\/\/www.editorialelpirata.com\/ca\/wp-json\/wp\/v2\/users\/26"}],"replies":[{"embeddable":true,"href":"https:\/\/www.editorialelpirata.com\/ca\/wp-json\/wp\/v2\/comments?post=100534"}],"version-history":[{"count":6,"href":"https:\/\/www.editorialelpirata.com\/ca\/wp-json\/wp\/v2\/pages\/100534\/revisions"}],"predecessor-version":[{"id":105693,"href":"https:\/\/www.editorialelpirata.com\/ca\/wp-json\/wp\/v2\/pages\/100534\/revisions\/105693"}],"wp:featuredmedia":[{"embeddable":true,"href":"https:\/\/www.editorialelpirata.com\/ca\/wp-json\/wp\/v2\/media\/100312"}],"wp:attachment":[{"href":"https:\/\/www.editorialelpirata.com\/ca\/wp-json\/wp\/v2\/media?parent=100534"}],"curies":[{"name":"wp","href":"https:\/\/api.w.org\/{rel}","templated":true}]}}