{"id":100373,"date":"2024-10-11T13:13:19","date_gmt":"2024-10-11T13:13:19","guid":{"rendered":"https:\/\/www.editorialelpirata.com\/?page_id=100373"},"modified":"2026-04-29T08:17:00","modified_gmt":"2026-04-29T08:17:00","slug":"llibres-juvenils-la-mar-salada","status":"publish","type":"page","link":"https:\/\/www.editorialelpirata.com\/ca\/llibres-juvenils-la-mar-salada\/","title":{"rendered":"Llibres juvenils &#8211; La Mar Salada"},"content":{"rendered":"<div class=\"wpb-content-wrapper\"><p>[vc_row][vc_column width=&#8221;1\/1&#8243;][vc_column_text uncode_shortcode_id=&#8221;890676&#8243;]<\/p>\n<h1 style=\"text-align: center;\"><strong>Llibres juvenils\u00a0<\/strong><\/h1>\n<h2 style=\"text-align: center;\">Col\u00b7lecci\u00f3 La Mar Salada<\/h2>\n<p>&nbsp;<\/p>\n<p>&nbsp;<\/p>\n<p>&nbsp;<\/p>\n<p>[\/vc_column_text][uncode_slider][vc_row_inner row_inner_height_percent=&#8221;0&#8243; overlay_alpha=&#8221;50&#8243; gutter_size=&#8221;3&#8243; shift_y=&#8221;0&#8243; z_index=&#8221;0&#8243; uncode_shortcode_id=&#8221;175714&#8243; back_color_type=&#8221;uncode-solid&#8221; back_color_solid=&#8221;#54497e&#8221;][vc_column_inner width=&#8221;1\/1&#8243;][vc_single_image media=&#8221;98568&#8243; media_width_percent=&#8221;100&#8243; uncode_shortcode_id=&#8221;846877&#8243; media_link=&#8221;url:https%3A%2F%2Fwww.editorialelpirata.com%2Fca%2Fproducto%2Fnoia-desapareguda%2F|title:Noia%20desapareguda|target:_blank|rel:nofollow&#8221;][\/vc_column_inner][\/vc_row_inner][vc_row_inner row_inner_height_percent=&#8221;0&#8243; overlay_alpha=&#8221;50&#8243; gutter_size=&#8221;3&#8243; shift_y=&#8221;0&#8243; z_index=&#8221;0&#8243; uncode_shortcode_id=&#8221;156928&#8243; back_color_type=&#8221;uncode-solid&#8221; back_color_solid=&#8221;#b0283f&#8221;][vc_column_inner width=&#8221;1\/1&#8243;][vc_single_image media=&#8221;98565&#8243; media_width_percent=&#8221;100&#8243; uncode_shortcode_id=&#8221;138821&#8243; media_link=&#8221;url:https%3A%2F%2Fwww.editorialelpirata.com%2Fca%2Fproducto%2Falla-on-et-porti-el-ritme%2F|title:All%C3%A0%20on%20em%20porti%20el%20ritme|target:_blank|rel:nofollow&#8221;][\/vc_column_inner][\/vc_row_inner][vc_row_inner row_inner_height_percent=&#8221;0&#8243; overlay_alpha=&#8221;50&#8243; gutter_size=&#8221;3&#8243; shift_y=&#8221;0&#8243; z_index=&#8221;0&#8243; uncode_shortcode_id=&#8221;898514&#8243; back_color_type=&#8221;uncode-solid&#8221; back_color_solid=&#8221;#f6d689&#8243;][vc_column_inner width=&#8221;1\/1&#8243;][vc_single_image media=&#8221;106553&#8243; media_width_percent=&#8221;100&#8243; uncode_shortcode_id=&#8221;173652&#8243; media_link=&#8221;url:https%3A%2F%2Fwww.editorialelpirata.com%2Fca%2FProducte%2Fgermana-desapareguda-thriller-juvenil-sophie-mckenzie%2F|title:Germana%20Desapareguda|target:_blank|rel:nofollow&#8221;][\/vc_column_inner][\/vc_row_inner][\/uncode_slider][vc_separator sep_color=&#8221;color-wvjs&#8221; uncode_shortcode_id=&#8221;412614&#8243; sep_color_type=&#8221;uncode-palette&#8221;][vc_separator sep_color=&#8221;color-wvjs&#8221; uncode_shortcode_id=&#8221;412614&#8243; sep_color_type=&#8221;uncode-palette&#8221;][\/vc_column][\/vc_row][vc_row][vc_column width=&#8221;3\/4&#8243;][vc_column_text uncode_shortcode_id=&#8221;860234&#8243;]<\/p>\n<h2 style=\"text-align: center;\">Novetats en llibres juvenils<\/h2>\n<p style=\"text-align: center;\"><strong>Us presentem la nostra nova col\u00b7lecci\u00f3, La Mar Salada, el vostre dest\u00ed per a emocionants aventures liter\u00e0ries juvenils!<\/strong><\/p>\n<p>Submergeix-te en la nostra col\u00b7lecci\u00f3 amb emocionants t\u00edtols que et portaran a explorar l&#8217;amor, la intriga i el misteri.<\/p>\n<p>A <strong>La Mar Salada<\/strong>, oferim una selecci\u00f3 curada de llibres juvenils que et transportaran a mons vibrants i emocionants. Sigui que busquis romanticisme, misteri o simplement una bona dosi d&#8217;entreteniment, tenim alguna cosa per a tu.<\/p>\n<p>Descobreix les nostres p\u00e0gines i deixa que les hist\u00f2ries et portin a llocs que nom\u00e9s la imaginaci\u00f3 pot assolir.<\/p>\n<p>No esperis m\u00e9s per explorar el meravell\u00f3s m\u00f3n de la lectura juvenil amb nosaltres!<\/p>\n<p>La nostra <strong>nova col\u00b7lecci\u00f3 de llibres juvenils<\/strong> est\u00e0 especialment dirigida a lectors en l&#8217;etapa de l&#8217;adolesc\u00e8ncia, generalment a partir dels 13 anys.<\/p>\n<p>Aquests llibres parlen de temes rellevants i experi\u00e8ncies pr\u00f2pies d&#8217;aquesta etapa de la vida, com la identitat, les relacions interpersonals, els reptes socials, el descobriment personal i el creixement emocional.<\/p>\n<p>L&#8217;estil accessible i atractiu, i les seves trames, capturen l&#8217;inter\u00e8s i l&#8217;atenci\u00f3 dels joves lectors, sigui a trav\u00e9s de la narrativa, la fantasia, la ci\u00e8ncia-ficci\u00f3, el misteri, els primers amors&#8230;<\/p>\n<p>Els nostres llibres juvenils busquen entretenir i oferir reflexions significatives i promoure el desenvolupament intel\u00b7lectual i emocional dels joves.[\/vc_column_text][\/vc_column][vc_column width=&#8221;1\/4&#8243;][vc_single_image media=&#8221;99510&#8243; media_width_percent=&#8221;100&#8243; uncode_shortcode_id=&#8221;143574&#8243;][\/vc_column][\/vc_row][vc_row][vc_column width=&#8221;1\/3&#8243;][vc_single_image media=&#8221;100757&#8243; media_width_percent=&#8221;100&#8243; uncode_shortcode_id=&#8221;140555&#8243; media_link=&#8221;url:https%3A%2F%2Fwww.editorialelpirata.com%2Fca%2Fproducto%2Fnoia-desapareguda%2F|title:Noia%20desapareguda|target:_blank&#8221;][vc_column_text uncode_shortcode_id=&#8221;342647&#8243;]<\/p>\n<h3 style=\"text-align: center;\">NOIA DESAPAREGUDA<\/h3>\n<p><em><strong>Noia desapareguda<\/strong><\/em>\u00a0\u00e9s el primer llibre que va llan\u00e7ar la reina dels thrillers juvenils, <strong>Sophie McKenzie<\/strong>, i \u00e9s imprescindible per als lectors que encara no han descobert aquest cl\u00e0ssic modern.[\/vc_column_text][vc_column_text uncode_shortcode_id=&#8221;159508&#8243;]<\/p>\n<blockquote><p>\u00abNo podr\u00e0s parar de llegir\u00bb &#8211;<em>The Independent<\/em><\/p>\n<p>\u00abSi us plau, llegeix aquest llibre: \u00e9s brillant!\u00bb &#8211;<em>The Guardian<\/em><\/p><\/blockquote>\n<p>[\/vc_column_text][\/vc_column][vc_column width=&#8221;1\/3&#8243;][vc_single_image media=&#8221;106555&#8243; media_width_percent=&#8221;100&#8243; uncode_shortcode_id=&#8221;101673&#8243; media_link=&#8221;url:https%3A%2F%2Fwww.editorialelpirata.com%2Fca%2FProducte%2Fgermana-desapareguda-thriller-juvenil-sophie-mckenzie%2F|title:Germana%20desapareguda|target:_blank&#8221;][vc_column_text uncode_shortcode_id=&#8221;399055&#8243;]<\/p>\n<h3 style=\"text-align: center;\">GERMANA DESAPAREGUDA<\/h3>\n<p style=\"text-align: center;\"><strong>L\u2019impactant final de la trilogia de thriller juvenil \u00abDesapareguda\u00bb<\/strong><\/p>\n<p style=\"text-align: center;\">Un thriller imprescindible que et mantindr\u00e0 atrapat<br \/>\nSophie McKenzie \u00e9s una autora supervendes i multipremiada amb m\u00e9s d\u2019un mili\u00f3 de<br \/>\nlectors arreu del m\u00f3n.<\/p>\n<p>[\/vc_column_text][vc_column_text uncode_shortcode_id=&#8221;174932&#8243;]<\/p>\n<blockquote><p>\u00abEt mantindr\u00e0 atrapat durant hores\u00bb &#8211;<em>Sunday Express<\/em><\/p><\/blockquote>\n<p>[\/vc_column_text][\/vc_column][vc_column width=&#8221;1\/3&#8243;][vc_single_image media=&#8221;100760&#8243; media_width_percent=&#8221;100&#8243; uncode_shortcode_id=&#8221;113036&#8243; media_link=&#8221;url:https%3A%2F%2Fwww.editorialelpirata.com%2Fca%2Fproducto%2Falla-on-et-porti-el-ritme%2F|title:All%C3%A0%20on%20em%20porti%20el%20ritme|target:_blank&#8221;][vc_column_text uncode_shortcode_id=&#8221;193054&#8243;]<\/p>\n<h3 style=\"text-align: center;\">ALL\u00c0 ON ET PORTI EL RITME<\/h3>\n<p>Inspirada en <em>Persuasi\u00f3<\/em> de Jane Austen, <strong><em>All\u00e0 on et porti el ritme<\/em><\/strong> \u00e9s una novel\u00b7la rom\u00e0ntica blanca juvenil fascinant sobre el primer amor i les segones oportunitats.[\/vc_column_text][vc_column_text uncode_shortcode_id=&#8221;573429&#8243;]<\/p>\n<blockquote><p>\u00ab<em>All\u00e0 on et porti el ritme<\/em> \u00e9s un al\u00e8 d&#8217;aire fresc literari! Un remix d&#8217;Austen ple d&#8217;un vibrant repartiment de personatges contra el frond\u00f3s tel\u00f3 de fons de la petita illa de Tobago, els lectors animaran a la Reyna mentre navega pel dolor, somia a gran escala i s\u2019enamora, i tot al so de dol\u00e7os ritmes soca.\u00bb \u2014Ibi Zoboi, autora supervendes del <em>New York Times<\/em><\/p>\n<p>\u00abUna hist\u00f2ria d&#8217;amor amb ritmes cl\u00e0ssics i un ritme \u00fanic.\u00bb \u2014Kirkus Reviews<\/p><\/blockquote>\n<p>[\/vc_column_text][\/vc_column][\/vc_row][vc_row][vc_column width=&#8221;1\/1&#8243;][vc_column_text uncode_shortcode_id=&#8221;139319&#8243;]I per completar la teva col\u00b7lecci\u00f3 de llibres, et recomanem aquest viatge d&#8217;autodescobriment i empoderament. Descobreix per qu\u00e8 la pubertat pot ser emocionant i totalment positiva![\/vc_column_text][vc_single_image media=&#8221;98571&#8243; media_width_percent=&#8221;100&#8243; uncode_shortcode_id=&#8221;199135&#8243; media_link=&#8221;url:https%3A%2F%2Fwww.editorialelpirata.com%2Fca%2Fpubertat-adolescencia-llibres-adolescent%2F|title:Pubertad%20positiva|target:_blank&#8221;][\/vc_column][\/vc_row]<\/p>\n<\/div>","protected":false},"excerpt":{"rendered":"<p>[vc_row][vc_column width=&#8221;1\/1&#8243;][vc_column_text uncode_shortcode_id=&#8221;890676&#8243;] Llibres juvenils\u00a0 Col\u00b7lecci\u00f3 La Mar Salada &nbsp; &nbsp; &nbsp; [\/vc_column_text][uncode_slider][vc_row_inner row_inner_height_percent=&#8221;0&#8243; overlay_alpha=&#8221;50&#8243; gutter_size=&#8221;3&#8243; shift_y=&#8221;0&#8243; z_index=&#8221;0&#8243; uncode_shortcode_id=&#8221;175714&#8243; back_color_type=&#8221;uncode-solid&#8221; [&hellip;]<\/p>\n","protected":false},"author":26,"featured_media":99510,"parent":0,"menu_order":0,"comment_status":"closed","ping_status":"closed","template":"","meta":{"footnotes":""},"class_list":["post-100373","page","type-page","status-publish","has-post-thumbnail","hentry"],"_links":{"self":[{"href":"https:\/\/www.editorialelpirata.com\/ca\/wp-json\/wp\/v2\/pages\/100373","targetHints":{"allow":["GET"]}}],"collection":[{"href":"https:\/\/www.editorialelpirata.com\/ca\/wp-json\/wp\/v2\/pages"}],"about":[{"href":"https:\/\/www.editorialelpirata.com\/ca\/wp-json\/wp\/v2\/types\/page"}],"author":[{"embeddable":true,"href":"https:\/\/www.editorialelpirata.com\/ca\/wp-json\/wp\/v2\/users\/26"}],"replies":[{"embeddable":true,"href":"https:\/\/www.editorialelpirata.com\/ca\/wp-json\/wp\/v2\/comments?post=100373"}],"version-history":[{"count":15,"href":"https:\/\/www.editorialelpirata.com\/ca\/wp-json\/wp\/v2\/pages\/100373\/revisions"}],"predecessor-version":[{"id":106558,"href":"https:\/\/www.editorialelpirata.com\/ca\/wp-json\/wp\/v2\/pages\/100373\/revisions\/106558"}],"wp:featuredmedia":[{"embeddable":true,"href":"https:\/\/www.editorialelpirata.com\/ca\/wp-json\/wp\/v2\/media\/99510"}],"wp:attachment":[{"href":"https:\/\/www.editorialelpirata.com\/ca\/wp-json\/wp\/v2\/media?parent=100373"}],"curies":[{"name":"wp","href":"https:\/\/api.w.org\/{rel}","templated":true}]}}