{"id":100161,"date":"2024-10-08T11:52:21","date_gmt":"2024-10-08T11:52:21","guid":{"rendered":"https:\/\/www.editorialelpirata.com\/?page_id=100161"},"modified":"2025-11-17T13:59:20","modified_gmt":"2025-11-17T13:59:20","slug":"els-basquet-prodigis","status":"publish","type":"page","link":"https:\/\/www.editorialelpirata.com\/ca\/els-basquet-prodigis\/","title":{"rendered":"Els B\u00e0squet prodigis &#8211; El b\u00e0squet mai havia estat tan divertit"},"content":{"rendered":"<div class=\"wpb-content-wrapper\"><p>[vc_row row_height_percent=&#8221;0&#8243; overlay_alpha=&#8221;50&#8243; gutter_size=&#8221;3&#8243; column_width_percent=&#8221;100&#8243; shift_y=&#8221;0&#8243; z_index=&#8221;0&#8243; uncode_shortcode_id=&#8221;374247&#8243;][vc_column width=&#8221;1\/1&#8243;][vc_single_image media=&#8221;105195&#8243; media_width_percent=&#8221;100&#8243; medium_visibility=&#8221;yes&#8221; mobile_visibility=&#8221;yes&#8221; uncode_shortcode_id=&#8221;564150&#8243; media_link=&#8221;url:https%3A%2F%2Fwww.editorialelpirata.com%2Fca%2FProducte%2Ftravessia-guerrer-basquet%2F|title:Els%20B%C3%A0squet%20Prodigis%204%20%E2%80%93%20LA%20TRAVESSIA%20DEL%20GUERRER|target:_blank&#8221;][vc_column_text uncode_shortcode_id=&#8221;218952&#8243;]<\/p>\n<h1 style=\"text-align: center;\">Els B\u00e0squet Prodigis: descobreix la part m\u00e9s divertida del b\u00e0squet<\/h1>\n<p>[\/vc_column_text][vc_column_text uncode_shortcode_id=&#8221;137676&#8243;]El b\u00e0squet mai havia estat tan divertit. Coneix<strong> els B\u00e0squet Prodigis<\/strong>, l&#8217;equip de b\u00e0squet m\u00e9s ins\u00f2lit que puguis imaginar: encara que els B\u00e0squet Prodigis estan molt lluny de ser el millor equip, la seva amistat i humor inunda les seves novel\u00b7les.<\/p>\n<p><em><strong>Els B\u00e0squet Prodigis<\/strong><\/em>\u00a0\u00e9s una col\u00b7lecci\u00f3 sobre b\u00e0squet amb molt d\u2019humor, protagonitzada per un grup de nois i noies de nou anys que van al mateix col\u00b7legi. No cal ser un expert en b\u00e0squet per gaudir amb les esbojarrades aventures d\u2019en Joel i els seus amics!<\/p>\n<p>Totes les p\u00e0gines tenen il\u00b7lustracions a color i hi ha di\u00e0legs en bafarades de c\u00f2mic. El ritme de la lectura \u00e9s trepidant i ple d\u2019humor.<strong> Es recomana per a nens i nenes de 8 a 11 anys.<\/strong><\/p>\n<p style=\"text-align: center; font-size: 15px;\"><strong>Tots els t\u00edtols de la col\u00b7lecci\u00f3 estan disponibles en castell\u00e0, angl\u00e8s i catal\u00e0.<\/strong><\/p>\n<p>[\/vc_column_text][\/vc_column][\/vc_row][vc_row][vc_column column_width_percent=&#8221;100&#8243; align_horizontal=&#8221;align_center&#8221; gutter_size=&#8221;3&#8243; overlay_alpha=&#8221;50&#8243; shift_x=&#8221;0&#8243; shift_y=&#8221;0&#8243; shift_y_down=&#8221;0&#8243; z_index=&#8221;0&#8243; medium_width=&#8221;0&#8243; mobile_width=&#8221;0&#8243; width=&#8221;1\/4&#8243; uncode_shortcode_id=&#8221;101387&#8243;][vc_single_image media=&#8221;99893&#8243; media_width_percent=&#8221;100&#8243; uncode_shortcode_id=&#8221;128482&#8243; media_link=&#8221;url:https%3A%2F%2Fwww.editorialelpirata.com%2Fca%2Fproducto%2Fels-basquet-prodigis-el-torneig-dels-somnis%2F|title:ELS%20B%C3%80SQUET%20PRODIGIS-%20EL%20TORNEIG%20DELS%20SOMNIS|target:_blank&#8221;][vc_column_text uncode_shortcode_id=&#8221;989783&#8243;]<\/p>\n<h2>El torneig dels somnis<\/h2>\n<p>A <strong><em>El torneig dels somnis<\/em><\/strong>, en Joel i el seu millor amic, en Berm\u00fadez, s&#8217;hauran de posar les piles si pensen aprovar Educaci\u00f3 F\u00edsica aquest any, perqu\u00e8 el seu nou professor, el <em>coach<\/em> Evans, \u00e9s m\u00e9s estricte que un sergent. Ha arribat l&#8217;hora de posar-se en forma i, per fer-ho, no se&#8217;ls acudeix res millor que\u2026 formar el seu propi equip de b\u00e0squet i guanyar un campionat! Cosa que, sens dubte, seria molt m\u00e9s senzilla si algun dels molt variats membres de l&#8217;equip tingu\u00e9s la menor idea de jugar al b\u00e0squet.[\/vc_column_text][vc_button button_color=&#8221;color-390865&#8243; border_width=&#8221;0&#8243; button_color_type=&#8221;uncode-palette&#8221; uncode_shortcode_id=&#8221;176811&#8243; link=&#8221;url:https%3A%2F%2Fwww.yumpu.com%2Fxx%2Fdocument%2Fview%2F68554473%2Fels-basquet-prodigis-vol1-el-torneig-dels-somnis|title:El%20torneig%20dels%20somnis|target:_blank&#8221;]Navega pel Llibre[\/vc_button][vc_button button_color=&#8221;color-390865&#8243; border_width=&#8221;0&#8243; button_color_type=&#8221;uncode-palette&#8221; uncode_shortcode_id=&#8221;123181&#8243; link=&#8221;url:https%3A%2F%2Fwww.editorialelpirata.com%2Fca%2Fproducte%2Fels-basquet-prodigis-el-torneig-dels-somnis%2F|title:El%20torneig%20del%20somnis|target:_blank&#8221;]COMPRAR[\/vc_button][\/vc_column][vc_column column_width_percent=&#8221;100&#8243; align_horizontal=&#8221;align_center&#8221; gutter_size=&#8221;3&#8243; overlay_alpha=&#8221;50&#8243; shift_x=&#8221;0&#8243; shift_y=&#8221;0&#8243; shift_y_down=&#8221;0&#8243; z_index=&#8221;0&#8243; medium_width=&#8221;0&#8243; mobile_width=&#8221;0&#8243; width=&#8221;1\/4&#8243; uncode_shortcode_id=&#8221;586391&#8243;][vc_single_image media=&#8221;100173&#8243; media_width_percent=&#8221;100&#8243; uncode_shortcode_id=&#8221;235186&#8243; media_link=&#8221;url:https%3A%2F%2Fwww.editorialelpirata.com%2Fca%2Fproducto%2Fels-basquet-prodigis-el-misteri-dels-joves-dor%2F|title:ELS%20B%C3%80SQUET%20PRODIGIS-%20El%20misteri%20dels%20joves%20d&#8217;or|target:_blank&#8221;][vc_column_text uncode_shortcode_id=&#8221;213427&#8243;]<\/p>\n<h2 style=\"text-align: center;\">El misteri dels Joves d\u2019Or<\/h2>\n<p>A <strong><em>El misteri dels Joves d\u2019Or<\/em><\/strong>, en Joel i els seus amics s\u2019enfrontaran als Joves d\u2019Or en un campionat a partit \u00fanic. Per\u00f2 es trobaran amb un gran problema: els B\u00e0squet Prodigis no tenen ni idea de qui s\u00f3n els Joves d\u2019Or i, si no guanyen el campionat, desapareixeran per sempre. Seran capa\u00e7os de v\u00e8ncer l\u2019equip misteri\u00f3s?[\/vc_column_text][vc_button button_color=&#8221;color-390865&#8243; border_width=&#8221;0&#8243; button_color_type=&#8221;uncode-palette&#8221; uncode_shortcode_id=&#8221;674515&#8243; link=&#8221;url:https%3A%2F%2Fwww.yumpu.com%2Fxx%2Fdocument%2Fview%2F68744755%2Fels-basquet-prodigis-el-misteri-dels-joves-dor|title:El%20misteri%20dels%20joves%20d&#8217;or|target:_blank&#8221;]Navega pel Llibre[\/vc_button][vc_button button_color=&#8221;color-390865&#8243; border_width=&#8221;0&#8243; button_color_type=&#8221;uncode-palette&#8221; uncode_shortcode_id=&#8221;362795&#8243; link=&#8221;url:https%3A%2F%2Fwww.editorialelpirata.com%2Fca%2FProducte%2Fbasquet-prodigis-misteri%2F|title:El%20misteri%20dels%20joves%20d&#8217;or|target:_blank&#8221;]COMPRAR[\/vc_button][\/vc_column][vc_column column_width_percent=&#8221;100&#8243; align_horizontal=&#8221;align_center&#8221; gutter_size=&#8221;3&#8243; overlay_alpha=&#8221;50&#8243; shift_x=&#8221;0&#8243; shift_y=&#8221;0&#8243; shift_y_down=&#8221;0&#8243; z_index=&#8221;0&#8243; medium_width=&#8221;0&#8243; mobile_width=&#8221;0&#8243; width=&#8221;1\/4&#8243; uncode_shortcode_id=&#8221;174840&#8243;][vc_single_image media=&#8221;100185&#8243; media_width_percent=&#8221;100&#8243; uncode_shortcode_id=&#8221;689049&#8243; media_link=&#8221;url:https%3A%2F%2Fwww.editorialelpirata.com%2Fca%2Fproducte%2Fbasquet-prodigis-profecia-escorpi%2F|title:LA%20PROFEC%C3%8DA%20DE%20L%E2%80%99ESCORP%C3%8D|target:_blank&#8221;][vc_column_text uncode_shortcode_id=&#8221;638317&#8243;]<\/p>\n<h2 style=\"text-align: center;\"><strong>La profecia de l&#8217;escorp\u00ed<\/strong><\/h2>\n<p style=\"text-align: center;\">A\u00a0<em>La profecia de\u00a0<\/em><em>l\u2019escorp\u00ed<\/em>, els B\u00e0squet Prodigis s\u2019enfronten al repte m\u00e9s dif\u00edcil que mai han hagut d\u2019afrontar: la fam\u00edlia m\u00e9s rica de la ciutat els ha convidat a la seva gran mansi\u00f3 per participar en un torneig a partit \u00fanic. Els seus rivals? Els Samurais de Bronze, el millor equip de b\u00e0squet infantil del m\u00f3n. La seva \u00fanica esperan\u00e7a per derrotar-los? L\u2019\u00ab<strong>escorp\u00ed<\/strong>\u00bb de la profecia.<\/p>\n<p>[\/vc_column_text][vc_button button_color=&#8221;color-390865&#8243; border_width=&#8221;0&#8243; button_color_type=&#8221;uncode-palette&#8221; uncode_shortcode_id=&#8221;168675&#8243; link=&#8221;url:https%3A%2F%2Fwww.yumpu.com%2Fxx%2Fdocument%2Fview%2F69715276%2Fels-basquet-prodigis-la-profecia-de-lescorpi|title:La%20profecia%20de%20l&#8217;escorp%C3%AD|target:_blank&#8221;]Navega pel Llibre[\/vc_button][vc_button button_color=&#8221;color-390865&#8243; border_width=&#8221;0&#8243; button_color_type=&#8221;uncode-palette&#8221; uncode_shortcode_id=&#8221;737588&#8243; link=&#8221;url:https%3A%2F%2Fwww.editorialelpirata.com%2Fca%2Fproducte%2Fbasquet-prodigis-profecia-escorpi%2F|title:%20La%20profecia%20de%20l&#8217;escorp%C3%AD|target:_blank&#8221;]COMPRAR[\/vc_button][\/vc_column][vc_column column_width_percent=&#8221;100&#8243; align_horizontal=&#8221;align_center&#8221; gutter_size=&#8221;3&#8243; overlay_alpha=&#8221;50&#8243; shift_x=&#8221;0&#8243; shift_y=&#8221;0&#8243; shift_y_down=&#8221;0&#8243; z_index=&#8221;0&#8243; medium_width=&#8221;0&#8243; mobile_width=&#8221;0&#8243; width=&#8221;1\/4&#8243; uncode_shortcode_id=&#8221;200183&#8243;][vc_single_image media=&#8221;104744&#8243; media_width_percent=&#8221;100&#8243; uncode_shortcode_id=&#8221;147380&#8243; media_link=&#8221;url:https%3A%2F%2Fwww.editorialelpirata.com%2Fca%2FProducte%2Ftravessia-guerrer-basquet%2F|title:LA%20TRAVESS%C3%8DA%20DEL%20GUERRER%20(Els%20B%C3%A0squet%20Prodigis%204)|target:_blank&#8221;][vc_column_text uncode_shortcode_id=&#8221;206998&#8243;]<\/p>\n<h3><strong> La travessia del guerrer<\/strong><\/h3>\n<p>En<strong> La travessia del guerrer<\/strong>, els B\u00e0squet Prodigis viatgen a la jungla per resoldre un conflicte entre dues escoles de karate. Guanyar un partit contra uns karatekes que gaireb\u00e9 no han jugat mai a b\u00e0squet sembla una tasca senzilla, per\u00f2 qu\u00e8 hi t\u00e9 a veure l\u2019antiga llegenda de la travessia del guerrer? I on ha anat a parar la Duna?[\/vc_column_text][vc_button button_color=&#8221;color-390865&#8243; border_width=&#8221;0&#8243; button_color_type=&#8221;uncode-palette&#8221; uncode_shortcode_id=&#8221;176037&#8243; link=&#8221;url:https%3A%2F%2Fwww.yumpu.com%2Fxx%2Fdocument%2Fview%2F70759657%2Fla-travessia-del-guerrer-els-basquet-prodigis-4|title:LA%20TRAVESS%C3%8DA%20DEL%20GUERRER%20(Els%20B%C3%A0squet%20Prodigis%204)|target:_blank&#8221;]Navega pel Llibre[\/vc_button][vc_button button_color=&#8221;color-390865&#8243; border_width=&#8221;0&#8243; button_color_type=&#8221;uncode-palette&#8221; uncode_shortcode_id=&#8221;182101&#8243; link=&#8221;url:https%3A%2F%2Fwww.editorialelpirata.com%2Fca%2FProducte%2Ftravessia-guerrer-basquet%2F|title:LA%20TRAVESS%C3%8DA%20DEL%20GUERRER%20(Els%20B%C3%A0squet%20Prodigis%204)|target:_blank&#8221;]COMPRAR[\/vc_button][\/vc_column][\/vc_row][vc_row row_height_percent=&#8221;0&#8243; back_color=&#8221;color-390865&#8243; overlay_alpha=&#8221;50&#8243; gutter_size=&#8221;3&#8243; column_width_percent=&#8221;100&#8243; shift_y=&#8221;0&#8243; z_index=&#8221;0&#8243; content_parallax=&#8221;0&#8243; uncode_shortcode_id=&#8221;624289&#8243; back_color_type=&#8221;uncode-palette&#8221;][vc_column column_width_percent=&#8221;100&#8243; align_horizontal=&#8221;align_center&#8221; gutter_size=&#8221;3&#8243; overlay_alpha=&#8221;50&#8243; shift_x=&#8221;0&#8243; shift_y=&#8221;0&#8243; shift_y_down=&#8221;0&#8243; z_index=&#8221;0&#8243; medium_width=&#8221;0&#8243; mobile_width=&#8221;0&#8243; width=&#8221;1\/2&#8243; uncode_shortcode_id=&#8221;850963&#8243;][vc_single_image media=&#8221;100178&#8243; media_width_percent=&#8221;100&#8243; alignment=&#8221;center&#8221; shadow=&#8221;yes&#8221; uncode_shortcode_id=&#8221;679918&#8243; media_link=&#8221;url:https%3A%2F%2Fwww.editorialelpirata.com%2Fca%2Fproducto%2Fels-basquet-prodigis-el-torneig-dels-somnis%2F|title:ELS%20B%C3%80SQUET%20PRODIGIS-%20EL%20TORNEIG%20DELS%20SOMNIS|target:_blank&#8221;][\/vc_column][vc_column column_width_percent=&#8221;100&#8243; align_horizontal=&#8221;align_center&#8221; gutter_size=&#8221;3&#8243; overlay_alpha=&#8221;50&#8243; shift_x=&#8221;0&#8243; shift_y=&#8221;0&#8243; shift_y_down=&#8221;0&#8243; z_index=&#8221;0&#8243; medium_width=&#8221;0&#8243; mobile_width=&#8221;0&#8243; width=&#8221;1\/2&#8243; uncode_shortcode_id=&#8221;586391&#8243;][vc_single_image media=&#8221;100181&#8243; media_width_percent=&#8221;100&#8243; alignment=&#8221;center&#8221; shadow=&#8221;yes&#8221; uncode_shortcode_id=&#8221;148089&#8243; media_link=&#8221;url:https%3A%2F%2Fwww.editorialelpirata.com%2Fca%2Fproducto%2Fels-basquet-prodigis-el-misteri-dels-joves-dor%2F|title:ELS%20B%C3%80SQUET%20PRODIGIS-%20El%20misteri%20dels%20joves%20d&#8217;or|target:_blank&#8221;][\/vc_column][\/vc_row][vc_row][vc_column width=&#8221;2\/3&#8243;][uncode_index el_id=&#8221;index-320942&#8243; loop=&#8221;size:4|order_by:date|post_type:product|by_id:104348,104320|taxonomy_count:10&#8243; gutter_size=&#8221;3&#8243; single_overlay_opacity=&#8221;50&#8243; single_padding=&#8221;2&#8243; uncode_shortcode_id=&#8221;277436&#8243;][vc_column_text uncode_shortcode_id=&#8221;102679&#8243;]<\/p>\n<h1 style=\"text-align: center;\"><strong>Pack especial!<\/strong><\/h1>\n<h3 style=\"text-align: center;\"><strong>Estoig Els B\u00e0squet Prodigis &#8211; 2 llibres + 1 minipilota de b\u00e0squet<\/strong><\/h3>\n<p>[\/vc_column_text][\/vc_column][vc_column column_width_percent=&#8221;100&#8243; align_horizontal=&#8221;align_center&#8221; gutter_size=&#8221;3&#8243; back_color=&#8221;color-uydo&#8221; overlay_alpha=&#8221;50&#8243; shift_x=&#8221;0&#8243; shift_y=&#8221;0&#8243; shift_y_down=&#8221;0&#8243; z_index=&#8221;0&#8243; medium_width=&#8221;0&#8243; mobile_width=&#8221;0&#8243; width=&#8221;1\/3&#8243; uncode_shortcode_id=&#8221;101699&#8243; back_color_type=&#8221;uncode-palette&#8221;][vc_single_image media=&#8221;103197&#8243; media_width_percent=&#8221;100&#8243; uncode_shortcode_id=&#8221;194605&#8243;][vc_column_text uncode_shortcode_id=&#8221;183841&#8243;]<\/p>\n<h3 style=\"text-align: center;\">No nom\u00e9s llegeixes, tamb\u00e9 jugues! Amb la compra d\u2019un llibre de la col\u00b7lecci\u00f3, rep un regal de stickers que et far\u00e0 voler m\u00e9s i m\u00e9s aventures.<\/h3>\n<p>[\/vc_column_text][\/vc_column][\/vc_row][vc_row][vc_column width=&#8221;1\/1&#8243;][vc_separator sep_color=&#8221;,Default&#8221;][vc_column_text uncode_shortcode_id=&#8221;143417&#8243;]<strong>Els t\u00edtols de la col\u00b7lecci\u00f3:<\/strong><\/p>\n<ol>\n<li><a href=\"https:\/\/www.editorialelpirata.com\/ca\/producto\/els-basquet-prodigis-el-torneig-dels-somnis\/\" target=\"_blank\" rel=\"noopener\">El torneig dels somnis<\/a><\/li>\n<li><a href=\"https:\/\/www.editorialelpirata.com\/ca\/producto\/els-basquet-prodigis-el-misteri-dels-joves-dor\/\" target=\"_blank\" rel=\"noopener\">El misteri dels Joves d\u2019Or<\/a><\/li>\n<li><a href=\"https:\/\/www.editorialelpirata.com\/ca\/producte\/basquet-prodigis-profecia-escorpi\/\" target=\"_blank\" rel=\"noopener\">La profecia de l\u2019escorp\u00ed<\/a><\/li>\n<li><a href=\"https:\/\/www.editorialelpirata.com\/ca\/Producte\/travessia-guerrer-basquet\/\" target=\"_blank\" rel=\"noopener\">La travessia del guerrer<\/a><\/li>\n<\/ol>\n<p>[\/vc_column_text][vc_column_text uncode_shortcode_id=&#8221;127743&#8243;]Otras colecciones de humor y aventuras de Editorial el Pirata:<\/p>\n<ul>\n<li><a href=\"https:\/\/www.editorialelpirata.com\/libros-lectura-facil-ninos\/\" target=\"_blank\" rel=\"noopener\">Los l\u00edos de Judith y Johan<\/a><\/li>\n<li><a href=\"https:\/\/www.editorialelpirata.com\/exploradores-tiempo\/\" target=\"_blank\" rel=\"noopener\">Los Exploradores del Tiempo<\/a><\/li>\n<li><a href=\"https:\/\/www.editorialelpirata.com\/ca\/historia-per-a-nens\/\" target=\"_blank\" rel=\"noopener\">Historia il\u00b7lustrada per a nens<\/a><\/li>\n<\/ul>\n<p>[\/vc_column_text][\/vc_column][\/vc_row]<\/p>\n<\/div>","protected":false},"excerpt":{"rendered":"<p>[vc_row row_height_percent=&#8221;0&#8243; overlay_alpha=&#8221;50&#8243; gutter_size=&#8221;3&#8243; column_width_percent=&#8221;100&#8243; shift_y=&#8221;0&#8243; z_index=&#8221;0&#8243; uncode_shortcode_id=&#8221;374247&#8243;][vc_column width=&#8221;1\/1&#8243;][vc_single_image media=&#8221;105195&#8243; media_width_percent=&#8221;100&#8243; medium_visibility=&#8221;yes&#8221; mobile_visibility=&#8221;yes&#8221; uncode_shortcode_id=&#8221;564150&#8243; media_link=&#8221;url:https%3A%2F%2Fwww.editorialelpirata.com%2Fca%2FProducte%2Ftravessia-guerrer-basquet%2F|title:Els%20B%C3%A0squet%20Prodigis%204%20%E2%80%93%20LA%20TRAVESSIA%20DEL%20GUERRER|target:_blank&#8221;][vc_column_text uncode_shortcode_id=&#8221;218952&#8243;] Els B\u00e0squet Prodigis: descobreix [&hellip;]<\/p>\n","protected":false},"author":26,"featured_media":103197,"parent":0,"menu_order":0,"comment_status":"closed","ping_status":"closed","template":"","meta":{"footnotes":""},"class_list":["post-100161","page","type-page","status-publish","has-post-thumbnail","hentry"],"_links":{"self":[{"href":"https:\/\/www.editorialelpirata.com\/ca\/wp-json\/wp\/v2\/pages\/100161","targetHints":{"allow":["GET"]}}],"collection":[{"href":"https:\/\/www.editorialelpirata.com\/ca\/wp-json\/wp\/v2\/pages"}],"about":[{"href":"https:\/\/www.editorialelpirata.com\/ca\/wp-json\/wp\/v2\/types\/page"}],"author":[{"embeddable":true,"href":"https:\/\/www.editorialelpirata.com\/ca\/wp-json\/wp\/v2\/users\/26"}],"replies":[{"embeddable":true,"href":"https:\/\/www.editorialelpirata.com\/ca\/wp-json\/wp\/v2\/comments?post=100161"}],"version-history":[{"count":47,"href":"https:\/\/www.editorialelpirata.com\/ca\/wp-json\/wp\/v2\/pages\/100161\/revisions"}],"predecessor-version":[{"id":105304,"href":"https:\/\/www.editorialelpirata.com\/ca\/wp-json\/wp\/v2\/pages\/100161\/revisions\/105304"}],"wp:featuredmedia":[{"embeddable":true,"href":"https:\/\/www.editorialelpirata.com\/ca\/wp-json\/wp\/v2\/media\/103197"}],"wp:attachment":[{"href":"https:\/\/www.editorialelpirata.com\/ca\/wp-json\/wp\/v2\/media?parent=100161"}],"curies":[{"name":"wp","href":"https:\/\/api.w.org\/{rel}","templated":true}]}}