{"id":100059,"date":"2018-07-13T10:48:45","date_gmt":"2018-07-13T10:48:45","guid":{"rendered":"https:\/\/www.editorialelpirata.com\/?page_id=100059"},"modified":"2025-04-29T10:37:40","modified_gmt":"2025-04-29T10:37:40","slug":"drac-pasqual-descobreix-el-mon","status":"publish","type":"page","link":"https:\/\/www.editorialelpirata.com\/ca\/drac-pasqual-descobreix-el-mon\/","title":{"rendered":"Col\u00b7lecci\u00f3 El drac Pasqual descobreix el m\u00f3n"},"content":{"rendered":"<div class=\"wpb-content-wrapper\"><p>[vc_row][vc_column][vc_custom_heading uncode_shortcode_id=&#8221;162252&#8243;]<\/p>\n<h1>Contes en lletra lligada per descobrir el m\u00f3n<\/h1>\n<p>[\/vc_custom_heading][vc_column_text uncode_shortcode_id=&#8221;102420&#8243;]<\/p>\n<h2>El drac Pasqual \u00e9s una col\u00b7lecci\u00f3 de<strong> lletra lligada<\/strong> a on es descobreixen els continents del planeta Terra de forma divertida i amena.<\/h2>\n<p>Els llibres s\u00f3n interactius, ja que el mateix protagonista fa preguntes als lectors.<\/p>\n<blockquote>\n<h3>&#8220;Sens dubte, <strong>El drac pasqual descobreix el m\u00f3n \u00e9s una col\u00b7lecci\u00f3 molt completa<\/strong>: entretinguda, amb bons valors, educativa i interactiva.&#8221;<\/h3>\n<h4><a href=\"https:\/\/pekeleke.es\/libros\/pascual-el-dragon-descubre-la-antartida\/\" target=\"_blank\" rel=\"noopener\">Pekeleke<\/a><\/h4>\n<\/blockquote>\n<p>&nbsp;<\/p>\n<h4><a href=\"https:\/\/www.editorialelpirata.com\/ca\/Producte\/lot-de-6-contes-en-lletra-lligada-per-a-nens\/\"><img decoding=\"async\" class=\"aligncenter wp-image-7198 size-full\" src=\"https:\/\/web.archive.org\/web\/20220620094632\/https:\/\/www.edicionsdelpirata.cat\/wp-content\/uploads\/2020\/09\/1r-cicle-Lot-2-contes-lligada-cat-Pasqual.jpg\" alt=\"lletra lligada contes, el drac pasqual descobreix el mon, drac pasqual, aprendre els continents, llibres infantils, contes educatius,\" width=\"900\" height=\"500\" title=\"\"><\/a><\/h4>\n<h2>Aprendre a llegir amb lletra lligada<\/h2>\n<p>S\u00f3n llibres divertits i interactius. Cada conte \u00e9s d&#8217;un continent diferent de la Terra.[\/vc_column_text][uncode_index el_id=&#8221;index-272580&#8243; loop=&#8221;size:All|order_by:rand|post_type:product|tax_query:2342|taxonomy_count:10&#8243; screen_lg=&#8221;1000&#8243; screen_md=&#8221;600&#8243; screen_sm=&#8221;480&#8243; gutter_size=&#8221;3&#8243; product_items=&#8221;title,media|featured|onpost|original|hide-sale|inherit-atc|inherit-w-atc|atc-typo-default|show-atc,link|default|default_size|scale_mobile|Comprar&#8221; single_overlay_opacity=&#8221;50&#8243; single_h_align=&#8221;center&#8221; single_padding=&#8221;2&#8243; uncode_shortcode_id=&#8221;110831&#8243;][vc_column_text uncode_shortcode_id=&#8221;108518&#8243;]<\/p>\n<p style=\"text-align: left;\"><strong>T\u00edtols de la col\u00b7lecci\u00f3 El drac Pasqual descobreix el m\u00f3n:<\/strong><\/p>\n<p style=\"text-align: left;\">1- <a href=\"https:\/\/www.editorialelpirata.com\/ca\/Producte\/drac-pasqual-descobreix-antartida-llibres-lletra-lligada\/\" target=\"_blank\" rel=\"noopener\">El drac Pasqual descobreix l&#8217;Ant\u00e0rtida<\/a><br \/>\n2- <a href=\"https:\/\/www.editorialelpirata.com\/ca\/Producte\/drac-pasqual-descobreix-asia-llibres-5-anys\/\" target=\"_blank\" rel=\"noopener\">El drac Pasqual descobreix l&#8217;\u00c0sia<\/a><br \/>\n3- <a href=\"https:\/\/www.editorialelpirata.com\/ca\/Producte\/drac-pasqual-descobreix-africa-llibres-5-anys\/\" target=\"_blank\" rel=\"noopener\">El drac Pasqual descobreix l&#8217;\u00c0frica<\/a><br \/>\n4- <a href=\"https:\/\/www.editorialelpirata.com\/ca\/Producte\/drac-pasqual-descobreix-america-llibres-6-anys\/\" target=\"_blank\" rel=\"noopener\">El drac Pasqual descobreix Am\u00e8rica<\/a><br \/>\n5- <a href=\"https:\/\/www.editorialelpirata.com\/ca\/Producte\/drac-pasqual-descobreix-europa-llibres-6-anys\/\" target=\"_blank\" rel=\"noopener\">El drac Pasqual descobreix Europa<\/a><br \/>\n6- <a href=\"https:\/\/www.editorialelpirata.com\/ca\/Producte\/drac-pasqual-descobreix-oceania-llibres-6-anys\/\" target=\"_blank\" rel=\"noopener\">El drac Pasqual descobreix Oceania<\/a><\/p>\n<p>[\/vc_column_text][vc_column_text uncode_shortcode_id=&#8221;157475&#8243;]<\/p>\n<hr \/>\n<p><strong>Sobre la col\u00b7lecci\u00f3<\/strong><\/p>\n<p><a href=\"https:\/\/literatil.com\/2017\/03\/28\/pascual-dragon-descubre-mundo\/\" target=\"_blank\" rel=\"noopener\">Literatil<\/a> &#8211; &#8220;Els relats s\u00f3n convincents. S\u00f3n tots coherents. S\u00f3n tots coincidents. Descripcions similars dibuixen un mateix monstre. Descripcions semblants perfilen una mateixa personalitat. Aix\u00ed doncs, sembla real. Un drac! Un drac ens ha vingut a visitar!&#8221;<\/p>\n<p><a href=\"https:\/\/espacioderoli.blogspot.com.es\/2017\/03\/pascual-el-dragon-descubre-resena.html\" target=\"_blank\" rel=\"noopener\">Espacio de Roli<\/a> &#8211; &#8220;En algunes parts de la hist\u00f2ria es demana al lector que respongui preguntes o assoleixi reptes, aix\u00ed que crea una connexi\u00f3 especial amb ell. Aquesta interacci\u00f3 ajuda a mantenir-se motivat i amb ganes d&#8217;aprendre.&#8221;<\/p>\n<p>Educadiver &#8211; &#8220;<span class=\"s1\">Max Olivetti ens mostra amb en Pasqual un nen drac, amb un llenguatge de nen, preguntes de nen i viv\u00e8ncies de nen. Aix\u00f2 ajuda els primers lectors en la comprensi\u00f3 del text, ja que en Pasqual explica les seves aventures tal i com ho faria l&#8217;amic del pupitre del costat.&#8221;<\/span><\/p>\n<p><a href=\"https:\/\/crianzaconapegoyliteratura.blogspot.com.es\/2017\/04\/pascual-el-dragon-descubre-el-mundo.html\" target=\"_blank\" rel=\"noopener\">Crianza con apego<\/a> &#8211; &#8220;El protagonista parla directament als lectors, els convida a participar (cantant o dibuixant) i, en ocasions, fins i tot els fa algunes preguntes.&#8221;<\/p>\n<p>&nbsp;<\/p>\n<p><a href=\"https:\/\/www.editorialelpirata.com\/ca\/Producte\/lot-de-6-contes-en-lletra-lligada-per-a-nens\/\"><img decoding=\"async\" class=\"aligncenter wp-image-87245 size-large\" src=\"https:\/\/www.editorialelpirata.com\/wp-content\/uploads\/2024\/10\/Drac_Pasqual_lligada-1.jpg\" alt=\"lletra lligada, drac pasqual, descobreix m\u00f3n, lletra lligada, llibres nens, geografia, llibres 5 anys, llibres 6 anys,\" width=\"840\" height=\"343\" title=\"\"><\/a>[\/vc_column_text][\/vc_column][\/vc_row]<\/p>\n<\/div>","protected":false},"excerpt":{"rendered":"<p>[vc_row][vc_column][vc_custom_heading uncode_shortcode_id=&#8221;162252&#8243;] Contes en lletra lligada per descobrir el m\u00f3n [\/vc_custom_heading][vc_column_text uncode_shortcode_id=&#8221;102420&#8243;] El drac Pasqual \u00e9s una col\u00b7lecci\u00f3 de lletra [&hellip;]<\/p>\n","protected":false},"author":26,"featured_media":89272,"parent":0,"menu_order":0,"comment_status":"closed","ping_status":"closed","template":"","meta":{"footnotes":""},"class_list":["post-100059","page","type-page","status-publish","has-post-thumbnail","hentry"],"_links":{"self":[{"href":"https:\/\/www.editorialelpirata.com\/ca\/wp-json\/wp\/v2\/pages\/100059","targetHints":{"allow":["GET"]}}],"collection":[{"href":"https:\/\/www.editorialelpirata.com\/ca\/wp-json\/wp\/v2\/pages"}],"about":[{"href":"https:\/\/www.editorialelpirata.com\/ca\/wp-json\/wp\/v2\/types\/page"}],"author":[{"embeddable":true,"href":"https:\/\/www.editorialelpirata.com\/ca\/wp-json\/wp\/v2\/users\/26"}],"replies":[{"embeddable":true,"href":"https:\/\/www.editorialelpirata.com\/ca\/wp-json\/wp\/v2\/comments?post=100059"}],"version-history":[{"count":11,"href":"https:\/\/www.editorialelpirata.com\/ca\/wp-json\/wp\/v2\/pages\/100059\/revisions"}],"predecessor-version":[{"id":103343,"href":"https:\/\/www.editorialelpirata.com\/ca\/wp-json\/wp\/v2\/pages\/100059\/revisions\/103343"}],"wp:featuredmedia":[{"embeddable":true,"href":"https:\/\/www.editorialelpirata.com\/ca\/wp-json\/wp\/v2\/media\/89272"}],"wp:attachment":[{"href":"https:\/\/www.editorialelpirata.com\/ca\/wp-json\/wp\/v2\/media?parent=100059"}],"curies":[{"name":"wp","href":"https:\/\/api.w.org\/{rel}","templated":true}]}}